{"id":1257,"date":"2018-11-20T15:51:23","date_gmt":"2018-11-20T14:51:23","guid":{"rendered":"https:\/\/refracol.com\/?page_id=1257"},"modified":"2023-07-20T09:54:16","modified_gmt":"2023-07-20T08:54:16","slug":"datenschutzrichtlinie","status":"publish","type":"page","link":"https:\/\/refracol.com\/de\/datenschutzrichtlinie\/","title":{"rendered":"Datenschutzrichtlinie"},"content":{"rendered":"<p>[vc_row][vc_column][vc_column_text]<em>Wir behalten uns das Recht vor, die Datenschutzrichtlinie jederzeit zu \u00e4ndern. Wir empfehlen Ihnen daher, sie regelm\u00e4\u00dfig zu \u00fcberpr\u00fcfen. Wenn wir \u00c4nderungen vornehmen, werden wir diese auf dieser Seite und an anderen Stellen ver\u00f6ffentlichen, die wir je nach Gegenstand und Bedeutung der vorgenommenen \u00c4nderungen f\u00fcr angemessen halten.<\/em><\/p>\n<p>Wenn du die Seite <a href=\"https:\/\/www.refracol.com\">www.refracol.com<\/a> nach einer \u00c4nderung weiter nutzt, bedeutet dies, dass du diese \u00c4nderungen akzeptierst. Wenn Sie mit wesentlichen \u00c4nderungen an dieser Richtlinie nicht einverstanden sind, sollten Sie die Nutzung der Website <a href=\"https:\/\/www.refracol.com\">www.refracol.com<\/a> einstellen.<\/p>\n<p>Ziel dieser Datenschutzrichtlinie ist es, unser Engagement f\u00fcr den Schutz der Privatsph\u00e4re der Nutzer der von der Gesellschaft <strong>REFRACOL DUPONT et CIE<\/strong> betriebenen Website <a href=\"https:\/\/www.refracol.com\">www.refracol.com<\/a> zu formalisieren.<\/p>\n<p>Im Rahmen der Bereitstellung unserer Website <a href=\"https:\/\/www.refracol.com\">www.refracol.com<\/a> verarbeiten wir Ihre personenbezogenen Daten unter Einhaltung der Allgemeinen Datenschutzverordnung 2016\/679 vom 27. April 2016 (&#8222;DSGVO&#8220;) und unter den im Folgenden dargelegten Bedingungen.<\/p>\n<p>Personenbezogene Daten sind alle Informationen, die sich auf eine identifizierte oder identifizierbare nat\u00fcrliche Person beziehen. Wir erheben und verarbeiten personenbezogene Daten ausschlie\u00dflich im Zusammenhang mit der Erbringung unserer Dienste oder der Kommunikation \u00fcber diese Dienste und in strikter \u00dcbereinstimmung mit der DSGVO.<\/p>\n<p>Wir erheben nur personenbezogene Daten, die angemessen, relevant und auf das f\u00fcr die Zwecke, f\u00fcr die sie verarbeitet werden, erforderliche Ma\u00df beschr\u00e4nkt sind. Sie werden also niemals aufgefordert, personenbezogene Daten anzugeben, die als &#8222;sensibel&#8220; gelten, wie z. B. Ihre rassische oder ethnische Herkunft, Ihre politischen, philosophischen oder religi\u00f6sen Ansichten.<\/p>\n<p>Indem Sie sich auf der Website registrieren, erteilen Sie uns die Erlaubnis, Ihre personenbezogenen Daten gem\u00e4\u00df der Datenschutzrichtlinie zu verarbeiten. Wenn Sie die Bedingungen dieser Datenschutzrichtlinie nicht akzeptieren, sollten Sie die Website und die Dienste nicht nutzen.<\/p>\n<p>&nbsp;<\/p>\n<h1>Erhebung von personenbezogenen Daten<\/h1>\n<h2>1. Verantwortlicher f\u00fcr die Verarbeitung<\/h2>\n<div>\n<p class=\"Textbody\"><strong>REFRACOL DUPONT et CIE<\/strong> mit Sitz in 35 rue de la Gare &#8211; 59770 Marly &#8211; Frankreich, Handelsregister von Valenciennes Nr. 578 800 153 00038, ist die juristische Person, die f\u00fcr die Verarbeitung der auf der Website gesammelten Daten verantwortlich ist.<\/p>\n<\/div>\n<div>\n<p>&nbsp;<\/p>\n<h2 class=\"Standard\">2. Die gesammelten Daten.<\/h2>\n<\/div>\n<div>\n<p>Die \u00fcber das Kontaktformular erhobenen personenbezogenen Daten sind:<\/p>\n<p>Der Name<br \/>\nDer Vorname<br \/>\nDie vollst\u00e4ndige Adresse<br \/>\nDas Telefon<br \/>\nDie E-Mail-Adresse.<\/p>\n<p>Die auf dem Einstellungsformular erhobenen personenbezogenen Daten sind :<\/p>\n<p>Der Name<br \/>\nDer Vorname<br \/>\nDie vollst\u00e4ndige Adresse<br \/>\nDie Telefonnummer<br \/>\nDie E-Mail-Adresse.<\/p>\n<p>Sie k\u00f6nnen uns auch ein Anschreiben und Ihren Lebenslauf zusenden. Beide Dokumente werden mit der gebotenen R\u00fccksicht auf die darin enthaltenen personenbezogenen Daten behandelt.<\/p>\n<p>Das Unternehmen <strong>REFRACOL DUPONT et CIE<\/strong> hat ein internes Verfahren zur Bearbeitung von Bewerbungsschreiben und Lebenslauf eingef\u00fchrt, das eine Zwischenarchivierung w\u00e4hrend der Dauer der Einstellung und drei (3) Monate nach der Einstellungsperiode vorsieht.<\/p>\n<\/div>\n<div>\n<p>&nbsp;<\/p>\n<h2 class=\"Standard\">3. Der Zweck und die Einwilligung f\u00fcr diese Datenerhebungen sind :<\/h2>\n<\/div>\n<div>\n<p class=\"Standard\">Der Zweck der Datenerhebung \u00fcber das Kontaktformular besteht darin, Interessenten f\u00fcr weitere Informationen, technische Unterlagen, technische Beratung oder ein Preisangebot erneut kontaktieren zu k\u00f6nnen.<\/p>\n<p class=\"Standard\">Die Zustimmung zur Datenverarbeitung wird erteilt, wenn Sie auf dem Kontaktformular das K\u00e4stchen &#8222;<em>Ich habe die Datenschutzbestimmungen gelesen, stimme ihnen vorbehaltlos zu und bin mit der Verarbeitung der gesammelten Daten einverstanden<\/em>&#8220; ankreuzen.<\/p>\n<p class=\"Standard\">Der Zweck der Datenerhebung auf dem Einstellungsformular besteht darin, Personen, die sich f\u00fcr ein Stellenangebot oder eine Initiativbewerbung interessieren, erneut kontaktieren zu k\u00f6nnen.<\/p>\n<p class=\"Standard\">Die Zustimmung zur Datenverarbeitung wird erteilt, wenn Sie auf dem Kontaktformular das K\u00e4stchen &#8222;<em>Ich habe die Datenschutzrichtlinie gelesen, stimme ihr vorbehaltlos zu und stimme der Verarbeitung der gesammelten Daten zu<\/em>&#8220; ankreuzen.<\/p>\n<\/div>\n<p>&nbsp;<\/p>\n<h2>4. Wo werden die von uns gesammelten Daten gespeichert?<\/h2>\n<div>\n<p class=\"Standard\">Die Daten werden in einer Datenbank beim Hosting-Anbieter:<\/p>\n<\/div>\n<div>\n<p class=\"Standard\">OVH &#8211; Datacenter de Gravelines.<br \/>\nRoute de la ferme Masson &#8211; ZI les Huttes &#8211; 59820 Gravelines &#8211; Frankreich.<br \/>\n+33 (0)9 72 10 10 07.<\/p>\n<\/div>\n<p>&nbsp;<\/p>\n<h2>5. Dauer der Speicherung Ihrer personenbezogenen Daten.<\/h2>\n<div>\n<p class=\"Standard\">Die erhobenen Daten werden f\u00fcr die Dauer unserer Beziehung und f\u00fcr ein (1) Jahr nach unserem letzten Austausch gespeichert.<br \/>\nNach Ablauf dieses Jahres werden Ihre Daten gel\u00f6scht.<\/p>\n<p class=\"Standard\">Das Unternehmen <strong>REFRACOL DUPONT et CIE<\/strong> hat ein internes Verfahren zur Bearbeitung von Bewerbungsschreiben und Lebensl\u00e4ufen durch eine Zwischenarchivierung w\u00e4hrend der Dauer der Einstellung und f\u00fcr drei (3) Monate nach der Einstellungsperiode eingef\u00fchrt, am Ende dieser Frist werden diese Dokumente vernichtet.<\/p>\n<p>&nbsp;<\/p>\n<\/div>\n<h2>6. Schutz der erhobenen personenbezogenen Daten.<\/h2>\n<div>\n<p class=\"Standard\">Wir haben technische und organisatorische Sicherheitsma\u00dfnahmen ergriffen, um die Sicherheit, Integrit\u00e4t und Vertraulichkeit all Ihrer personenbezogenen Daten zu gew\u00e4hrleisten und zu verhindern, dass sie verzerrt, besch\u00e4digt oder von unbefugten Dritten eingesehen werden k\u00f6nnen.<br \/>\nWir gew\u00e4hrleisten ein Sicherheitsniveau, das unter Ber\u00fccksichtigung des Wissensstands, der Implementierungskosten und der Art, des Umfangs, des Kontexts und der Zwecke der Verarbeitung sowie der Risiken und ihrer Wahrscheinlichkeit angemessen ist.<\/p>\n<p class=\"Standard\">Es wird jedoch darauf hingewiesen, dass keine Sicherheitsma\u00dfnahme unfehlbar ist und <strong>REFRACOL DUPONT et CIE<\/strong> daher keine absolute Sicherheit f\u00fcr Ihre personenbezogenen Daten garantieren kann.<\/p>\n<p>&nbsp;<\/p>\n<\/div>\n<h2>7. Weitergabe Ihrer personenbezogenen Daten<\/h2>\n<div>\n<h3 class=\"Standard\">7.1 Weitergabe Ihrer personenbezogenen Daten an Drittunternehmen?<\/h3>\n<\/div>\n<div>\n<p class=\"Standard\">Wir geben Ihre personenbezogenen Daten nicht an andere Unternehmen weiter.<\/p>\n<div>\n<h3 class=\"Standard\">7.2 Weitergabe an Beh\u00f6rden<\/h3>\n<div>\n<p class=\"Standard\">Wir k\u00f6nnen Ihre personenbezogenen Daten gegen\u00fcber Verwaltungs- oder Justizbeh\u00f6rden offenlegen, wenn die Offenlegung notwendig ist, um eine Person, die unsere Rechte verletzen k\u00f6nnte, einen anderen Nutzer oder einen Dritten zu identifizieren, anzuhalten oder strafrechtlich zu verfolgen. Schlie\u00dflich k\u00f6nnen wir gesetzlich verpflichtet sein, Ihre personenbezogenen Daten offenzulegen, und k\u00f6nnen uns in diesem Fall nicht dagegen wehren.<\/p>\n<\/div>\n<\/div>\n<\/div>\n<p>&nbsp;<\/p>\n<h2>8. Cookies.<\/h2>\n<h3>8.1 Definition :<\/h3>\n<p>Ein &#8222;Cookie&#8220; oder Tracer ist eine elektronische Datei, die auf einem Endger\u00e4t (Computer, Tablet, Smartphone&#8230;) abgelegt und beispielsweise beim Besuch einer Website, beim Lesen einer E-Mail, bei der Installation oder Nutzung einer Software oder einer mobilen Anwendung gelesen wird, und zwar unabh\u00e4ngig von der Art des verwendeten Endger\u00e4ts (Quelle: https:\/\/www.cnil.fr\/fr\/cookies-traceurs-que-dit-la-loi ). Beim Surfen auf dieser Website k\u00f6nnen &#8222;Cookies&#8220;, die von der f\u00fcr die betreffende Website verantwortlichen Gesellschaft und\/oder von Drittfirmen stammen, auf Ihrem Endger\u00e4t abgelegt werden. Bei der ersten Navigation auf dieser Website erscheint ein Banner, das die Verwendung von &#8222;Cookies&#8220; erl\u00e4utert. Wenn der Kunde und\/oder Interessent die Navigation fortsetzt, gilt er als informiert und hat der Verwendung dieser &#8222;Cookies&#8220; zugestimmt.<\/p>\n<p>Die erteilte Zustimmung ist f\u00fcr einen Zeitraum von dreizehn (13) Monaten g\u00fcltig. Der Nutzer hat die M\u00f6glichkeit, Cookies \u00fcber die Einstellungen seines Browsers zu deaktivieren. Alle gesammelten Informationen werden nur verwendet, um das Volumen, die Art und das Muster des Verkehrs, der diese Website nutzt, zu verfolgen, um das Design und die Anordnung der Website weiterzuentwickeln und f\u00fcr andere Verwaltungs- und Planungszwecke sowie allgemein zur Verbesserung des Service, den wir Ihnen bieten, zu verwenden.<\/p>\n<div>\n<h3 class=\"Textbody\">8.2 Wozu dienen die auf unserer Website ausgegebenen Cookies?<\/h3>\n<\/div>\n<p>Die auf der Website <a href=\"https:\/\/www.refracol.com\">www.refracol.com<\/a>refracol.com ausgegebenen Cookies sind:<\/p>\n<div class=\"cky-audit-table-element\"><\/div>\n<p>&nbsp;<\/p>\n<p><strong>Google-Cookies:<\/strong><\/p>\n<p>&#8211; Google Analytics: erm\u00f6glicht die Messung der Besucherzahlen auf der Website.<\/p>\n<p>&#8211; Google Tag Manager: Erleichtert die Implementierung von Tags auf Seiten und erm\u00f6glicht die Verwaltung von Google Tags.<\/p>\n<p>&#8211; Google Ads: Googles Werbenetzwerk, das Webseiten oder YouTube-Videos als Medium f\u00fcr seine Anzeigen verwendet.<\/p>\n<p>&#8211; Google Dynamic Remarketing: Erm\u00f6glicht es, Ihnen dynamische Werbung auf der Grundlage fr\u00fcherer Suchanfragen anzubieten.<\/p>\n<p>&#8211; Google Adwords Conversion: Tool zur Verfolgung von Adwords-Werbekampagnen.<\/p>\n<p>&#8211; DoubleClick: Werbecookies von Google, um Banner zu schalten.<\/p>\n<p>&#8211; Cookies der Funktionalit\u00e4t, die die korrekte Anzeige der Website erm\u00f6glichen.<\/p>\n<p>Die Lebensdauer dieser Cookies betr\u00e4gt dreizehn Monate.<\/p>\n<p>F\u00fcr weitere Informationen zur Verwendung, Verwaltung und L\u00f6schung von &#8222;Cookies&#8220; f\u00fcr alle Arten von Browsern verweisen wir Sie auf folgenden Link: https:\/\/www.cnil.fr\/fr\/cookies-les-outils-pour-lesmaitriser.<\/p>\n<p>&nbsp;<\/p>\n<h2>9. Rechte der Nutzer.<\/h2>\n<div>\n<p class=\"Textbody\">Sie allein haben uns die Daten, die sich in unserem Besitz befinden, \u00fcber die Website mitgeteilt.<\/p>\n<p class=\"Textbody\">Gem\u00e4\u00df den Vorschriften zum Schutz personenbezogener Daten, insbesondere den Artikeln 15 bis 22 der DSGVO, verf\u00fcgen Sie \u00fcber Rechte in Bezug auf die Erhebung und Verarbeitung Ihrer personenbezogenen Daten, die Sie unter den in den geltenden Vorschriften festgelegten Bedingungen aus\u00fcben k\u00f6nnen, d. h.:<\/p>\n<p class=\"Textbody\">&#8211; Das Recht, auf verst\u00e4ndliche, leicht zug\u00e4ngliche Weise \u00fcber die Verarbeitung Ihrer Daten, die durchgef\u00fchrt wird, informiert zu werden.<br \/>\n&#8211; Das Recht auf Zugang zu Ihren Daten.<br \/>\n&#8211; Das Recht auf Berichtigung und \u00c4nderung Ihrer Daten, die unrichtig oder unvollst\u00e4ndig sind.<br \/>\n&#8211; Das Recht auf L\u00f6schung Ihrer Daten, es sei denn, wir haben gesetzliche oder legitime Gr\u00fcnde, sie aufzubewahren.<br \/>\n&#8211; Das Recht, sich der Verarbeitung zu widersetzen, wenn diese auf dem berechtigten Interesse des f\u00fcr die Verarbeitung Verantwortlichen beruht.<br \/>\n&#8211; Das Recht, bei jeder Verarbeitung und ohne Kosten und ohne Angabe von Gr\u00fcnden gegen die Verwendung Ihrer Daten zu Zwecken der kommerziellen Werbung Einspruch zu erheben,<br \/>\n&#8211; Das Recht auf Einschr\u00e4nkung der Verarbeitung Ihrer personenbezogenen Daten,<br \/>\n&#8211; Das Recht auf \u00dcbertragbarkeit Ihrer Daten, wenn die Verarbeitung auf der Einwilligung oder der Erf\u00fcllung von Vertr\u00e4gen beruht und die Verarbeitung mithilfe automatisierter Verfahren erfolgt.<br \/>\n&#8211; Das Recht, Ihre Einwilligung jederzeit zu widerrufen, wenn die Verarbeitung Ihrer personenbezogenen Daten auf Ihrer Einwilligung beruht.<br \/>\n&#8211; Das Recht, spezifische oder allgemeine Anweisungen bez\u00fcglich der Aufbewahrung, L\u00f6schung und Weitergabe Ihrer personenbezogenen Daten zu erteilen, die nach Ihrem Tod gelten.<br \/>\n&#8211; Das Recht, eine Beschwerde bei der Commission Nationale de l&#8217;Informatique et des Libert\u00e9s (CNIL) 3 Place de Fontenoy &#8211; TSA 80715 75334 PARIS CEDEX 07 &#8211; Frankreich oder auf der Website www.cnil.fr\/fr\/plaintes einzureichen.<\/p>\n<\/div>\n<div>\n<p class=\"Standard\">\n<\/div>\n<p>&nbsp;<\/p>\n<h2>10. Geistiges Eigentum<\/h2>\n<div>\n<p>Tous les \u00e9l\u00e9ments composant le site\u00a0<a href=\"https:\/\/www.refracol.com\">www.refracol.com<\/a><\/p>\n<p>Alle Elemente, aus denen sich die Website <a href=\"https:\/\/www.refracol.com\">www.refracol.com<\/a> zusammensetzt (Texte, Domainname, Bilder, Grafikcharta, Logo, Datenbank usw.), sind durch die Rechte des geistigen Eigentums und des unlauteren Wettbewerbs streng gesch\u00fctzt und ausschlie\u00dfliches Eigentum der <strong>REFRACOL DUPONT et CIE<\/strong>.<\/p>\n<p>Jede vollst\u00e4ndige oder teilweise Vervielf\u00e4ltigung oder Darstellung der Website <a href=\"https:\/\/www.refracol.com\">www.refracol.com<\/a> und\/oder eines oder mehrerer ihrer Elemente ist ohne vorherige schriftliche Genehmigung von <strong>REFRACOL DUPONT et CIE<\/strong> strengstens untersagt.<\/p>\n<p>&nbsp;<\/p>\n<\/div>\n<h2>11. Kontakt.<\/h2>\n<div>\n<p class=\"Textbody\">Sie k\u00f6nnen sich bei Fragen zu Ihren personenbezogenen Daten und\/oder zur Aus\u00fcbung Ihrer Rechte mit unserem Datenschutzbeauftragten in Verbindung setzen, indem Sie Ihrer Anfrage eine Kopie eines Identit\u00e4tsnachweises beif\u00fcgen.<\/p>\n<\/div>\n<div><\/div>\n<div>\n<p class=\"Standard\">Unternehmen <b>CARTIER-RGPD<br \/>\n<\/b>Herr Cartier Micha\u00ebl<br \/>\n<a href=\"mailto:m.cartier@cartier-rgpd.com\">m.cartier@cartier-rgpd.com<\/a><br \/>\n69 rue Pierre et Marie Curie &#8211; 59300 Aulnoy-lez-Valenciennes &#8211; Frankreich.<br \/>\n+33 (0)7 57 82 61 81<\/p>\n<\/div>\n<p>[\/vc_column_text][\/vc_column][\/vc_row]<\/p>\n","protected":false},"excerpt":{"rendered":"<p>[vc_row][vc_column][vc_column_text]Wir behalten uns das Recht vor, die Datenschutzrichtlinie jederzeit zu \u00e4ndern. Wir empfehlen Ihnen daher, sie regelm\u00e4\u00dfig zu \u00fcberpr\u00fcfen. Wenn wir \u00c4nderungen vornehmen, werden wir diese auf dieser Seite und an anderen Stellen ver\u00f6ffentlichen, die wir je nach Gegenstand und Bedeutung der vorgenommenen \u00c4nderungen f\u00fcr angemessen halten. Wenn du die Seite www.refracol.com nach einer \u00c4nderung [&hellip;]<\/p>\n","protected":false},"author":1,"featured_media":0,"parent":0,"menu_order":0,"comment_status":"closed","ping_status":"closed","template":"","meta":{"footnotes":""},"class_list":["post-1257","page","type-page","status-publish","hentry"],"yoast_head":"<!-- This site is optimized with the Yoast SEO plugin v26.8 - https:\/\/yoast.com\/product\/yoast-seo-wordpress\/ -->\n<title>Datenschutzrichtlinie - Refracol Dupont &amp; Cie<\/title>\n<meta name=\"robots\" content=\"index, follow, max-snippet:-1, max-image-preview:large, max-video-preview:-1\" \/>\n<link rel=\"canonical\" href=\"https:\/\/refracol.com\/de\/datenschutzrichtlinie\/\" \/>\n<meta property=\"og:locale\" content=\"de_DE\" \/>\n<meta property=\"og:type\" content=\"article\" \/>\n<meta property=\"og:title\" content=\"Datenschutzrichtlinie - Refracol Dupont &amp; Cie\" \/>\n<meta property=\"og:description\" content=\"[vc_row][vc_column][vc_column_text]Wir behalten uns das Recht vor, die Datenschutzrichtlinie jederzeit zu \u00e4ndern. Wir empfehlen Ihnen daher, sie regelm\u00e4\u00dfig zu \u00fcberpr\u00fcfen. Wenn wir \u00c4nderungen vornehmen, werden wir diese auf dieser Seite und an anderen Stellen ver\u00f6ffentlichen, die wir je nach Gegenstand und Bedeutung der vorgenommenen \u00c4nderungen f\u00fcr angemessen halten. Wenn du die Seite www.refracol.com nach einer \u00c4nderung [&hellip;]\" \/>\n<meta property=\"og:url\" content=\"https:\/\/refracol.com\/de\/datenschutzrichtlinie\/\" \/>\n<meta property=\"og:site_name\" content=\"Refracol Dupont &amp; Cie\" \/>\n<meta property=\"article:modified_time\" content=\"2023-07-20T08:54:16+00:00\" \/>\n<meta name=\"twitter:card\" content=\"summary_large_image\" \/>\n<meta name=\"twitter:label1\" content=\"Gesch\u00e4tzte Lesezeit\" \/>\n\t<meta name=\"twitter:data1\" content=\"8\u00a0Minuten\" \/>\n<script type=\"application\/ld+json\" class=\"yoast-schema-graph\">{\"@context\":\"https:\/\/schema.org\",\"@graph\":[{\"@type\":\"WebPage\",\"@id\":\"https:\/\/refracol.com\/de\/datenschutzrichtlinie\/\",\"url\":\"https:\/\/refracol.com\/de\/datenschutzrichtlinie\/\",\"name\":\"Datenschutzrichtlinie - Refracol Dupont &amp; Cie\",\"isPartOf\":{\"@id\":\"https:\/\/refracol.com\/#website\"},\"datePublished\":\"2018-11-20T14:51:23+00:00\",\"dateModified\":\"2023-07-20T08:54:16+00:00\",\"breadcrumb\":{\"@id\":\"https:\/\/refracol.com\/de\/datenschutzrichtlinie\/#breadcrumb\"},\"inLanguage\":\"de\",\"potentialAction\":[{\"@type\":\"ReadAction\",\"target\":[\"https:\/\/refracol.com\/de\/datenschutzrichtlinie\/\"]}]},{\"@type\":\"BreadcrumbList\",\"@id\":\"https:\/\/refracol.com\/de\/datenschutzrichtlinie\/#breadcrumb\",\"itemListElement\":[{\"@type\":\"ListItem\",\"position\":1,\"name\":\"Accueil\",\"item\":\"https:\/\/refracol.com\/de\/\"},{\"@type\":\"ListItem\",\"position\":2,\"name\":\"Datenschutzrichtlinie\"}]},{\"@type\":\"WebSite\",\"@id\":\"https:\/\/refracol.com\/#website\",\"url\":\"https:\/\/refracol.com\/\",\"name\":\"Refracol Dupont &amp; Cie\",\"description\":\"Des r\u00e9fractaires de hautes performances\",\"potentialAction\":[{\"@type\":\"SearchAction\",\"target\":{\"@type\":\"EntryPoint\",\"urlTemplate\":\"https:\/\/refracol.com\/?s={search_term_string}\"},\"query-input\":{\"@type\":\"PropertyValueSpecification\",\"valueRequired\":true,\"valueName\":\"search_term_string\"}}],\"inLanguage\":\"de\"}]}<\/script>\n<!-- \/ Yoast SEO plugin. -->","yoast_head_json":{"title":"Datenschutzrichtlinie - Refracol Dupont &amp; Cie","robots":{"index":"index","follow":"follow","max-snippet":"max-snippet:-1","max-image-preview":"max-image-preview:large","max-video-preview":"max-video-preview:-1"},"canonical":"https:\/\/refracol.com\/de\/datenschutzrichtlinie\/","og_locale":"de_DE","og_type":"article","og_title":"Datenschutzrichtlinie - Refracol Dupont &amp; Cie","og_description":"[vc_row][vc_column][vc_column_text]Wir behalten uns das Recht vor, die Datenschutzrichtlinie jederzeit zu \u00e4ndern. Wir empfehlen Ihnen daher, sie regelm\u00e4\u00dfig zu \u00fcberpr\u00fcfen. Wenn wir \u00c4nderungen vornehmen, werden wir diese auf dieser Seite und an anderen Stellen ver\u00f6ffentlichen, die wir je nach Gegenstand und Bedeutung der vorgenommenen \u00c4nderungen f\u00fcr angemessen halten. Wenn du die Seite www.refracol.com nach einer \u00c4nderung [&hellip;]","og_url":"https:\/\/refracol.com\/de\/datenschutzrichtlinie\/","og_site_name":"Refracol Dupont &amp; Cie","article_modified_time":"2023-07-20T08:54:16+00:00","twitter_card":"summary_large_image","twitter_misc":{"Gesch\u00e4tzte Lesezeit":"8\u00a0Minuten"},"schema":{"@context":"https:\/\/schema.org","@graph":[{"@type":"WebPage","@id":"https:\/\/refracol.com\/de\/datenschutzrichtlinie\/","url":"https:\/\/refracol.com\/de\/datenschutzrichtlinie\/","name":"Datenschutzrichtlinie - Refracol Dupont &amp; Cie","isPartOf":{"@id":"https:\/\/refracol.com\/#website"},"datePublished":"2018-11-20T14:51:23+00:00","dateModified":"2023-07-20T08:54:16+00:00","breadcrumb":{"@id":"https:\/\/refracol.com\/de\/datenschutzrichtlinie\/#breadcrumb"},"inLanguage":"de","potentialAction":[{"@type":"ReadAction","target":["https:\/\/refracol.com\/de\/datenschutzrichtlinie\/"]}]},{"@type":"BreadcrumbList","@id":"https:\/\/refracol.com\/de\/datenschutzrichtlinie\/#breadcrumb","itemListElement":[{"@type":"ListItem","position":1,"name":"Accueil","item":"https:\/\/refracol.com\/de\/"},{"@type":"ListItem","position":2,"name":"Datenschutzrichtlinie"}]},{"@type":"WebSite","@id":"https:\/\/refracol.com\/#website","url":"https:\/\/refracol.com\/","name":"Refracol Dupont &amp; Cie","description":"Des r\u00e9fractaires de hautes performances","potentialAction":[{"@type":"SearchAction","target":{"@type":"EntryPoint","urlTemplate":"https:\/\/refracol.com\/?s={search_term_string}"},"query-input":{"@type":"PropertyValueSpecification","valueRequired":true,"valueName":"search_term_string"}}],"inLanguage":"de"}]}},"_links":{"self":[{"href":"https:\/\/refracol.com\/de\/wp-json\/wp\/v2\/pages\/1257","targetHints":{"allow":["GET"]}}],"collection":[{"href":"https:\/\/refracol.com\/de\/wp-json\/wp\/v2\/pages"}],"about":[{"href":"https:\/\/refracol.com\/de\/wp-json\/wp\/v2\/types\/page"}],"author":[{"embeddable":true,"href":"https:\/\/refracol.com\/de\/wp-json\/wp\/v2\/users\/1"}],"replies":[{"embeddable":true,"href":"https:\/\/refracol.com\/de\/wp-json\/wp\/v2\/comments?post=1257"}],"version-history":[{"count":10,"href":"https:\/\/refracol.com\/de\/wp-json\/wp\/v2\/pages\/1257\/revisions"}],"predecessor-version":[{"id":1733,"href":"https:\/\/refracol.com\/de\/wp-json\/wp\/v2\/pages\/1257\/revisions\/1733"}],"wp:attachment":[{"href":"https:\/\/refracol.com\/de\/wp-json\/wp\/v2\/media?parent=1257"}],"curies":[{"name":"wp","href":"https:\/\/api.w.org\/{rel}","templated":true}]}}