{"id":572,"date":"2014-07-25T16:43:27","date_gmt":"2014-07-25T15:43:27","guid":{"rendered":"https:\/\/refracol.com\/nos-clients-2\/"},"modified":"2016-11-25T11:10:54","modified_gmt":"2016-11-25T10:10:54","slug":"nos-clients","status":"publish","type":"page","link":"https:\/\/refracol.com\/de\/nos-clients\/","title":{"rendered":"Anwendungsbereiche"},"content":{"rendered":"<p>[vc_row][vc_column][vc_column_text]<\/p>\n<p style=\"color: #000000;\"><span style=\"color: #ff550e;\">Stahlindustrie\u202f:\u00a0<\/span>Gie\u00dfpfanne, Torpedopfanne, Verteiler, R.H.O.B, Lichtbogenofen, Hubbalken-Ofen \u2026<\/p>\n<p style=\"color: #000000;\"><span style=\"color: #ff550e;\">Glasindustrie\u202f:\u00a0<\/span>Verglasung und Verpackung. Hei\u00dfsiegel- und Tempernmaterial. Sicherheitsabdichtung\u00a0, Brennerstein, Sp\u00fclstein \u2026<\/p>\n<p style=\"color: #000000;\"><span style=\"color: #ff550e;\">Zementindustrie\u202f:<\/span>\u00a0Na\u00df- und Halbna\u00dfverfahren, Luftk\u00fchler, Heizk\u00f6rperabdeckung, Ballon, Auslaufring\u2026<\/p>\n<p style=\"color: #000000;\"><span style=\"color: #ff550e;\">Thermische Behandlung\u202f:<\/span> Gl\u00fchofen, Schmelz- und Temperofen. Herd, Gew\u00f6lbe, T\u00fcrsturz, Brennerstein\u2026<\/p>\n<p style=\"color: #000000;\"><span style=\"color: #ff550e;\">Verbrennungsanlagen\u202f:<\/span>\u00a0Haus-, Industrie-, bzw. Krankenhausabf\u00e4lle. Seitenwandstein .W\u00e4rmetauscherplatte, H\u00e4ngedeckensystem\u2026<\/p>\n<p style=\"color: #000000;\"><span style=\"color: #ff550e;\">Eisengie\u00dfereien, Gie\u00dfereien f\u00fcr Produkte aus Gussstahl :<\/span>\u00a0Tiegelofen, Induktionsofen, Lichtbogenofen. Pfanne, Ausguss- und Abstichrinne. Dichtungsmaterialien f\u00fcr Gie\u00dfr\u00f6hre\u2026<\/p>\n<p style=\"color: #000000;\"><span style=\"color: #ff550e;\">NE- Gie\u00dfereienindustrie\u202f:<\/span>\u00a0Schmelzofen, Warmhalteofen und Raffinierofen. Rinne, Filtergeh\u00e4use\u2026<\/p>\n<p>[\/vc_column_text]<h3 class=\"headline-2\"><span>Eine internationale Ausstrahlung<\/span><\/h3>[rev_slider_vc alias=&#8220;marche&#8220;][\/vc_column][\/vc_row]<\/p>\n","protected":false},"excerpt":{"rendered":"<p>[vc_row][vc_column][vc_column_text] Stahlindustrie\u202f:\u00a0Gie\u00dfpfanne, Torpedopfanne, Verteiler, R.H.O.B, Lichtbogenofen, Hubbalken-Ofen \u2026 Glasindustrie\u202f:\u00a0Verglasung und Verpackung. Hei\u00dfsiegel- und Tempernmaterial. Sicherheitsabdichtung\u00a0, Brennerstein, Sp\u00fclstein \u2026 Zementindustrie\u202f:\u00a0Na\u00df- und Halbna\u00dfverfahren, Luftk\u00fchler, Heizk\u00f6rperabdeckung, Ballon, Auslaufring\u2026 Thermische Behandlung\u202f: Gl\u00fchofen, Schmelz- und Temperofen. Herd, Gew\u00f6lbe, T\u00fcrsturz, Brennerstein\u2026 Verbrennungsanlagen\u202f:\u00a0Haus-, Industrie-, bzw. Krankenhausabf\u00e4lle. Seitenwandstein .W\u00e4rmetauscherplatte, H\u00e4ngedeckensystem\u2026 Eisengie\u00dfereien, Gie\u00dfereien f\u00fcr Produkte aus Gussstahl :\u00a0Tiegelofen, Induktionsofen, Lichtbogenofen. Pfanne, Ausguss- und Abstichrinne. [&hellip;]<\/p>\n","protected":false},"author":2,"featured_media":0,"parent":0,"menu_order":0,"comment_status":"open","ping_status":"open","template":"","meta":{"footnotes":""},"class_list":["post-572","page","type-page","status-publish","hentry"],"yoast_head":"<!-- This site is optimized with the Yoast SEO plugin v26.8 - https:\/\/yoast.com\/product\/yoast-seo-wordpress\/ -->\n<title>Anwendungsbereiche - Refracol Dupont &amp; Cie<\/title>\n<meta name=\"robots\" content=\"index, follow, max-snippet:-1, max-image-preview:large, max-video-preview:-1\" \/>\n<link rel=\"canonical\" href=\"https:\/\/refracol.com\/de\/nos-clients\/\" \/>\n<meta property=\"og:locale\" content=\"de_DE\" \/>\n<meta property=\"og:type\" content=\"article\" \/>\n<meta property=\"og:title\" content=\"Anwendungsbereiche - Refracol Dupont &amp; Cie\" \/>\n<meta property=\"og:description\" content=\"[vc_row][vc_column][vc_column_text] Stahlindustrie\u202f:\u00a0Gie\u00dfpfanne, Torpedopfanne, Verteiler, R.H.O.B, Lichtbogenofen, Hubbalken-Ofen \u2026 Glasindustrie\u202f:\u00a0Verglasung und Verpackung. Hei\u00dfsiegel- und Tempernmaterial. Sicherheitsabdichtung\u00a0, Brennerstein, Sp\u00fclstein \u2026 Zementindustrie\u202f:\u00a0Na\u00df- und Halbna\u00dfverfahren, Luftk\u00fchler, Heizk\u00f6rperabdeckung, Ballon, Auslaufring\u2026 Thermische Behandlung\u202f: Gl\u00fchofen, Schmelz- und Temperofen. Herd, Gew\u00f6lbe, T\u00fcrsturz, Brennerstein\u2026 Verbrennungsanlagen\u202f:\u00a0Haus-, Industrie-, bzw. Krankenhausabf\u00e4lle. Seitenwandstein .W\u00e4rmetauscherplatte, H\u00e4ngedeckensystem\u2026 Eisengie\u00dfereien, Gie\u00dfereien f\u00fcr Produkte aus Gussstahl :\u00a0Tiegelofen, Induktionsofen, Lichtbogenofen. Pfanne, Ausguss- und Abstichrinne. [&hellip;]\" \/>\n<meta property=\"og:url\" content=\"https:\/\/refracol.com\/de\/nos-clients\/\" \/>\n<meta property=\"og:site_name\" content=\"Refracol Dupont &amp; Cie\" \/>\n<meta property=\"article:modified_time\" content=\"2016-11-25T10:10:54+00:00\" \/>\n<meta name=\"twitter:card\" content=\"summary_large_image\" \/>\n<meta name=\"twitter:label1\" content=\"Gesch\u00e4tzte Lesezeit\" \/>\n\t<meta name=\"twitter:data1\" content=\"1\u00a0Minute\" \/>\n<script type=\"application\/ld+json\" class=\"yoast-schema-graph\">{\"@context\":\"https:\/\/schema.org\",\"@graph\":[{\"@type\":\"WebPage\",\"@id\":\"https:\/\/refracol.com\/de\/nos-clients\/\",\"url\":\"https:\/\/refracol.com\/de\/nos-clients\/\",\"name\":\"Anwendungsbereiche - Refracol Dupont &amp; Cie\",\"isPartOf\":{\"@id\":\"https:\/\/refracol.com\/#website\"},\"datePublished\":\"2014-07-25T15:43:27+00:00\",\"dateModified\":\"2016-11-25T10:10:54+00:00\",\"breadcrumb\":{\"@id\":\"https:\/\/refracol.com\/de\/nos-clients\/#breadcrumb\"},\"inLanguage\":\"de\",\"potentialAction\":[{\"@type\":\"ReadAction\",\"target\":[\"https:\/\/refracol.com\/de\/nos-clients\/\"]}]},{\"@type\":\"BreadcrumbList\",\"@id\":\"https:\/\/refracol.com\/de\/nos-clients\/#breadcrumb\",\"itemListElement\":[{\"@type\":\"ListItem\",\"position\":1,\"name\":\"Accueil\",\"item\":\"https:\/\/refracol.com\/de\/\"},{\"@type\":\"ListItem\",\"position\":2,\"name\":\"Anwendungsbereiche\"}]},{\"@type\":\"WebSite\",\"@id\":\"https:\/\/refracol.com\/#website\",\"url\":\"https:\/\/refracol.com\/\",\"name\":\"Refracol Dupont &amp; Cie\",\"description\":\"Des r\u00e9fractaires de hautes performances\",\"potentialAction\":[{\"@type\":\"SearchAction\",\"target\":{\"@type\":\"EntryPoint\",\"urlTemplate\":\"https:\/\/refracol.com\/?s={search_term_string}\"},\"query-input\":{\"@type\":\"PropertyValueSpecification\",\"valueRequired\":true,\"valueName\":\"search_term_string\"}}],\"inLanguage\":\"de\"}]}<\/script>\n<!-- \/ Yoast SEO plugin. -->","yoast_head_json":{"title":"Anwendungsbereiche - Refracol Dupont &amp; Cie","robots":{"index":"index","follow":"follow","max-snippet":"max-snippet:-1","max-image-preview":"max-image-preview:large","max-video-preview":"max-video-preview:-1"},"canonical":"https:\/\/refracol.com\/de\/nos-clients\/","og_locale":"de_DE","og_type":"article","og_title":"Anwendungsbereiche - Refracol Dupont &amp; Cie","og_description":"[vc_row][vc_column][vc_column_text] Stahlindustrie\u202f:\u00a0Gie\u00dfpfanne, Torpedopfanne, Verteiler, R.H.O.B, Lichtbogenofen, Hubbalken-Ofen \u2026 Glasindustrie\u202f:\u00a0Verglasung und Verpackung. Hei\u00dfsiegel- und Tempernmaterial. Sicherheitsabdichtung\u00a0, Brennerstein, Sp\u00fclstein \u2026 Zementindustrie\u202f:\u00a0Na\u00df- und Halbna\u00dfverfahren, Luftk\u00fchler, Heizk\u00f6rperabdeckung, Ballon, Auslaufring\u2026 Thermische Behandlung\u202f: Gl\u00fchofen, Schmelz- und Temperofen. Herd, Gew\u00f6lbe, T\u00fcrsturz, Brennerstein\u2026 Verbrennungsanlagen\u202f:\u00a0Haus-, Industrie-, bzw. Krankenhausabf\u00e4lle. Seitenwandstein .W\u00e4rmetauscherplatte, H\u00e4ngedeckensystem\u2026 Eisengie\u00dfereien, Gie\u00dfereien f\u00fcr Produkte aus Gussstahl :\u00a0Tiegelofen, Induktionsofen, Lichtbogenofen. Pfanne, Ausguss- und Abstichrinne. [&hellip;]","og_url":"https:\/\/refracol.com\/de\/nos-clients\/","og_site_name":"Refracol Dupont &amp; Cie","article_modified_time":"2016-11-25T10:10:54+00:00","twitter_card":"summary_large_image","twitter_misc":{"Gesch\u00e4tzte Lesezeit":"1\u00a0Minute"},"schema":{"@context":"https:\/\/schema.org","@graph":[{"@type":"WebPage","@id":"https:\/\/refracol.com\/de\/nos-clients\/","url":"https:\/\/refracol.com\/de\/nos-clients\/","name":"Anwendungsbereiche - Refracol Dupont &amp; Cie","isPartOf":{"@id":"https:\/\/refracol.com\/#website"},"datePublished":"2014-07-25T15:43:27+00:00","dateModified":"2016-11-25T10:10:54+00:00","breadcrumb":{"@id":"https:\/\/refracol.com\/de\/nos-clients\/#breadcrumb"},"inLanguage":"de","potentialAction":[{"@type":"ReadAction","target":["https:\/\/refracol.com\/de\/nos-clients\/"]}]},{"@type":"BreadcrumbList","@id":"https:\/\/refracol.com\/de\/nos-clients\/#breadcrumb","itemListElement":[{"@type":"ListItem","position":1,"name":"Accueil","item":"https:\/\/refracol.com\/de\/"},{"@type":"ListItem","position":2,"name":"Anwendungsbereiche"}]},{"@type":"WebSite","@id":"https:\/\/refracol.com\/#website","url":"https:\/\/refracol.com\/","name":"Refracol Dupont &amp; Cie","description":"Des r\u00e9fractaires de hautes performances","potentialAction":[{"@type":"SearchAction","target":{"@type":"EntryPoint","urlTemplate":"https:\/\/refracol.com\/?s={search_term_string}"},"query-input":{"@type":"PropertyValueSpecification","valueRequired":true,"valueName":"search_term_string"}}],"inLanguage":"de"}]}},"_links":{"self":[{"href":"https:\/\/refracol.com\/de\/wp-json\/wp\/v2\/pages\/572","targetHints":{"allow":["GET"]}}],"collection":[{"href":"https:\/\/refracol.com\/de\/wp-json\/wp\/v2\/pages"}],"about":[{"href":"https:\/\/refracol.com\/de\/wp-json\/wp\/v2\/types\/page"}],"author":[{"embeddable":true,"href":"https:\/\/refracol.com\/de\/wp-json\/wp\/v2\/users\/2"}],"replies":[{"embeddable":true,"href":"https:\/\/refracol.com\/de\/wp-json\/wp\/v2\/comments?post=572"}],"version-history":[{"count":0,"href":"https:\/\/refracol.com\/de\/wp-json\/wp\/v2\/pages\/572\/revisions"}],"wp:attachment":[{"href":"https:\/\/refracol.com\/de\/wp-json\/wp\/v2\/media?parent=572"}],"curies":[{"name":"wp","href":"https:\/\/api.w.org\/{rel}","templated":true}]}}