{"id":581,"date":"2014-07-18T14:51:59","date_gmt":"2014-07-18T13:51:59","guid":{"rendered":"https:\/\/refracol.com\/accueil-2\/"},"modified":"2024-12-16T18:04:42","modified_gmt":"2024-12-16T17:04:42","slug":"accueil","status":"publish","type":"page","link":"https:\/\/refracol.com\/de\/","title":{"rendered":"Startseite"},"content":{"rendered":"<p>[vc_row parallax=&#8220;1&#8243; fullwidth=&#8220;1&#8243;][vc_column][vc_column_text]<!-- START REVOLUTION SLIDER 4.3.8 fullwidth mode -->\n\n<div id=\"rev_slider_1_1_wrapper\" class=\"rev_slider_wrapper fullwidthbanner-container\" style=\"margin:0px auto;background-color:#ffffff;padding:0px;margin-top:0px;margin-bottom:0px;max-height:500px;\">\n\t<div id=\"rev_slider_1_1\" class=\"rev_slider fullwidthabanner\" style=\"display:none;max-height:500px;height:500px;\">\n<ul>\t<!-- SLIDE  -->\n\t<li data-transition=\"fade\" data-slotamount=\"7\" data-masterspeed=\"1000\" >\n\t\t<!-- MAIN IMAGE -->\n\t\t<img decoding=\"async\" src=\"https:\/\/refracol.com\/wp-content\/plugins\/revslider\/images\/dummy.png\"  alt=\"siege_refracol\" data-lazyload=\"https:\/\/refracol.com\/wp-content\/uploads\/2014\/07\/siege_refracol.jpg\" data-bgposition=\"center center\" data-bgfit=\"cover\" data-bgrepeat=\"no-repeat\">\n\t\t<!-- LAYERS -->\n\t<\/li>\n\t<!-- SLIDE  -->\n\t<li data-transition=\"fade\" data-slotamount=\"7\" data-masterspeed=\"1000\" >\n\t\t<!-- MAIN IMAGE -->\n\t\t<img decoding=\"async\" src=\"https:\/\/refracol.com\/wp-content\/plugins\/revslider\/images\/dummy.png\"  alt=\"betons1\" data-lazyload=\"https:\/\/refracol.com\/wp-content\/uploads\/2014\/07\/betons1.jpg\" data-bgposition=\"center center\" data-bgfit=\"cover\" data-bgrepeat=\"no-repeat\">\n\t\t<!-- LAYERS -->\n\t<\/li>\n\t<!-- SLIDE  -->\n\t<li data-transition=\"fade\" data-slotamount=\"7\" data-masterspeed=\"1000\" >\n\t\t<!-- MAIN IMAGE -->\n\t\t<img decoding=\"async\" src=\"https:\/\/refracol.com\/wp-content\/plugins\/revslider\/images\/dummy.png\"  alt=\"ciments1\" data-lazyload=\"https:\/\/refracol.com\/wp-content\/uploads\/2014\/07\/ciments1.jpg\" data-bgposition=\"center center\" data-bgfit=\"cover\" data-bgrepeat=\"no-repeat\">\n\t\t<!-- LAYERS -->\n\t<\/li>\n\t<!-- SLIDE  -->\n\t<li data-transition=\"fade\" data-slotamount=\"7\" data-masterspeed=\"1000\" >\n\t\t<!-- MAIN IMAGE -->\n\t\t<img decoding=\"async\" src=\"https:\/\/refracol.com\/wp-content\/plugins\/revslider\/images\/dummy.png\"  alt=\"pieces-de-forme1\" data-lazyload=\"https:\/\/refracol.com\/wp-content\/uploads\/2014\/07\/pieces-de-forme1.jpg\" data-bgposition=\"center top\" data-bgfit=\"cover\" data-bgrepeat=\"no-repeat\">\n\t\t<!-- LAYERS -->\n\t<\/li>\n\t<!-- SLIDE  -->\n\t<li data-transition=\"fade\" data-slotamount=\"7\" data-masterspeed=\"1000\" >\n\t\t<!-- MAIN IMAGE -->\n\t\t<img decoding=\"async\" src=\"https:\/\/refracol.com\/wp-content\/plugins\/revslider\/images\/dummy.png\"  alt=\"pises1\" data-lazyload=\"https:\/\/refracol.com\/wp-content\/uploads\/2014\/07\/pises1.jpg\" data-bgposition=\"center top\" data-bgfit=\"cover\" data-bgrepeat=\"no-repeat\">\n\t\t<!-- LAYERS -->\n\t<\/li>\n\t<!-- SLIDE  -->\n\t<li data-transition=\"fade\" data-slotamount=\"7\" data-masterspeed=\"1000\" >\n\t\t<!-- MAIN IMAGE -->\n\t\t<img decoding=\"async\" src=\"https:\/\/refracol.com\/wp-content\/plugins\/revslider\/images\/dummy.png\"  alt=\"labo\" data-lazyload=\"https:\/\/refracol.com\/wp-content\/uploads\/2014\/07\/labo.jpg\" data-bgposition=\"center top\" data-bgfit=\"cover\" data-bgrepeat=\"no-repeat\">\n\t\t<!-- LAYERS -->\n\t<\/li>\n\t<!-- SLIDE  -->\n\t<li data-transition=\"random\" data-slotamount=\"7\" >\n\t\t<!-- MAIN IMAGE -->\n\t\t<img decoding=\"async\" src=\"https:\/\/refracol.com\/wp-content\/plugins\/revslider\/images\/dummy.png\"  alt=\"Cve-Refracol-2021_4-copie-1\" data-lazyload=\"https:\/\/refracol.com\/wp-content\/uploads\/2023\/10\/Cve-Refracol-2021_4-copie-1.jpg\" data-bgposition=\"center top\" data-bgfit=\"cover\" data-bgrepeat=\"no-repeat\">\n\t\t<!-- LAYERS -->\n\t<\/li>\n<\/ul>\n<div class=\"tp-bannertimer\"><\/div>\t<\/div>\n<\/div>\t\t\t\r\n\t\t\t<script type=\"text\/javascript\">\r\n\r\n\t\t\t\tvar tpj=jQuery;\t\t\t\t\r\n\t\t\t\ttpj.noConflict();\t\t\t\t\r\n\t\t\t\tvar revapi1;\r\n\t\t\t\t\r\n\t\t\t\ttpj(document).ready(function() {\r\n\t\t\t\t\t\t\t\t\r\n\t\t\t\tif(tpj('#rev_slider_1_1').revolution == undefined)\r\n\t\t\t\t\trevslider_showDoubleJqueryError('#rev_slider_1_1');\r\n\t\t\t\telse\r\n\t\t\t\t   revapi1 = tpj('#rev_slider_1_1').show().revolution(\r\n\t\t\t\t\t{\r\n\t\t\t\t\t\tdottedOverlay:\"none\",\r\n\t\t\t\t\t\tdelay:5000,\r\n\t\t\t\t\t\tstartwidth:960,\r\n\t\t\t\t\t\tstartheight:500,\r\n\t\t\t\t\t\thideThumbs:200,\r\n\t\t\t\t\t\t\r\n\t\t\t\t\t\tthumbWidth:100,\r\n\t\t\t\t\t\tthumbHeight:50,\r\n\t\t\t\t\t\tthumbAmount:5,\r\n\t\t\t\t\t\t\r\n\t\t\t\t\t\tnavigationType:\"bullet\",\r\n\t\t\t\t\t\tnavigationArrows:\"solo\",\r\n\t\t\t\t\t\tnavigationStyle:\"round\",\r\n\t\t\t\t\t\t\r\n\t\t\t\t\t\ttouchenabled:\"on\",\r\n\t\t\t\t\t\tonHoverStop:\"off\",\r\n\t\t\t\t\t\t\r\n\t\t\t\t\t\tswipe_velocity: 0.7,\r\n\t\t\t\t\t\tswipe_min_touches: 1,\r\n\t\t\t\t\t\tswipe_max_touches: 1,\r\n\t\t\t\t\t\tdrag_block_vertical: false,\r\n\t\t\t\t\t\t\t\t\t\t\t\t\r\n\t\t\t\t\t\tkeyboardNavigation:\"off\",\r\n\t\t\t\t\t\t\r\n\t\t\t\t\t\tnavigationHAlign:\"center\",\r\n\t\t\t\t\t\tnavigationVAlign:\"bottom\",\r\n\t\t\t\t\t\tnavigationHOffset:0,\r\n\t\t\t\t\t\tnavigationVOffset:20,\r\n\r\n\t\t\t\t\t\tsoloArrowLeftHalign:\"left\",\r\n\t\t\t\t\t\tsoloArrowLeftValign:\"center\",\r\n\t\t\t\t\t\tsoloArrowLeftHOffset:20,\r\n\t\t\t\t\t\tsoloArrowLeftVOffset:0,\r\n\r\n\t\t\t\t\t\tsoloArrowRightHalign:\"right\",\r\n\t\t\t\t\t\tsoloArrowRightValign:\"center\",\r\n\t\t\t\t\t\tsoloArrowRightHOffset:20,\r\n\t\t\t\t\t\tsoloArrowRightVOffset:0,\r\n\t\t\t\t\t\t\t\t\r\n\t\t\t\t\t\tshadow:0,\r\n\t\t\t\t\t\tfullWidth:\"on\",\r\n\t\t\t\t\t\tfullScreen:\"off\",\r\n\r\n\t\t\t\t\t\tspinner:\"spinner2\",\r\n\t\t\t\t\t\t\r\n\t\t\t\t\t\tstopLoop:\"on\",\r\n\t\t\t\t\t\tstopAfterLoops:1,\r\n\t\t\t\t\t\tstopAtSlide:1,\r\n\r\n\t\t\t\t\t\t\r\n\t\t\t\t\t\tshuffle:\"off\",\r\n\t\t\t\t\t\t\r\n\t\t\t\t\t\tautoHeight:\"on\",\t\t\t\t\t\t\r\n\t\t\t\t\t\tforceFullWidth:\"on\",\t\t\t\t\t\t\r\n\t\t\t\t\t\t\t\t\t\t\t\t\r\n\t\t\t\t\t\t\t\t\t\t\t\t\r\n\t\t\t\t\t\t\t\t\t\t\t\t\r\n\t\t\t\t\t\thideThumbsOnMobile:\"off\",\r\n\t\t\t\t\t\thideNavDelayOnMobile:1500,\t\t\t\t\t\thideBulletsOnMobile:\"off\",\r\n\t\t\t\t\t\thideArrowsOnMobile:\"off\",\r\n\t\t\t\t\t\thideThumbsUnderResolution:0,\r\n\t\t\t\t\t\t\r\n\t\t\t\t\t\thideSliderAtLimit:0,\r\n\t\t\t\t\t\thideCaptionAtLimit:0,\r\n\t\t\t\t\t\thideAllCaptionAtLilmit:0,\r\n\t\t\t\t\t\tstartWithSlide:0,\r\n\t\t\t\t\t\tvideoJsPath:\"https:\/\/refracol.com\/wp-content\/plugins\/revslider\/rs-plugin\/videojs\/\",\r\n\t\t\t\t\t\tfullScreenOffsetContainer: \"\"\t\r\n\t\t\t\t\t});\r\n\t\t\t\t\r\n\t\t\t\t});\t\/\/ready\r\n\t\t\t\t\r\n\t\t\t<\/script>\r\n\t\t\t\r\n\t\t\t<style type=\"text\/css\">\n\t#rev_slider_1_1_wrapper .tp-loader.spinner2{ background-color: #FFFFFF !important; }\n<\/style>\n<!-- END REVOLUTION SLIDER -->[\/vc_column_text][\/vc_column][\/vc_row][vc_row parallax=&#8220;1&#8243; fullwidth=&#8220;1&#8243; css=&#8220;.vc_custom_1408352365134{padding-top: 50px !important;padding-bottom: 50px !important;background-image: url(https:\/\/refracol.com\/wp-content\/uploads\/2014\/07\/Fond-Refracol.jpg?id=362) !important;}&#8220;][vc_column][vc_column_text]<\/p>\n<h1 style=\"text-align: center;\"><span style=\"color: #ffffff;\">Willkommen auf der Webseite der REFRACOL Dupont &amp; Cie\u00a0!<\/span><\/h1>\n<p>[\/vc_column_text][\/vc_column][\/vc_row][vc_row][vc_column css=&#8220;.vc_custom_1542644473005{margin-top: 40px !important;}&#8220;]<h3 class=\"headline-2\"><span>Vorwort<\/span><\/h3>[\/vc_column][\/vc_row][vc_row][vc_column][vc_column_text]Seit \u00fcber 70 Jahren nimmt die Firma REFRACOL Dupont et Cie. zusammen mit der Industrie manche Herausforderungen an. Die Leistungen ihrer ungeformten feuerfesten Produkte und ihr ausgepr\u00e4gter Sinn f\u00fcr Service verleihen der REFRACOL Dupont et Cie eine internationale Anerkennung.<\/p>\n<p>Heute noch beteiligt sich REFRACOL an den zukunftstr\u00e4chtigen Verbesserungen.[\/vc_column_text][\/vc_column][\/vc_row][vc_row][vc_column][\/vc_column][\/vc_row][vc_row][vc_column css=&#8220;.vc_custom_1542644483396{margin-top: 40px !important;}&#8220;]<h3 class=\"headline-2\"><span>Unsere Produkte<\/span><\/h3>[\/vc_column][\/vc_row][vc_row][vc_column width=&#8220;1\/4&#8243;]\r\n\t\t\t\t\t<div class=\"icon-box-2\">\r\n\t\t\t\t\t\t<i class=\"ifc-play\"><\/i>\r\n\t\t\t\t\t\t<div class=\"icon-box-content\">\r\n\t\t\t\t\t\t\t<h3 class=\"text-uppercase text-center\">\r\n\t\t\t\t\t\t\t\tFeuerbetone\r\n\t\t\t\t\t\t\t<\/h3>\r\n\t\t\t\t\t\t\t\r\n\t\t\t\t\t\t\t<p class=\"text-center\">Dichte oder Isolierbetone, Betone mit mittlerem, niedrigem bzw. sehr niedrigem Zementgehalt, Gie\u00dfbetone, R\u00fcttelgie\u00dfbetone, Torkretiermassen oder selbstflie\u00dfende Betone.\u2026<p class=\"last text-center\"><a class=\"btn\" href=\"https:\/\/refracol.com\/de\/nos-produits\/betons\/\">Mehr erfahren +<\/a><\/p><\/p>\r\n\t\t\t\t\t\t<\/div><!-- end .icon-box-content -->\r\n\t\t\t\t\t<\/div><!-- end .icon-box-2 -->[\/vc_column][vc_column width=&#8220;1\/4&#8243;]\r\n\t\t\t\t\t<div class=\"icon-box-2\">\r\n\t\t\t\t\t\t<i class=\"ifc-play\"><\/i>\r\n\t\t\t\t\t\t<div class=\"icon-box-content\">\r\n\t\t\t\t\t\t\t<h3 class=\"text-uppercase text-center\">\r\n\t\t\t\t\t\t\t\tM\u00f6rtel\r\n\t\t\t\t\t\t\t<\/h3>\r\n\t\t\t\t\t\t\t\r\n\t\t\t\t\t\t\t<p class=\"text-center\">M\u00f6rtel, Kleber, Beschichtungen, s\u00e4urefeste Flickmassen und Kitte,\u2026<p class=\"last text-center\"><a class=\"btn\" href=\"https:\/\/refracol.com\/de\/nos-produits\/ciments\/\">Mehr erfahren +<\/a><\/p><\/p>\r\n\t\t\t\t\t\t<\/div><!-- end .icon-box-content -->\r\n\t\t\t\t\t<\/div><!-- end .icon-box-2 -->[\/vc_column][vc_column width=&#8220;1\/4&#8243;]\r\n\t\t\t\t\t<div class=\"icon-box-2\">\r\n\t\t\t\t\t\t<i class=\"ifc-play\"><\/i>\r\n\t\t\t\t\t\t<div class=\"icon-box-content\">\r\n\t\t\t\t\t\t\t<h3 class=\"text-uppercase text-center\">\r\n\t\t\t\t\t\t\t\tFormteile\r\n\t\t\t\t\t\t\t<\/h3>\r\n\t\t\t\t\t\t\t\r\n\t\t\t\t\t\t\t<p class=\"text-center\"><\/p>\n<p style=\"text-align: center;\">Bis zu 600\u00b0C getrocknete Betonteile. Kleine und mittlere Serien von 10 kg bis 12 Tonnen.<\/p>\n<p><p class=\"last text-center\"><a class=\"btn\" href=\"https:\/\/refracol.com\/de\/nos-produits\/pieces-de-forme\/\">Mehr erfahren +<\/a><\/p><\/p>\r\n\t\t\t\t\t\t<\/div><!-- end .icon-box-content -->\r\n\t\t\t\t\t<\/div><!-- end .icon-box-2 -->[\/vc_column][vc_column width=&#8220;1\/4&#8243;]\r\n\t\t\t\t\t<div class=\"icon-box-2\">\r\n\t\t\t\t\t\t<i class=\"ifc-play\"><\/i>\r\n\t\t\t\t\t\t<div class=\"icon-box-content\">\r\n\t\t\t\t\t\t\t<h3 class=\"text-uppercase text-center\">\r\n\t\t\t\t\t\t\t\tStampfmassen\r\n\t\t\t\t\t\t\t<\/h3>\r\n\t\t\t\t\t\t\t\r\n\t\t\t\t\t\t\t<p class=\"text-center\"><\/p>\n<p style=\"text-align: center;\">Trockenmassen oder vorbefeuchte Stampfmassen, magnesiahaltige Feuerstampfmassen mit keramischer bzw. chemischer Bindung. Tonerdestampfmassen mit keramischer oder chemischer Bindung&#8230;<\/p>\n<p><p class=\"last text-center\"><a class=\"btn\" href=\"https:\/\/refracol.com\/de\/nos-produits\/pises-a-damer\/\">Mehr erfahren +<\/a><\/p><\/p>\r\n\t\t\t\t\t\t<\/div><!-- end .icon-box-content -->\r\n\t\t\t\t\t<\/div><!-- end .icon-box-2 -->[\/vc_column][\/vc_row][vc_row el_class=&#8220;app-hidden&#8220;][vc_column css=&#8220;.vc_custom_1542644483396{margin-top: 40px !important;}&#8220;]<h3 class=\"headline-2\"><span>Refracol ist auf LinkedIn!<\/span><\/h3>[\/vc_column][\/vc_row][vc_column width=&#8220;1\/4&#8243;][\/vc_column][vc_column width=&#8220;1\/4&#8243;][\/vc_column][vc_column width=&#8220;1\/4&#8243;][\/vc_column][vc_row][vc_column][vc_column_text]<\/p>\n<p style=\"text-align: center;\">Bleiben Sie \u00fcber unsere Neuigkeiten informiert, indem Sie unsere LinkedIn-Seite abonnieren:<\/p>\n<p>[\/vc_column_text][\/vc_column][\/vc_row][vc_row][vc_column][vc_single_image image=&#8220;1514&#8243; alignment=&#8220;center&#8220; onclick=&#8220;custom_link&#8220; img_link_target=&#8220;_blank&#8220; link=&#8220;https:\/\/www.linkedin.com\/company\/refracol&#8220;][vc_column_text]\u00a0[\/vc_column_text][\/vc_column][\/vc_row][vc_row][vc_column][\/vc_column][\/vc_row]<\/p>\n","protected":false},"excerpt":{"rendered":"<p>[vc_row parallax=&#8220;1&#8243; fullwidth=&#8220;1&#8243;][vc_column][vc_column_text][\/vc_column_text][\/vc_column][\/vc_row][vc_row parallax=&#8220;1&#8243; fullwidth=&#8220;1&#8243; css=&#8220;.vc_custom_1408352365134{padding-top: 50px !important;padding-bottom: 50px !important;background-image: url(https:\/\/refracol.com\/wp-content\/uploads\/2014\/07\/Fond-Refracol.jpg?id=362) !important;}&#8220;][vc_column][vc_column_text] Willkommen auf der Webseite der REFRACOL Dupont &amp; Cie\u00a0! [\/vc_column_text][\/vc_column][\/vc_row][vc_row][vc_column css=&#8220;.vc_custom_1542644473005{margin-top: 40px !important;}&#8220;][\/vc_column][\/vc_row][vc_row][vc_column][vc_column_text]Seit \u00fcber 70 Jahren nimmt die Firma REFRACOL Dupont et Cie. zusammen mit der Industrie manche Herausforderungen an. Die Leistungen ihrer ungeformten feuerfesten Produkte und ihr ausgepr\u00e4gter Sinn f\u00fcr Service verleihen [&hellip;]<\/p>\n","protected":false},"author":1,"featured_media":0,"parent":0,"menu_order":0,"comment_status":"open","ping_status":"open","template":"","meta":{"footnotes":""},"class_list":["post-581","page","type-page","status-publish","hentry"],"yoast_head":"<!-- This site is optimized with the Yoast SEO plugin v26.8 - https:\/\/yoast.com\/product\/yoast-seo-wordpress\/ -->\n<title>Startseite - Refracol Dupont &amp; Cie<\/title>\n<meta name=\"robots\" content=\"index, follow, max-snippet:-1, max-image-preview:large, max-video-preview:-1\" \/>\n<link rel=\"canonical\" href=\"https:\/\/refracol.com\/de\/\" \/>\n<meta property=\"og:locale\" content=\"de_DE\" \/>\n<meta property=\"og:type\" content=\"article\" \/>\n<meta property=\"og:title\" content=\"Startseite - Refracol Dupont &amp; Cie\" \/>\n<meta property=\"og:description\" content=\"[vc_row parallax=&#8220;1&#8243; fullwidth=&#8220;1&#8243;][vc_column][vc_column_text][\/vc_column_text][\/vc_column][\/vc_row][vc_row parallax=&#8220;1&#8243; fullwidth=&#8220;1&#8243; css=&#8220;.vc_custom_1408352365134{padding-top: 50px !important;padding-bottom: 50px !important;background-image: url(https:\/\/refracol.com\/wp-content\/uploads\/2014\/07\/Fond-Refracol.jpg?id=362) !important;}&#8220;][vc_column][vc_column_text] Willkommen auf der Webseite der REFRACOL Dupont &amp; Cie\u00a0! [\/vc_column_text][\/vc_column][\/vc_row][vc_row][vc_column css=&#8220;.vc_custom_1542644473005{margin-top: 40px !important;}&#8220;][\/vc_column][\/vc_row][vc_row][vc_column][vc_column_text]Seit \u00fcber 70 Jahren nimmt die Firma REFRACOL Dupont et Cie. zusammen mit der Industrie manche Herausforderungen an. Die Leistungen ihrer ungeformten feuerfesten Produkte und ihr ausgepr\u00e4gter Sinn f\u00fcr Service verleihen [&hellip;]\" \/>\n<meta property=\"og:url\" content=\"https:\/\/refracol.com\/de\/\" \/>\n<meta property=\"og:site_name\" content=\"Refracol Dupont &amp; Cie\" \/>\n<meta property=\"article:modified_time\" content=\"2024-12-16T17:04:42+00:00\" \/>\n<meta name=\"twitter:card\" content=\"summary_large_image\" \/>\n<meta name=\"twitter:label1\" content=\"Gesch\u00e4tzte Lesezeit\" \/>\n\t<meta name=\"twitter:data1\" content=\"2\u00a0Minuten\" \/>\n<script type=\"application\/ld+json\" class=\"yoast-schema-graph\">{\"@context\":\"https:\/\/schema.org\",\"@graph\":[{\"@type\":\"WebPage\",\"@id\":\"https:\/\/refracol.com\/de\/\",\"url\":\"https:\/\/refracol.com\/de\/\",\"name\":\"Startseite - Refracol Dupont &amp; Cie\",\"isPartOf\":{\"@id\":\"https:\/\/refracol.com\/#website\"},\"datePublished\":\"2014-07-18T13:51:59+00:00\",\"dateModified\":\"2024-12-16T17:04:42+00:00\",\"breadcrumb\":{\"@id\":\"https:\/\/refracol.com\/de\/#breadcrumb\"},\"inLanguage\":\"de\",\"potentialAction\":[{\"@type\":\"ReadAction\",\"target\":[\"https:\/\/refracol.com\/de\/\"]}]},{\"@type\":\"BreadcrumbList\",\"@id\":\"https:\/\/refracol.com\/de\/#breadcrumb\",\"itemListElement\":[{\"@type\":\"ListItem\",\"position\":1,\"name\":\"Accueil\",\"item\":\"https:\/\/refracol.com\/de\/\"},{\"@type\":\"ListItem\",\"position\":2,\"name\":\"Startseite\"}]},{\"@type\":\"WebSite\",\"@id\":\"https:\/\/refracol.com\/#website\",\"url\":\"https:\/\/refracol.com\/\",\"name\":\"Refracol Dupont &amp; Cie\",\"description\":\"Des r\u00e9fractaires de hautes performances\",\"potentialAction\":[{\"@type\":\"SearchAction\",\"target\":{\"@type\":\"EntryPoint\",\"urlTemplate\":\"https:\/\/refracol.com\/?s={search_term_string}\"},\"query-input\":{\"@type\":\"PropertyValueSpecification\",\"valueRequired\":true,\"valueName\":\"search_term_string\"}}],\"inLanguage\":\"de\"}]}<\/script>\n<!-- \/ Yoast SEO plugin. -->","yoast_head_json":{"title":"Startseite - Refracol Dupont &amp; Cie","robots":{"index":"index","follow":"follow","max-snippet":"max-snippet:-1","max-image-preview":"max-image-preview:large","max-video-preview":"max-video-preview:-1"},"canonical":"https:\/\/refracol.com\/de\/","og_locale":"de_DE","og_type":"article","og_title":"Startseite - Refracol Dupont &amp; Cie","og_description":"[vc_row parallax=&#8220;1&#8243; fullwidth=&#8220;1&#8243;][vc_column][vc_column_text][\/vc_column_text][\/vc_column][\/vc_row][vc_row parallax=&#8220;1&#8243; fullwidth=&#8220;1&#8243; css=&#8220;.vc_custom_1408352365134{padding-top: 50px !important;padding-bottom: 50px !important;background-image: url(https:\/\/refracol.com\/wp-content\/uploads\/2014\/07\/Fond-Refracol.jpg?id=362) !important;}&#8220;][vc_column][vc_column_text] Willkommen auf der Webseite der REFRACOL Dupont &amp; Cie\u00a0! [\/vc_column_text][\/vc_column][\/vc_row][vc_row][vc_column css=&#8220;.vc_custom_1542644473005{margin-top: 40px !important;}&#8220;][\/vc_column][\/vc_row][vc_row][vc_column][vc_column_text]Seit \u00fcber 70 Jahren nimmt die Firma REFRACOL Dupont et Cie. zusammen mit der Industrie manche Herausforderungen an. Die Leistungen ihrer ungeformten feuerfesten Produkte und ihr ausgepr\u00e4gter Sinn f\u00fcr Service verleihen [&hellip;]","og_url":"https:\/\/refracol.com\/de\/","og_site_name":"Refracol Dupont &amp; Cie","article_modified_time":"2024-12-16T17:04:42+00:00","twitter_card":"summary_large_image","twitter_misc":{"Gesch\u00e4tzte Lesezeit":"2\u00a0Minuten"},"schema":{"@context":"https:\/\/schema.org","@graph":[{"@type":"WebPage","@id":"https:\/\/refracol.com\/de\/","url":"https:\/\/refracol.com\/de\/","name":"Startseite - Refracol Dupont &amp; Cie","isPartOf":{"@id":"https:\/\/refracol.com\/#website"},"datePublished":"2014-07-18T13:51:59+00:00","dateModified":"2024-12-16T17:04:42+00:00","breadcrumb":{"@id":"https:\/\/refracol.com\/de\/#breadcrumb"},"inLanguage":"de","potentialAction":[{"@type":"ReadAction","target":["https:\/\/refracol.com\/de\/"]}]},{"@type":"BreadcrumbList","@id":"https:\/\/refracol.com\/de\/#breadcrumb","itemListElement":[{"@type":"ListItem","position":1,"name":"Accueil","item":"https:\/\/refracol.com\/de\/"},{"@type":"ListItem","position":2,"name":"Startseite"}]},{"@type":"WebSite","@id":"https:\/\/refracol.com\/#website","url":"https:\/\/refracol.com\/","name":"Refracol Dupont &amp; Cie","description":"Des r\u00e9fractaires de hautes performances","potentialAction":[{"@type":"SearchAction","target":{"@type":"EntryPoint","urlTemplate":"https:\/\/refracol.com\/?s={search_term_string}"},"query-input":{"@type":"PropertyValueSpecification","valueRequired":true,"valueName":"search_term_string"}}],"inLanguage":"de"}]}},"_links":{"self":[{"href":"https:\/\/refracol.com\/de\/wp-json\/wp\/v2\/pages\/581","targetHints":{"allow":["GET"]}}],"collection":[{"href":"https:\/\/refracol.com\/de\/wp-json\/wp\/v2\/pages"}],"about":[{"href":"https:\/\/refracol.com\/de\/wp-json\/wp\/v2\/types\/page"}],"author":[{"embeddable":true,"href":"https:\/\/refracol.com\/de\/wp-json\/wp\/v2\/users\/1"}],"replies":[{"embeddable":true,"href":"https:\/\/refracol.com\/de\/wp-json\/wp\/v2\/comments?post=581"}],"version-history":[{"count":7,"href":"https:\/\/refracol.com\/de\/wp-json\/wp\/v2\/pages\/581\/revisions"}],"predecessor-version":[{"id":1978,"href":"https:\/\/refracol.com\/de\/wp-json\/wp\/v2\/pages\/581\/revisions\/1978"}],"wp:attachment":[{"href":"https:\/\/refracol.com\/de\/wp-json\/wp\/v2\/media?parent=581"}],"curies":[{"name":"wp","href":"https:\/\/api.w.org\/{rel}","templated":true}]}}