{"id":585,"date":"2014-07-21T18:01:22","date_gmt":"2014-07-21T17:01:22","guid":{"rendered":"https:\/\/refracol.com\/nos-produits\/betons\/"},"modified":"2016-11-21T18:34:34","modified_gmt":"2016-11-21T17:34:34","slug":"betons","status":"publish","type":"page","link":"https:\/\/refracol.com\/de\/nos-produits\/betons\/","title":{"rendered":"Feuerbetone"},"content":{"rendered":"<p>[vc_row][vc_column][vc_column_text]Dichte oder Isolierbetone, Betone mit mittlerem, niedrigem bzw. sehr niedrigem Zementgehalt, Gie\u00dfbetone, R\u00fcttelgie\u00dfbetone, Torkretiermassen oder selbstflie\u00dfende Betone.<\/p>\n<p><span style=\"color: #ff550e;\">Produktreferenzen :<\/span><br \/>\n<b>BETON<\/b> 88, 96 A, 770, 9400 ; <b>REFRACOL\u202fCAST<\/b> 550\/3P, 758 P ; <b>THIXOMAG<\/b>\u00a0 90, 494 EF, 472 AEF ; <b>REMAG<\/b>\u202f261\u202f; <b>REFRAVIBRE<\/b> \u202f65\u202fSR, 85 R, 95, 99 D, 870 ; <b>CASTALONE<\/b> S712, C496, \u2026[\/vc_column_text][vc_single_image image=&#8220;79&#8243; img_size=&#8220;full&#8220; alignment=&#8220;center&#8220;][\/vc_column][\/vc_row][vc_row][vc_column][\/vc_column][\/vc_row]<\/p>\n","protected":false},"excerpt":{"rendered":"<p>[vc_row][vc_column][vc_column_text]Dichte oder Isolierbetone, Betone mit mittlerem, niedrigem bzw. sehr niedrigem Zementgehalt, Gie\u00dfbetone, R\u00fcttelgie\u00dfbetone, Torkretiermassen oder selbstflie\u00dfende Betone. Produktreferenzen : BETON 88, 96 A, 770, 9400 ; REFRACOL\u202fCAST 550\/3P, 758 P ; THIXOMAG\u00a0 90, 494 EF, 472 AEF ; REMAG\u202f261\u202f; REFRAVIBRE \u202f65\u202fSR, 85 R, 95, 99 D, 870 ; CASTALONE S712, C496, \u2026[\/vc_column_text][vc_single_image image=&#8220;79&#8243; img_size=&#8220;full&#8220; alignment=&#8220;center&#8220;][\/vc_column][\/vc_row][vc_row][vc_column][\/vc_column][\/vc_row]<\/p>\n","protected":false},"author":2,"featured_media":0,"parent":583,"menu_order":0,"comment_status":"open","ping_status":"open","template":"","meta":{"footnotes":""},"class_list":["post-585","page","type-page","status-publish","hentry"],"yoast_head":"<!-- This site is optimized with the Yoast SEO plugin v26.8 - https:\/\/yoast.com\/product\/yoast-seo-wordpress\/ -->\n<title>Feuerbetone - Refracol Dupont &amp; Cie<\/title>\n<meta name=\"robots\" content=\"index, follow, max-snippet:-1, max-image-preview:large, max-video-preview:-1\" \/>\n<link rel=\"canonical\" href=\"https:\/\/refracol.com\/de\/nos-produits\/betons\/\" \/>\n<meta property=\"og:locale\" content=\"de_DE\" \/>\n<meta property=\"og:type\" content=\"article\" \/>\n<meta property=\"og:title\" content=\"Feuerbetone - Refracol Dupont &amp; Cie\" \/>\n<meta property=\"og:description\" content=\"[vc_row][vc_column][vc_column_text]Dichte oder Isolierbetone, Betone mit mittlerem, niedrigem bzw. sehr niedrigem Zementgehalt, Gie\u00dfbetone, R\u00fcttelgie\u00dfbetone, Torkretiermassen oder selbstflie\u00dfende Betone. Produktreferenzen : BETON 88, 96 A, 770, 9400 ; REFRACOL\u202fCAST 550\/3P, 758 P ; THIXOMAG\u00a0 90, 494 EF, 472 AEF ; REMAG\u202f261\u202f; REFRAVIBRE \u202f65\u202fSR, 85 R, 95, 99 D, 870 ; CASTALONE S712, C496, \u2026[\/vc_column_text][vc_single_image image=&#8220;79&#8243; img_size=&#8220;full&#8220; alignment=&#8220;center&#8220;][\/vc_column][\/vc_row][vc_row][vc_column][\/vc_column][\/vc_row]\" \/>\n<meta property=\"og:url\" content=\"https:\/\/refracol.com\/de\/nos-produits\/betons\/\" \/>\n<meta property=\"og:site_name\" content=\"Refracol Dupont &amp; Cie\" \/>\n<meta property=\"article:modified_time\" content=\"2016-11-21T17:34:34+00:00\" \/>\n<meta name=\"twitter:card\" content=\"summary_large_image\" \/>\n<script type=\"application\/ld+json\" class=\"yoast-schema-graph\">{\"@context\":\"https:\/\/schema.org\",\"@graph\":[{\"@type\":\"WebPage\",\"@id\":\"https:\/\/refracol.com\/de\/nos-produits\/betons\/\",\"url\":\"https:\/\/refracol.com\/de\/nos-produits\/betons\/\",\"name\":\"Feuerbetone - Refracol Dupont &amp; Cie\",\"isPartOf\":{\"@id\":\"https:\/\/refracol.com\/#website\"},\"datePublished\":\"2014-07-21T17:01:22+00:00\",\"dateModified\":\"2016-11-21T17:34:34+00:00\",\"breadcrumb\":{\"@id\":\"https:\/\/refracol.com\/de\/nos-produits\/betons\/#breadcrumb\"},\"inLanguage\":\"de\",\"potentialAction\":[{\"@type\":\"ReadAction\",\"target\":[\"https:\/\/refracol.com\/de\/nos-produits\/betons\/\"]}]},{\"@type\":\"BreadcrumbList\",\"@id\":\"https:\/\/refracol.com\/de\/nos-produits\/betons\/#breadcrumb\",\"itemListElement\":[{\"@type\":\"ListItem\",\"position\":1,\"name\":\"Accueil\",\"item\":\"https:\/\/refracol.com\/de\/\"},{\"@type\":\"ListItem\",\"position\":2,\"name\":\"Unsere Produkte\",\"item\":\"https:\/\/refracol.com\/de\/nos-produits\/\"},{\"@type\":\"ListItem\",\"position\":3,\"name\":\"Feuerbetone\"}]},{\"@type\":\"WebSite\",\"@id\":\"https:\/\/refracol.com\/#website\",\"url\":\"https:\/\/refracol.com\/\",\"name\":\"Refracol Dupont &amp; Cie\",\"description\":\"Des r\u00e9fractaires de hautes performances\",\"potentialAction\":[{\"@type\":\"SearchAction\",\"target\":{\"@type\":\"EntryPoint\",\"urlTemplate\":\"https:\/\/refracol.com\/?s={search_term_string}\"},\"query-input\":{\"@type\":\"PropertyValueSpecification\",\"valueRequired\":true,\"valueName\":\"search_term_string\"}}],\"inLanguage\":\"de\"}]}<\/script>\n<!-- \/ Yoast SEO plugin. -->","yoast_head_json":{"title":"Feuerbetone - Refracol Dupont &amp; Cie","robots":{"index":"index","follow":"follow","max-snippet":"max-snippet:-1","max-image-preview":"max-image-preview:large","max-video-preview":"max-video-preview:-1"},"canonical":"https:\/\/refracol.com\/de\/nos-produits\/betons\/","og_locale":"de_DE","og_type":"article","og_title":"Feuerbetone - Refracol Dupont &amp; Cie","og_description":"[vc_row][vc_column][vc_column_text]Dichte oder Isolierbetone, Betone mit mittlerem, niedrigem bzw. sehr niedrigem Zementgehalt, Gie\u00dfbetone, R\u00fcttelgie\u00dfbetone, Torkretiermassen oder selbstflie\u00dfende Betone. Produktreferenzen : BETON 88, 96 A, 770, 9400 ; REFRACOL\u202fCAST 550\/3P, 758 P ; THIXOMAG\u00a0 90, 494 EF, 472 AEF ; REMAG\u202f261\u202f; REFRAVIBRE \u202f65\u202fSR, 85 R, 95, 99 D, 870 ; CASTALONE S712, C496, \u2026[\/vc_column_text][vc_single_image image=&#8220;79&#8243; img_size=&#8220;full&#8220; alignment=&#8220;center&#8220;][\/vc_column][\/vc_row][vc_row][vc_column][\/vc_column][\/vc_row]","og_url":"https:\/\/refracol.com\/de\/nos-produits\/betons\/","og_site_name":"Refracol Dupont &amp; Cie","article_modified_time":"2016-11-21T17:34:34+00:00","twitter_card":"summary_large_image","schema":{"@context":"https:\/\/schema.org","@graph":[{"@type":"WebPage","@id":"https:\/\/refracol.com\/de\/nos-produits\/betons\/","url":"https:\/\/refracol.com\/de\/nos-produits\/betons\/","name":"Feuerbetone - Refracol Dupont &amp; Cie","isPartOf":{"@id":"https:\/\/refracol.com\/#website"},"datePublished":"2014-07-21T17:01:22+00:00","dateModified":"2016-11-21T17:34:34+00:00","breadcrumb":{"@id":"https:\/\/refracol.com\/de\/nos-produits\/betons\/#breadcrumb"},"inLanguage":"de","potentialAction":[{"@type":"ReadAction","target":["https:\/\/refracol.com\/de\/nos-produits\/betons\/"]}]},{"@type":"BreadcrumbList","@id":"https:\/\/refracol.com\/de\/nos-produits\/betons\/#breadcrumb","itemListElement":[{"@type":"ListItem","position":1,"name":"Accueil","item":"https:\/\/refracol.com\/de\/"},{"@type":"ListItem","position":2,"name":"Unsere Produkte","item":"https:\/\/refracol.com\/de\/nos-produits\/"},{"@type":"ListItem","position":3,"name":"Feuerbetone"}]},{"@type":"WebSite","@id":"https:\/\/refracol.com\/#website","url":"https:\/\/refracol.com\/","name":"Refracol Dupont &amp; Cie","description":"Des r\u00e9fractaires de hautes performances","potentialAction":[{"@type":"SearchAction","target":{"@type":"EntryPoint","urlTemplate":"https:\/\/refracol.com\/?s={search_term_string}"},"query-input":{"@type":"PropertyValueSpecification","valueRequired":true,"valueName":"search_term_string"}}],"inLanguage":"de"}]}},"_links":{"self":[{"href":"https:\/\/refracol.com\/de\/wp-json\/wp\/v2\/pages\/585","targetHints":{"allow":["GET"]}}],"collection":[{"href":"https:\/\/refracol.com\/de\/wp-json\/wp\/v2\/pages"}],"about":[{"href":"https:\/\/refracol.com\/de\/wp-json\/wp\/v2\/types\/page"}],"author":[{"embeddable":true,"href":"https:\/\/refracol.com\/de\/wp-json\/wp\/v2\/users\/2"}],"replies":[{"embeddable":true,"href":"https:\/\/refracol.com\/de\/wp-json\/wp\/v2\/comments?post=585"}],"version-history":[{"count":0,"href":"https:\/\/refracol.com\/de\/wp-json\/wp\/v2\/pages\/585\/revisions"}],"up":[{"embeddable":true,"href":"https:\/\/refracol.com\/de\/wp-json\/wp\/v2\/pages\/583"}],"wp:attachment":[{"href":"https:\/\/refracol.com\/de\/wp-json\/wp\/v2\/media?parent=585"}],"curies":[{"name":"wp","href":"https:\/\/api.w.org\/{rel}","templated":true}]}}