{"id":586,"date":"2014-07-22T08:52:50","date_gmt":"2014-07-22T07:52:50","guid":{"rendered":"https:\/\/refracol.com\/nos-produits\/ciments\/"},"modified":"2016-11-21T18:08:46","modified_gmt":"2016-11-21T17:08:46","slug":"ciments","status":"publish","type":"page","link":"https:\/\/refracol.com\/de\/nos-produits\/ciments\/","title":{"rendered":"M\u00f6rtel"},"content":{"rendered":"<p>[vc_row][vc_column][vc_column_text]M\u00f6rtel, Kleber, Beschichtungen, s\u00e4urefeste Flickmassen und Kitte :<\/p>\n<p><span style=\"color: #ff550e;\">Produktreferenzen :<\/span><br \/>\n<b>REFRACOL<\/b> 3, REFRACOL 2, REFRACOL 6, REFRACOL 6A72, REFRACOL 7, REFRACOL 14, REFRACOL 12A, REFRACOL 20, REFRACOL 26 ASG\/DP, REFRACOL 29 DK,\u00a0REFRACOL 620 A, REFRACOL 616P, \u2026[\/vc_column_text][vc_single_image image=&#8220;100&#8243; img_size=&#8220;full&#8220; alignment=&#8220;center&#8220;][\/vc_column][\/vc_row][vc_row][vc_column][\/vc_column][\/vc_row]<\/p>\n","protected":false},"excerpt":{"rendered":"<p>[vc_row][vc_column][vc_column_text]M\u00f6rtel, Kleber, Beschichtungen, s\u00e4urefeste Flickmassen und Kitte : Produktreferenzen : REFRACOL 3, REFRACOL 2, REFRACOL 6, REFRACOL 6A72, REFRACOL 7, REFRACOL 14, REFRACOL 12A, REFRACOL 20, REFRACOL 26 ASG\/DP, REFRACOL 29 DK,\u00a0REFRACOL 620 A, REFRACOL 616P, \u2026[\/vc_column_text][vc_single_image image=&#8220;100&#8243; img_size=&#8220;full&#8220; alignment=&#8220;center&#8220;][\/vc_column][\/vc_row][vc_row][vc_column][\/vc_column][\/vc_row]<\/p>\n","protected":false},"author":2,"featured_media":0,"parent":583,"menu_order":0,"comment_status":"open","ping_status":"open","template":"","meta":{"footnotes":""},"class_list":["post-586","page","type-page","status-publish","hentry"],"yoast_head":"<!-- This site is optimized with the Yoast SEO plugin v26.8 - https:\/\/yoast.com\/product\/yoast-seo-wordpress\/ -->\n<title>M\u00f6rtel - Refracol Dupont &amp; Cie<\/title>\n<meta name=\"robots\" content=\"index, follow, max-snippet:-1, max-image-preview:large, max-video-preview:-1\" \/>\n<link rel=\"canonical\" href=\"https:\/\/refracol.com\/de\/nos-produits\/ciments\/\" \/>\n<meta property=\"og:locale\" content=\"de_DE\" \/>\n<meta property=\"og:type\" content=\"article\" \/>\n<meta property=\"og:title\" content=\"M\u00f6rtel - Refracol Dupont &amp; Cie\" \/>\n<meta property=\"og:description\" content=\"[vc_row][vc_column][vc_column_text]M\u00f6rtel, Kleber, Beschichtungen, s\u00e4urefeste Flickmassen und Kitte : Produktreferenzen : REFRACOL 3, REFRACOL 2, REFRACOL 6, REFRACOL 6A72, REFRACOL 7, REFRACOL 14, REFRACOL 12A, REFRACOL 20, REFRACOL 26 ASG\/DP, REFRACOL 29 DK,\u00a0REFRACOL 620 A, REFRACOL 616P, \u2026[\/vc_column_text][vc_single_image image=&#8220;100&#8243; img_size=&#8220;full&#8220; alignment=&#8220;center&#8220;][\/vc_column][\/vc_row][vc_row][vc_column][\/vc_column][\/vc_row]\" \/>\n<meta property=\"og:url\" content=\"https:\/\/refracol.com\/de\/nos-produits\/ciments\/\" \/>\n<meta property=\"og:site_name\" content=\"Refracol Dupont &amp; Cie\" \/>\n<meta property=\"article:modified_time\" content=\"2016-11-21T17:08:46+00:00\" \/>\n<meta name=\"twitter:card\" content=\"summary_large_image\" \/>\n<script type=\"application\/ld+json\" class=\"yoast-schema-graph\">{\"@context\":\"https:\/\/schema.org\",\"@graph\":[{\"@type\":\"WebPage\",\"@id\":\"https:\/\/refracol.com\/de\/nos-produits\/ciments\/\",\"url\":\"https:\/\/refracol.com\/de\/nos-produits\/ciments\/\",\"name\":\"M\u00f6rtel - Refracol Dupont &amp; Cie\",\"isPartOf\":{\"@id\":\"https:\/\/refracol.com\/#website\"},\"datePublished\":\"2014-07-22T07:52:50+00:00\",\"dateModified\":\"2016-11-21T17:08:46+00:00\",\"breadcrumb\":{\"@id\":\"https:\/\/refracol.com\/de\/nos-produits\/ciments\/#breadcrumb\"},\"inLanguage\":\"de\",\"potentialAction\":[{\"@type\":\"ReadAction\",\"target\":[\"https:\/\/refracol.com\/de\/nos-produits\/ciments\/\"]}]},{\"@type\":\"BreadcrumbList\",\"@id\":\"https:\/\/refracol.com\/de\/nos-produits\/ciments\/#breadcrumb\",\"itemListElement\":[{\"@type\":\"ListItem\",\"position\":1,\"name\":\"Accueil\",\"item\":\"https:\/\/refracol.com\/de\/\"},{\"@type\":\"ListItem\",\"position\":2,\"name\":\"Unsere Produkte\",\"item\":\"https:\/\/refracol.com\/de\/nos-produits\/\"},{\"@type\":\"ListItem\",\"position\":3,\"name\":\"M\u00f6rtel\"}]},{\"@type\":\"WebSite\",\"@id\":\"https:\/\/refracol.com\/#website\",\"url\":\"https:\/\/refracol.com\/\",\"name\":\"Refracol Dupont &amp; Cie\",\"description\":\"Des r\u00e9fractaires de hautes performances\",\"potentialAction\":[{\"@type\":\"SearchAction\",\"target\":{\"@type\":\"EntryPoint\",\"urlTemplate\":\"https:\/\/refracol.com\/?s={search_term_string}\"},\"query-input\":{\"@type\":\"PropertyValueSpecification\",\"valueRequired\":true,\"valueName\":\"search_term_string\"}}],\"inLanguage\":\"de\"}]}<\/script>\n<!-- \/ Yoast SEO plugin. -->","yoast_head_json":{"title":"M\u00f6rtel - Refracol Dupont &amp; Cie","robots":{"index":"index","follow":"follow","max-snippet":"max-snippet:-1","max-image-preview":"max-image-preview:large","max-video-preview":"max-video-preview:-1"},"canonical":"https:\/\/refracol.com\/de\/nos-produits\/ciments\/","og_locale":"de_DE","og_type":"article","og_title":"M\u00f6rtel - Refracol Dupont &amp; Cie","og_description":"[vc_row][vc_column][vc_column_text]M\u00f6rtel, Kleber, Beschichtungen, s\u00e4urefeste Flickmassen und Kitte : Produktreferenzen : REFRACOL 3, REFRACOL 2, REFRACOL 6, REFRACOL 6A72, REFRACOL 7, REFRACOL 14, REFRACOL 12A, REFRACOL 20, REFRACOL 26 ASG\/DP, REFRACOL 29 DK,\u00a0REFRACOL 620 A, REFRACOL 616P, \u2026[\/vc_column_text][vc_single_image image=&#8220;100&#8243; img_size=&#8220;full&#8220; alignment=&#8220;center&#8220;][\/vc_column][\/vc_row][vc_row][vc_column][\/vc_column][\/vc_row]","og_url":"https:\/\/refracol.com\/de\/nos-produits\/ciments\/","og_site_name":"Refracol Dupont &amp; Cie","article_modified_time":"2016-11-21T17:08:46+00:00","twitter_card":"summary_large_image","schema":{"@context":"https:\/\/schema.org","@graph":[{"@type":"WebPage","@id":"https:\/\/refracol.com\/de\/nos-produits\/ciments\/","url":"https:\/\/refracol.com\/de\/nos-produits\/ciments\/","name":"M\u00f6rtel - Refracol Dupont &amp; Cie","isPartOf":{"@id":"https:\/\/refracol.com\/#website"},"datePublished":"2014-07-22T07:52:50+00:00","dateModified":"2016-11-21T17:08:46+00:00","breadcrumb":{"@id":"https:\/\/refracol.com\/de\/nos-produits\/ciments\/#breadcrumb"},"inLanguage":"de","potentialAction":[{"@type":"ReadAction","target":["https:\/\/refracol.com\/de\/nos-produits\/ciments\/"]}]},{"@type":"BreadcrumbList","@id":"https:\/\/refracol.com\/de\/nos-produits\/ciments\/#breadcrumb","itemListElement":[{"@type":"ListItem","position":1,"name":"Accueil","item":"https:\/\/refracol.com\/de\/"},{"@type":"ListItem","position":2,"name":"Unsere Produkte","item":"https:\/\/refracol.com\/de\/nos-produits\/"},{"@type":"ListItem","position":3,"name":"M\u00f6rtel"}]},{"@type":"WebSite","@id":"https:\/\/refracol.com\/#website","url":"https:\/\/refracol.com\/","name":"Refracol Dupont &amp; Cie","description":"Des r\u00e9fractaires de hautes performances","potentialAction":[{"@type":"SearchAction","target":{"@type":"EntryPoint","urlTemplate":"https:\/\/refracol.com\/?s={search_term_string}"},"query-input":{"@type":"PropertyValueSpecification","valueRequired":true,"valueName":"search_term_string"}}],"inLanguage":"de"}]}},"_links":{"self":[{"href":"https:\/\/refracol.com\/de\/wp-json\/wp\/v2\/pages\/586","targetHints":{"allow":["GET"]}}],"collection":[{"href":"https:\/\/refracol.com\/de\/wp-json\/wp\/v2\/pages"}],"about":[{"href":"https:\/\/refracol.com\/de\/wp-json\/wp\/v2\/types\/page"}],"author":[{"embeddable":true,"href":"https:\/\/refracol.com\/de\/wp-json\/wp\/v2\/users\/2"}],"replies":[{"embeddable":true,"href":"https:\/\/refracol.com\/de\/wp-json\/wp\/v2\/comments?post=586"}],"version-history":[{"count":0,"href":"https:\/\/refracol.com\/de\/wp-json\/wp\/v2\/pages\/586\/revisions"}],"up":[{"embeddable":true,"href":"https:\/\/refracol.com\/de\/wp-json\/wp\/v2\/pages\/583"}],"wp:attachment":[{"href":"https:\/\/refracol.com\/de\/wp-json\/wp\/v2\/media?parent=586"}],"curies":[{"name":"wp","href":"https:\/\/api.w.org\/{rel}","templated":true}]}}