{"id":1112,"date":"2018-11-19T10:26:38","date_gmt":"2018-11-19T09:26:38","guid":{"rendered":"https:\/\/refracol.com\/contactenos\/"},"modified":"2023-06-12T17:15:26","modified_gmt":"2023-06-12T16:15:26","slug":"contactenos","status":"publish","type":"page","link":"https:\/\/refracol.com\/es\/contactenos\/","title":{"rendered":"Contactenos"},"content":{"rendered":"<p>[vc_row][vc_column width=&#8221;2\/3&#8243;][vc_column_text]Si Ud desea informaci\u00f3n adicional,<br \/>\ndocumentaci\u00f3n t\u00e9cnica,<br \/>\nun consejo t\u00e9cnico, una oferta con precio,<br \/>\npor favor, use el formulario siguiente:[\/vc_column_text]\n<div class=\"wpcf7 no-js\" id=\"wpcf7-f1160-o1\" lang=\"fr-FR\" dir=\"ltr\" data-wpcf7-id=\"1160\">\n<div class=\"screen-reader-response\"><p role=\"status\" aria-live=\"polite\" aria-atomic=\"true\"><\/p> <ul><\/ul><\/div>\n<form action=\"\/es\/wp-json\/wp\/v2\/pages\/1112#wpcf7-f1160-o1\" method=\"post\" class=\"wpcf7-form init\" aria-label=\"Contact form\" enctype=\"multipart\/form-data\" novalidate=\"novalidate\" data-status=\"init\">\n<fieldset class=\"hidden-fields-container\"><input type=\"hidden\" name=\"_wpcf7\" value=\"1160\" \/><input type=\"hidden\" name=\"_wpcf7_version\" value=\"6.1.5\" \/><input type=\"hidden\" name=\"_wpcf7_locale\" value=\"fr_FR\" \/><input type=\"hidden\" name=\"_wpcf7_unit_tag\" value=\"wpcf7-f1160-o1\" \/><input type=\"hidden\" name=\"_wpcf7_container_post\" value=\"0\" \/><input type=\"hidden\" name=\"_wpcf7_posted_data_hash\" value=\"\" \/><input type=\"hidden\" name=\"_wpcf7_recaptcha_response\" value=\"\" \/>\n<\/fieldset>\n<p class=\"ewf-span5\">Apellido\n<\/p>\n<p><span class=\"wpcf7-form-control-wrap\" data-name=\"your-name\"><input size=\"40\" maxlength=\"400\" class=\"wpcf7-form-control wpcf7-text wpcf7-validates-as-required\" aria-required=\"true\" aria-invalid=\"false\" value=\"\" type=\"text\" name=\"your-name\" \/><\/span>\n<\/p>\n<p class=\"ewf-span5\">Nombre\n<\/p>\n<p><span class=\"wpcf7-form-control-wrap\" data-name=\"your-firstname\"><input size=\"40\" maxlength=\"400\" class=\"wpcf7-form-control wpcf7-text wpcf7-validates-as-required\" aria-required=\"true\" aria-invalid=\"false\" value=\"\" type=\"text\" name=\"your-firstname\" \/><\/span>\n<\/p>\n<p class=\"ewf-span5\">Sociedad\n<\/p>\n<p><span class=\"wpcf7-form-control-wrap\" data-name=\"your-name\"><input size=\"40\" maxlength=\"400\" class=\"wpcf7-form-control wpcf7-text wpcf7-validates-as-required\" aria-required=\"true\" aria-invalid=\"false\" value=\"\" type=\"text\" name=\"your-name\" \/><\/span>\n<\/p>\n<p class=\"ewf-span10\">Direcci\u00f3n\n<\/p>\n<p><span class=\"wpcf7-form-control-wrap\" data-name=\"your-adress\"><input size=\"40\" maxlength=\"400\" class=\"wpcf7-form-control wpcf7-text wpcf7-validates-as-required\" aria-required=\"true\" aria-invalid=\"false\" value=\"\" type=\"text\" name=\"your-adress\" \/><\/span>\n<\/p>\n<p class=\"ewf-span5\">C\u00f3digo Postal\n<\/p>\n<p><span class=\"wpcf7-form-control-wrap\" data-name=\"your-postcode\"><input size=\"40\" maxlength=\"400\" class=\"wpcf7-form-control wpcf7-text wpcf7-validates-as-required\" aria-required=\"true\" aria-invalid=\"false\" value=\"\" type=\"text\" name=\"your-postcode\" \/><\/span>\n<\/p>\n<p class=\"ewf-span5\">Ciudad\n<\/p>\n<p><span class=\"wpcf7-form-control-wrap\" data-name=\"your-city\"><input size=\"40\" maxlength=\"400\" class=\"wpcf7-form-control wpcf7-text wpcf7-validates-as-required\" aria-required=\"true\" aria-invalid=\"false\" value=\"\" type=\"text\" name=\"your-city\" \/><\/span>\n<\/p>\n<p class=\"ewf-span5\">Email\n<\/p>\n<p><span class=\"wpcf7-form-control-wrap\" data-name=\"your-email\"><input size=\"40\" maxlength=\"400\" class=\"wpcf7-form-control wpcf7-email wpcf7-validates-as-required wpcf7-text wpcf7-validates-as-email\" aria-required=\"true\" aria-invalid=\"false\" value=\"\" type=\"email\" name=\"your-email\" \/><\/span>\n<\/p>\n<p class=\"ewf-span5\">Tel.\n<\/p>\n<p><span class=\"wpcf7-form-control-wrap\" data-name=\"your-phone\"><input size=\"40\" maxlength=\"400\" class=\"wpcf7-form-control wpcf7-tel wpcf7-validates-as-required wpcf7-text wpcf7-validates-as-tel\" aria-required=\"true\" aria-invalid=\"false\" value=\"\" type=\"tel\" name=\"your-phone\" \/><\/span>\n<\/p>\n<p class=\"ewf-span10\">Documento\n<\/p>\n<p><span class=\"wpcf7-form-control-wrap\" data-name=\"file-982\"><input size=\"40\" class=\"wpcf7-form-control wpcf7-file\" accept=\"audio\/*,video\/*,image\/*\" aria-invalid=\"false\" type=\"file\" name=\"file-982\" \/><\/span>\n<\/p>\n<p class=\"ewf-span10\">Mensaje\n<\/p>\n<p><span class=\"wpcf7-form-control-wrap\" data-name=\"your-message\"><textarea cols=\"40\" rows=\"10\" maxlength=\"2000\" class=\"wpcf7-form-control wpcf7-textarea\" aria-invalid=\"false\" name=\"your-message\"><\/textarea><\/span>\n<\/p>\n<p><span class=\"wpcf7-form-control-wrap\" data-name=\"acceptance-585\"><span class=\"wpcf7-form-control wpcf7-acceptance\"><span class=\"wpcf7-list-item\"><label><input type=\"checkbox\" name=\"acceptance-585\" value=\"1\" aria-invalid=\"false\" \/><span class=\"wpcf7-list-item-label\">He le\u00eddo la <a href=\"https:\/\/refracol.com\/es\/politica-de-confidencialidad\/\" target=\"_blank\">pol\u00edtica de privacidad<\/a>, la acepto sin reservas y consiento el tratamiento de los datos recogidos.<\/span><\/label><\/span><\/span><\/span>\n<\/p>\n<div class=\"ewf-span10\" style=\"margin-bottom:15px\">\n<\/div>\n<p class=\"ewf-span5\"><input class=\"wpcf7-form-control wpcf7-submit has-spinner\" type=\"submit\" value=\"Enviar\" \/>\n<\/p><div class=\"wpcf7-response-output\" aria-hidden=\"true\"><\/div>\n<\/form>\n<\/div>\n[\/vc_column][vc_column width=&#8221;1\/3&#8243;]\r\n\t\t\t\t\t<div class=\"icon-box-1\">\r\n\t\t\t\t\t\t<i class=\"ifc-map_marker\"><\/i>\r\n\t\t\t\t\t\t<div class=\"icon-box-content\">\r\n\t\t\t\t\t\t\t<h3>\r\n\t\t\t\t\t\t\t\tContacto\r\n\t\t\t\t\t\t\t<\/h3>\r\n\t\t\t\t\t\t\t\r\n\t\t\t\t\t\t\t\r\n\t\t\t\t\t\t<\/div><!-- end .icon-box-content -->\r\n\t\t\t\t\t<\/div><!-- end .icon-box-1 -->[vc_column_text]<strong>REFRACOL DUPONT et Cie<\/strong><br \/>\n35 rue de la Gare<br \/>\n59770 MARLY<br \/>\nFrance<\/p>\n<p>Tel. : +33 (0)3 27 46 37 76<\/p>\n<p><a class=\"btn btn-black btn-large\" href=\"https:\/\/www.google.fr\/maps\/place\/Refracol+Dupont+Et+Cie\/@50.348614,3.53494,17z\/data=!3m1!4b1!4m2!3m1!1s0x0:0xaba8ee00c5a0481f\" target=\"_blank\" rel=\"noopener\">Ver sobre el mapa<\/a>[\/vc_column_text][\/vc_column][\/vc_row][vc_row fullwidth=&#8221;1&#8243; css=&#8221;.vc_custom_1406024908765{margin-top: 50px !important;margin-bottom: 0px !important;border-top-width: 5px !important;border-color: #ec0236 !important;border-style: solid !important;}&#8221;][vc_column][vc_column_text css=&#8221;.vc_custom_1406025001136{margin-top: 0px !important;margin-bottom: 0px !important;}&#8221;]<iframe loading=\"lazy\" style=\"border: 0;\" src=\"https:\/\/www.google.com\/maps\/embed?pb=!1m14!1m8!1m3!1d2545.9620072870975!2d3.5349399999999997!3d50.348614!3m2!1i1024!2i768!4f13.1!3m3!1m2!1s0x0%3A0xaba8ee00c5a0481f!2sRefracol+Dupont+Et+Cie!5e0!3m2!1sfr!2sfr!4v1406024362912\" width=\"100%\" height=\"455\" frameborder=\"0\"><\/iframe>[\/vc_column_text][\/vc_column][\/vc_row]<\/p>\n","protected":false},"excerpt":{"rendered":"<p>[vc_row][vc_column width=&#8221;2\/3&#8243;][vc_column_text]Si Ud desea informaci\u00f3n adicional, documentaci\u00f3n t\u00e9cnica, un consejo t\u00e9cnico, una oferta con precio, por favor, use el formulario siguiente:[\/vc_column_text][\/vc_column][vc_column width=&#8221;1\/3&#8243;][vc_column_text]REFRACOL DUPONT et Cie 35 rue de la Gare 59770 MARLY France Tel. : +33 (0)3 27 46 37 76 Ver sobre el mapa[\/vc_column_text][\/vc_column][\/vc_row][vc_row fullwidth=&#8221;1&#8243; css=&#8221;.vc_custom_1406024908765{margin-top: 50px !important;margin-bottom: 0px !important;border-top-width: 5px !important;border-color: #ec0236 !important;border-style: [&hellip;]<\/p>\n","protected":false},"author":1,"featured_media":0,"parent":0,"menu_order":0,"comment_status":"open","ping_status":"open","template":"","meta":{"footnotes":""},"class_list":["post-1112","page","type-page","status-publish","hentry"],"yoast_head":"<!-- This site is optimized with the Yoast SEO plugin v26.8 - https:\/\/yoast.com\/product\/yoast-seo-wordpress\/ -->\n<title>Contactenos - Refracol Dupont &amp; Cie<\/title>\n<meta name=\"robots\" content=\"index, follow, max-snippet:-1, max-image-preview:large, max-video-preview:-1\" \/>\n<link rel=\"canonical\" href=\"https:\/\/refracol.com\/es\/contactenos\/\" \/>\n<meta property=\"og:locale\" content=\"es_ES\" \/>\n<meta property=\"og:type\" content=\"article\" \/>\n<meta property=\"og:title\" content=\"Contactenos - Refracol Dupont &amp; Cie\" \/>\n<meta property=\"og:description\" content=\"[vc_row][vc_column width=&#8221;2\/3&#8243;][vc_column_text]Si Ud desea informaci\u00f3n adicional, documentaci\u00f3n t\u00e9cnica, un consejo t\u00e9cnico, una oferta con precio, por favor, use el formulario siguiente:[\/vc_column_text][\/vc_column][vc_column width=&#8221;1\/3&#8243;][vc_column_text]REFRACOL DUPONT et Cie 35 rue de la Gare 59770 MARLY France Tel. : +33 (0)3 27 46 37 76 Ver sobre el mapa[\/vc_column_text][\/vc_column][\/vc_row][vc_row fullwidth=&#8221;1&#8243; css=&#8221;.vc_custom_1406024908765{margin-top: 50px !important;margin-bottom: 0px !important;border-top-width: 5px !important;border-color: #ec0236 !important;border-style: [&hellip;]\" \/>\n<meta property=\"og:url\" content=\"https:\/\/refracol.com\/es\/contactenos\/\" \/>\n<meta property=\"og:site_name\" content=\"Refracol Dupont &amp; Cie\" \/>\n<meta property=\"article:modified_time\" content=\"2023-06-12T16:15:26+00:00\" \/>\n<meta name=\"twitter:card\" content=\"summary_large_image\" \/>\n<meta name=\"twitter:label1\" content=\"Est. reading time\" \/>\n\t<meta name=\"twitter:data1\" content=\"1 minute\" \/>\n<script type=\"application\/ld+json\" class=\"yoast-schema-graph\">{\"@context\":\"https:\/\/schema.org\",\"@graph\":[{\"@type\":\"WebPage\",\"@id\":\"https:\/\/refracol.com\/es\/contactenos\/\",\"url\":\"https:\/\/refracol.com\/es\/contactenos\/\",\"name\":\"Contactenos - Refracol Dupont &amp; Cie\",\"isPartOf\":{\"@id\":\"https:\/\/refracol.com\/#website\"},\"datePublished\":\"2018-11-19T09:26:38+00:00\",\"dateModified\":\"2023-06-12T16:15:26+00:00\",\"breadcrumb\":{\"@id\":\"https:\/\/refracol.com\/es\/contactenos\/#breadcrumb\"},\"inLanguage\":\"es-ES\",\"potentialAction\":[{\"@type\":\"ReadAction\",\"target\":[\"https:\/\/refracol.com\/es\/contactenos\/\"]}]},{\"@type\":\"BreadcrumbList\",\"@id\":\"https:\/\/refracol.com\/es\/contactenos\/#breadcrumb\",\"itemListElement\":[{\"@type\":\"ListItem\",\"position\":1,\"name\":\"Accueil\",\"item\":\"https:\/\/refracol.com\/es\/\"},{\"@type\":\"ListItem\",\"position\":2,\"name\":\"Contactenos\"}]},{\"@type\":\"WebSite\",\"@id\":\"https:\/\/refracol.com\/#website\",\"url\":\"https:\/\/refracol.com\/\",\"name\":\"Refracol Dupont &amp; Cie\",\"description\":\"Des r\u00e9fractaires de hautes performances\",\"potentialAction\":[{\"@type\":\"SearchAction\",\"target\":{\"@type\":\"EntryPoint\",\"urlTemplate\":\"https:\/\/refracol.com\/?s={search_term_string}\"},\"query-input\":{\"@type\":\"PropertyValueSpecification\",\"valueRequired\":true,\"valueName\":\"search_term_string\"}}],\"inLanguage\":\"es-ES\"}]}<\/script>\n<!-- \/ Yoast SEO plugin. -->","yoast_head_json":{"title":"Contactenos - Refracol Dupont &amp; Cie","robots":{"index":"index","follow":"follow","max-snippet":"max-snippet:-1","max-image-preview":"max-image-preview:large","max-video-preview":"max-video-preview:-1"},"canonical":"https:\/\/refracol.com\/es\/contactenos\/","og_locale":"es_ES","og_type":"article","og_title":"Contactenos - Refracol Dupont &amp; Cie","og_description":"[vc_row][vc_column width=&#8221;2\/3&#8243;][vc_column_text]Si Ud desea informaci\u00f3n adicional, documentaci\u00f3n t\u00e9cnica, un consejo t\u00e9cnico, una oferta con precio, por favor, use el formulario siguiente:[\/vc_column_text][\/vc_column][vc_column width=&#8221;1\/3&#8243;][vc_column_text]REFRACOL DUPONT et Cie 35 rue de la Gare 59770 MARLY France Tel. : +33 (0)3 27 46 37 76 Ver sobre el mapa[\/vc_column_text][\/vc_column][\/vc_row][vc_row fullwidth=&#8221;1&#8243; css=&#8221;.vc_custom_1406024908765{margin-top: 50px !important;margin-bottom: 0px !important;border-top-width: 5px !important;border-color: #ec0236 !important;border-style: [&hellip;]","og_url":"https:\/\/refracol.com\/es\/contactenos\/","og_site_name":"Refracol Dupont &amp; Cie","article_modified_time":"2023-06-12T16:15:26+00:00","twitter_card":"summary_large_image","twitter_misc":{"Est. reading time":"1 minute"},"schema":{"@context":"https:\/\/schema.org","@graph":[{"@type":"WebPage","@id":"https:\/\/refracol.com\/es\/contactenos\/","url":"https:\/\/refracol.com\/es\/contactenos\/","name":"Contactenos - Refracol Dupont &amp; Cie","isPartOf":{"@id":"https:\/\/refracol.com\/#website"},"datePublished":"2018-11-19T09:26:38+00:00","dateModified":"2023-06-12T16:15:26+00:00","breadcrumb":{"@id":"https:\/\/refracol.com\/es\/contactenos\/#breadcrumb"},"inLanguage":"es-ES","potentialAction":[{"@type":"ReadAction","target":["https:\/\/refracol.com\/es\/contactenos\/"]}]},{"@type":"BreadcrumbList","@id":"https:\/\/refracol.com\/es\/contactenos\/#breadcrumb","itemListElement":[{"@type":"ListItem","position":1,"name":"Accueil","item":"https:\/\/refracol.com\/es\/"},{"@type":"ListItem","position":2,"name":"Contactenos"}]},{"@type":"WebSite","@id":"https:\/\/refracol.com\/#website","url":"https:\/\/refracol.com\/","name":"Refracol Dupont &amp; Cie","description":"Des r\u00e9fractaires de hautes performances","potentialAction":[{"@type":"SearchAction","target":{"@type":"EntryPoint","urlTemplate":"https:\/\/refracol.com\/?s={search_term_string}"},"query-input":{"@type":"PropertyValueSpecification","valueRequired":true,"valueName":"search_term_string"}}],"inLanguage":"es-ES"}]}},"_links":{"self":[{"href":"https:\/\/refracol.com\/es\/wp-json\/wp\/v2\/pages\/1112","targetHints":{"allow":["GET"]}}],"collection":[{"href":"https:\/\/refracol.com\/es\/wp-json\/wp\/v2\/pages"}],"about":[{"href":"https:\/\/refracol.com\/es\/wp-json\/wp\/v2\/types\/page"}],"author":[{"embeddable":true,"href":"https:\/\/refracol.com\/es\/wp-json\/wp\/v2\/users\/1"}],"replies":[{"embeddable":true,"href":"https:\/\/refracol.com\/es\/wp-json\/wp\/v2\/comments?post=1112"}],"version-history":[{"count":1,"href":"https:\/\/refracol.com\/es\/wp-json\/wp\/v2\/pages\/1112\/revisions"}],"predecessor-version":[{"id":1659,"href":"https:\/\/refracol.com\/es\/wp-json\/wp\/v2\/pages\/1112\/revisions\/1659"}],"wp:attachment":[{"href":"https:\/\/refracol.com\/es\/wp-json\/wp\/v2\/media?parent=1112"}],"curies":[{"name":"wp","href":"https:\/\/api.w.org\/{rel}","templated":true}]}}