{"id":1116,"date":"2014-07-18T14:51:59","date_gmt":"2014-07-18T13:51:59","guid":{"rendered":"https:\/\/refracol.com\/inicio\/"},"modified":"2024-12-16T18:05:04","modified_gmt":"2024-12-16T17:05:04","slug":"accueil","status":"publish","type":"page","link":"https:\/\/refracol.com\/es\/","title":{"rendered":"Accueil"},"content":{"rendered":"<p>[vc_row parallax=&#8221;1&#8243; fullwidth=&#8221;1&#8243;][vc_column][vc_column_text]<!-- START REVOLUTION SLIDER 4.3.8 fullwidth mode -->\n\n<div id=\"rev_slider_1_1_wrapper\" class=\"rev_slider_wrapper fullwidthbanner-container\" style=\"margin:0px auto;background-color:#ffffff;padding:0px;margin-top:0px;margin-bottom:0px;max-height:500px;\">\n\t<div id=\"rev_slider_1_1\" class=\"rev_slider fullwidthabanner\" style=\"display:none;max-height:500px;height:500px;\">\n<ul>\t<!-- SLIDE  -->\n\t<li data-transition=\"fade\" data-slotamount=\"7\" data-masterspeed=\"1000\" >\n\t\t<!-- MAIN IMAGE -->\n\t\t<img decoding=\"async\" src=\"https:\/\/refracol.com\/wp-content\/plugins\/revslider\/images\/dummy.png\"  alt=\"siege_refracol\" data-lazyload=\"https:\/\/refracol.com\/wp-content\/uploads\/2014\/07\/siege_refracol.jpg\" data-bgposition=\"center center\" data-bgfit=\"cover\" data-bgrepeat=\"no-repeat\">\n\t\t<!-- LAYERS -->\n\t<\/li>\n\t<!-- SLIDE  -->\n\t<li data-transition=\"fade\" data-slotamount=\"7\" data-masterspeed=\"1000\" >\n\t\t<!-- MAIN IMAGE -->\n\t\t<img decoding=\"async\" src=\"https:\/\/refracol.com\/wp-content\/plugins\/revslider\/images\/dummy.png\"  alt=\"betons1\" data-lazyload=\"https:\/\/refracol.com\/wp-content\/uploads\/2014\/07\/betons1.jpg\" data-bgposition=\"center center\" data-bgfit=\"cover\" data-bgrepeat=\"no-repeat\">\n\t\t<!-- LAYERS -->\n\t<\/li>\n\t<!-- SLIDE  -->\n\t<li data-transition=\"fade\" data-slotamount=\"7\" data-masterspeed=\"1000\" >\n\t\t<!-- MAIN IMAGE -->\n\t\t<img decoding=\"async\" src=\"https:\/\/refracol.com\/wp-content\/plugins\/revslider\/images\/dummy.png\"  alt=\"ciments1\" data-lazyload=\"https:\/\/refracol.com\/wp-content\/uploads\/2014\/07\/ciments1.jpg\" data-bgposition=\"center center\" data-bgfit=\"cover\" data-bgrepeat=\"no-repeat\">\n\t\t<!-- LAYERS -->\n\t<\/li>\n\t<!-- SLIDE  -->\n\t<li data-transition=\"fade\" data-slotamount=\"7\" data-masterspeed=\"1000\" >\n\t\t<!-- MAIN IMAGE -->\n\t\t<img decoding=\"async\" src=\"https:\/\/refracol.com\/wp-content\/plugins\/revslider\/images\/dummy.png\"  alt=\"pieces-de-forme1\" data-lazyload=\"https:\/\/refracol.com\/wp-content\/uploads\/2014\/07\/pieces-de-forme1.jpg\" data-bgposition=\"center top\" data-bgfit=\"cover\" data-bgrepeat=\"no-repeat\">\n\t\t<!-- LAYERS -->\n\t<\/li>\n\t<!-- SLIDE  -->\n\t<li data-transition=\"fade\" data-slotamount=\"7\" data-masterspeed=\"1000\" >\n\t\t<!-- MAIN IMAGE -->\n\t\t<img decoding=\"async\" src=\"https:\/\/refracol.com\/wp-content\/plugins\/revslider\/images\/dummy.png\"  alt=\"pises1\" data-lazyload=\"https:\/\/refracol.com\/wp-content\/uploads\/2014\/07\/pises1.jpg\" data-bgposition=\"center top\" data-bgfit=\"cover\" data-bgrepeat=\"no-repeat\">\n\t\t<!-- LAYERS -->\n\t<\/li>\n\t<!-- SLIDE  -->\n\t<li data-transition=\"fade\" data-slotamount=\"7\" data-masterspeed=\"1000\" >\n\t\t<!-- MAIN IMAGE -->\n\t\t<img decoding=\"async\" src=\"https:\/\/refracol.com\/wp-content\/plugins\/revslider\/images\/dummy.png\"  alt=\"labo\" data-lazyload=\"https:\/\/refracol.com\/wp-content\/uploads\/2014\/07\/labo.jpg\" data-bgposition=\"center top\" data-bgfit=\"cover\" data-bgrepeat=\"no-repeat\">\n\t\t<!-- LAYERS -->\n\t<\/li>\n\t<!-- SLIDE  -->\n\t<li data-transition=\"random\" data-slotamount=\"7\" >\n\t\t<!-- MAIN IMAGE -->\n\t\t<img decoding=\"async\" src=\"https:\/\/refracol.com\/wp-content\/plugins\/revslider\/images\/dummy.png\"  alt=\"Cve-Refracol-2021_4-copie-1\" data-lazyload=\"https:\/\/refracol.com\/wp-content\/uploads\/2023\/10\/Cve-Refracol-2021_4-copie-1.jpg\" data-bgposition=\"center top\" data-bgfit=\"cover\" data-bgrepeat=\"no-repeat\">\n\t\t<!-- LAYERS -->\n\t<\/li>\n<\/ul>\n<div class=\"tp-bannertimer\"><\/div>\t<\/div>\n<\/div>\t\t\t\r\n\t\t\t<script type=\"text\/javascript\">\r\n\r\n\t\t\t\tvar tpj=jQuery;\t\t\t\t\r\n\t\t\t\ttpj.noConflict();\t\t\t\t\r\n\t\t\t\tvar revapi1;\r\n\t\t\t\t\r\n\t\t\t\ttpj(document).ready(function() {\r\n\t\t\t\t\t\t\t\t\r\n\t\t\t\tif(tpj('#rev_slider_1_1').revolution == undefined)\r\n\t\t\t\t\trevslider_showDoubleJqueryError('#rev_slider_1_1');\r\n\t\t\t\telse\r\n\t\t\t\t   revapi1 = tpj('#rev_slider_1_1').show().revolution(\r\n\t\t\t\t\t{\r\n\t\t\t\t\t\tdottedOverlay:\"none\",\r\n\t\t\t\t\t\tdelay:5000,\r\n\t\t\t\t\t\tstartwidth:960,\r\n\t\t\t\t\t\tstartheight:500,\r\n\t\t\t\t\t\thideThumbs:200,\r\n\t\t\t\t\t\t\r\n\t\t\t\t\t\tthumbWidth:100,\r\n\t\t\t\t\t\tthumbHeight:50,\r\n\t\t\t\t\t\tthumbAmount:5,\r\n\t\t\t\t\t\t\r\n\t\t\t\t\t\tnavigationType:\"bullet\",\r\n\t\t\t\t\t\tnavigationArrows:\"solo\",\r\n\t\t\t\t\t\tnavigationStyle:\"round\",\r\n\t\t\t\t\t\t\r\n\t\t\t\t\t\ttouchenabled:\"on\",\r\n\t\t\t\t\t\tonHoverStop:\"off\",\r\n\t\t\t\t\t\t\r\n\t\t\t\t\t\tswipe_velocity: 0.7,\r\n\t\t\t\t\t\tswipe_min_touches: 1,\r\n\t\t\t\t\t\tswipe_max_touches: 1,\r\n\t\t\t\t\t\tdrag_block_vertical: false,\r\n\t\t\t\t\t\t\t\t\t\t\t\t\r\n\t\t\t\t\t\tkeyboardNavigation:\"off\",\r\n\t\t\t\t\t\t\r\n\t\t\t\t\t\tnavigationHAlign:\"center\",\r\n\t\t\t\t\t\tnavigationVAlign:\"bottom\",\r\n\t\t\t\t\t\tnavigationHOffset:0,\r\n\t\t\t\t\t\tnavigationVOffset:20,\r\n\r\n\t\t\t\t\t\tsoloArrowLeftHalign:\"left\",\r\n\t\t\t\t\t\tsoloArrowLeftValign:\"center\",\r\n\t\t\t\t\t\tsoloArrowLeftHOffset:20,\r\n\t\t\t\t\t\tsoloArrowLeftVOffset:0,\r\n\r\n\t\t\t\t\t\tsoloArrowRightHalign:\"right\",\r\n\t\t\t\t\t\tsoloArrowRightValign:\"center\",\r\n\t\t\t\t\t\tsoloArrowRightHOffset:20,\r\n\t\t\t\t\t\tsoloArrowRightVOffset:0,\r\n\t\t\t\t\t\t\t\t\r\n\t\t\t\t\t\tshadow:0,\r\n\t\t\t\t\t\tfullWidth:\"on\",\r\n\t\t\t\t\t\tfullScreen:\"off\",\r\n\r\n\t\t\t\t\t\tspinner:\"spinner2\",\r\n\t\t\t\t\t\t\r\n\t\t\t\t\t\tstopLoop:\"on\",\r\n\t\t\t\t\t\tstopAfterLoops:1,\r\n\t\t\t\t\t\tstopAtSlide:1,\r\n\r\n\t\t\t\t\t\t\r\n\t\t\t\t\t\tshuffle:\"off\",\r\n\t\t\t\t\t\t\r\n\t\t\t\t\t\tautoHeight:\"on\",\t\t\t\t\t\t\r\n\t\t\t\t\t\tforceFullWidth:\"on\",\t\t\t\t\t\t\r\n\t\t\t\t\t\t\t\t\t\t\t\t\r\n\t\t\t\t\t\t\t\t\t\t\t\t\r\n\t\t\t\t\t\t\t\t\t\t\t\t\r\n\t\t\t\t\t\thideThumbsOnMobile:\"off\",\r\n\t\t\t\t\t\thideNavDelayOnMobile:1500,\t\t\t\t\t\thideBulletsOnMobile:\"off\",\r\n\t\t\t\t\t\thideArrowsOnMobile:\"off\",\r\n\t\t\t\t\t\thideThumbsUnderResolution:0,\r\n\t\t\t\t\t\t\r\n\t\t\t\t\t\thideSliderAtLimit:0,\r\n\t\t\t\t\t\thideCaptionAtLimit:0,\r\n\t\t\t\t\t\thideAllCaptionAtLilmit:0,\r\n\t\t\t\t\t\tstartWithSlide:0,\r\n\t\t\t\t\t\tvideoJsPath:\"https:\/\/refracol.com\/wp-content\/plugins\/revslider\/rs-plugin\/videojs\/\",\r\n\t\t\t\t\t\tfullScreenOffsetContainer: \"\"\t\r\n\t\t\t\t\t});\r\n\t\t\t\t\r\n\t\t\t\t});\t\/\/ready\r\n\t\t\t\t\r\n\t\t\t<\/script>\r\n\t\t\t\r\n\t\t\t<style type=\"text\/css\">\n\t#rev_slider_1_1_wrapper .tp-loader.spinner2{ background-color: #FFFFFF !important; }\n<\/style>\n<!-- END REVOLUTION SLIDER -->[\/vc_column_text][\/vc_column][\/vc_row][vc_row parallax=&#8221;1&#8243; fullwidth=&#8221;1&#8243; css=&#8221;.vc_custom_1408352365134{padding-top: 50px !important;padding-bottom: 50px !important;background-image: url(https:\/\/refracol.com\/wp-content\/uploads\/2014\/07\/Fond-Refracol.jpg?id=362) !important;}&#8221;][vc_column][vc_column_text]<\/p>\n<h1 style=\"text-align: center;\"><span style=\"font-style: inherit; text-align: center; color: #ffffff;\">BIENVENIDO A LA PAGINA WEB DE REFRACOL DUPONT &amp; CIE<\/span><\/h1>\n<p>[\/vc_column_text][\/vc_column][\/vc_row][vc_row][vc_column css=&#8221;.vc_custom_1542638731500{margin-top: 40px !important;}&#8221;]<h3 class=\"headline-2\"><span>Editorial<\/span><\/h3>[\/vc_column][\/vc_row][vc_row][vc_column][vc_column_text]Desde hace m\u00e1s de 70 a\u00f1os la Sociedad REFRACOL Dupont y C\u00eda no ha dejado de adaptarse e innovar con objeto de responder lo mejor posible a las necesidades refractarias de la industria. Las <b>prestaciones<\/b> de sus productos refractarios y su sentido de <b>servicio<\/b>, otorgan a la Sociedad REFRACOL Dupont et C\u00eda un <b>reconocimiento internacional.<\/b><\/p>\n<p>Tambi\u00e9n al d\u00eda de hoy REFRACOL participa activamente en <b>la mejora de los contenidos refractarios<\/b> que optimicen los procesos y aseguren el \u00e9xito a sus clientes.[\/vc_column_text][\/vc_column][\/vc_row][vc_row][vc_column][\/vc_column][\/vc_row][vc_row][vc_column css=&#8221;.vc_custom_1542638742839{margin-top: 40px !important;}&#8221;]<h3 class=\"headline-2\"><span>Nuestros productos<\/span><\/h3>[\/vc_column][\/vc_row][vc_row][vc_column width=&#8221;1\/4&#8243;]\r\n\t\t\t\t\t<div class=\"icon-box-2\">\r\n\t\t\t\t\t\t<i class=\"ifc-play\"><\/i>\r\n\t\t\t\t\t\t<div class=\"icon-box-content\">\r\n\t\t\t\t\t\t\t<h3 class=\"text-uppercase text-center\">\r\n\t\t\t\t\t\t\t\tHormigones\r\n\t\t\t\t\t\t\t<\/h3>\r\n\t\t\t\t\t\t\t\r\n\t\t\t\t\t\t\t<p class=\"text-center\"><\/p>\n<p style=\"text-align: center; padding: 0 15px 0 0;\">Hormigones densos o aislantes. Hormigones de medio, bajo o ultrabajo contenido en cemento. Hormigones para colar, vibrar, gunitar o autocolables.<\/p>\n<p><p class=\"last text-center\"><a class=\"btn\" href=\"https:\/\/refracol.com\/es\/productos\/hormigones\/\">Para saber +<\/a><\/p><\/p>\r\n\t\t\t\t\t\t<\/div><!-- end .icon-box-content -->\r\n\t\t\t\t\t<\/div><!-- end .icon-box-2 -->[\/vc_column][vc_column width=&#8221;1\/4&#8243;]\r\n\t\t\t\t\t<div class=\"icon-box-2\">\r\n\t\t\t\t\t\t<i class=\"ifc-play\"><\/i>\r\n\t\t\t\t\t\t<div class=\"icon-box-content\">\r\n\t\t\t\t\t\t\t<h3 class=\"text-uppercase text-center\">\r\n\t\t\t\t\t\t\t\tCementos\r\n\t\t\t\t\t\t\t<\/h3>\r\n\t\t\t\t\t\t\t\r\n\t\t\t\t\t\t\t<p class=\"text-center\"><\/p>\n<p style=\"text-align: center; padding: 0 15px;\">Cementos de fraguado en fr\u00edo y en caliente, colas, argamasas, masillas, enlucidos, morteros, de parcheo, y ciments anti\u00e1cidos.<\/p>\n<p><p class=\"last text-center\"><a class=\"btn\" href=\"https:\/\/refracol.com\/es\/productos\/cementos\/\">Para saber +<\/a><\/p><\/p>\r\n\t\t\t\t\t\t<\/div><!-- end .icon-box-content -->\r\n\t\t\t\t\t<\/div><!-- end .icon-box-2 -->[\/vc_column][vc_column width=&#8221;1\/4&#8243; css=&#8221;.vc_custom_1542639152755{margin-right: 10px !important;margin-left: 10px !important;}&#8221;]\r\n\t\t\t\t\t<div class=\"icon-box-2\">\r\n\t\t\t\t\t\t<i class=\"ifc-play\"><\/i>\r\n\t\t\t\t\t\t<div class=\"icon-box-content\">\r\n\t\t\t\t\t\t\t<h3 class=\"text-uppercase text-center\">\r\n\t\t\t\t\t\t\t\tPiezas transformadas\r\n\t\t\t\t\t\t\t<\/h3>\r\n\t\t\t\t\t\t\t\r\n\t\t\t\t\t\t\t<p class=\"text-center\"><\/p>\n<p style=\"text-align: center; padding: 0 15px;\">Piezas prefabricadas en hormig\u00f3n y temperadas hasta 600\u00baC.<br \/>\nSeries peque\u00f1as y medianas desde 10 kg hasta 12 tons.<\/p>\n<p><p class=\"last text-center\"><a class=\"btn\" href=\"https:\/\/refracol.com\/es\/productos\/piezas-conformadas\/\">Para saber +<\/a><\/p><\/p>\r\n\t\t\t\t\t\t<\/div><!-- end .icon-box-content -->\r\n\t\t\t\t\t<\/div><!-- end .icon-box-2 -->[\/vc_column][vc_column width=&#8221;1\/4&#8243; css=&#8221;.vc_custom_1542639162633{margin-left: 10px !important;}&#8221;]\r\n\t\t\t\t\t<div class=\"icon-box-2\">\r\n\t\t\t\t\t\t<i class=\"ifc-play\"><\/i>\r\n\t\t\t\t\t\t<div class=\"icon-box-content\">\r\n\t\t\t\t\t\t\t<h3 class=\"text-uppercase text-center\">\r\n\t\t\t\t\t\t\t\tApisonables\r\n\t\t\t\t\t\t\t<\/h3>\r\n\t\t\t\t\t\t\t\r\n\t\t\t\t\t\t\t<p class=\"text-center\"><\/p>\n<p style=\"text-align: center; padding: 0 0 0 15px;\">Apisonables secos o h\u00famedos.<br \/>\nApisonables de magnesita de ligado qu\u00edmico o cer\u00e1mico<\/p>\n<p><p class=\"last text-center\"><a class=\"btn\" href=\"https:\/\/refracol.com\/es\/productos\/apisonables\/\">Para saber +<\/a><\/p><\/p>\r\n\t\t\t\t\t\t<\/div><!-- end .icon-box-content -->\r\n\t\t\t\t\t<\/div><!-- end .icon-box-2 -->[\/vc_column][\/vc_row][vc_column width=&#8221;1\/4&#8243;][\/vc_column][vc_column width=&#8221;1\/4&#8243;][\/vc_column][vc_column width=&#8221;1\/4&#8243;][\/vc_column][vc_row][vc_column]<h3 class=\"headline-2\"><span>\u00a1Refracol est\u00e1 en LinkedIn!<\/span><\/h3>[\/vc_column][\/vc_row][vc_row][vc_column][vc_column_text]<\/p>\n<p style=\"text-align: center;\">Mant\u00e9ngase informado de nuestras noticias suscribi\u00e9ndose a nuestra p\u00e1gina de LinkedIn:<\/p>\n<p>[\/vc_column_text][\/vc_column][\/vc_row][vc_row][vc_column][vc_single_image image=&#8221;1515&#8243; alignment=&#8221;center&#8221; onclick=&#8221;custom_link&#8221; img_link_target=&#8221;_blank&#8221; link=&#8221;https:\/\/www.linkedin.com\/company\/refracol&#8221;][vc_column_text]\u00a0[\/vc_column_text][\/vc_column][\/vc_row]<\/p>\n","protected":false},"excerpt":{"rendered":"<p>[vc_row parallax=&#8221;1&#8243; fullwidth=&#8221;1&#8243;][vc_column][vc_column_text][\/vc_column_text][\/vc_column][\/vc_row][vc_row parallax=&#8221;1&#8243; fullwidth=&#8221;1&#8243; css=&#8221;.vc_custom_1408352365134{padding-top: 50px !important;padding-bottom: 50px !important;background-image: url(https:\/\/refracol.com\/wp-content\/uploads\/2014\/07\/Fond-Refracol.jpg?id=362) !important;}&#8221;][vc_column][vc_column_text] BIENVENIDO A LA PAGINA WEB DE REFRACOL DUPONT &amp; CIE [\/vc_column_text][\/vc_column][\/vc_row][vc_row][vc_column css=&#8221;.vc_custom_1542638731500{margin-top: 40px !important;}&#8221;][\/vc_column][\/vc_row][vc_row][vc_column][vc_column_text]Desde hace m\u00e1s de 70 a\u00f1os la Sociedad REFRACOL Dupont y C\u00eda no ha dejado de adaptarse e innovar con objeto de responder lo mejor posible a las necesidades refractarias [&hellip;]<\/p>\n","protected":false},"author":1,"featured_media":0,"parent":0,"menu_order":0,"comment_status":"open","ping_status":"open","template":"","meta":{"footnotes":""},"class_list":["post-1116","page","type-page","status-publish","hentry"],"yoast_head":"<!-- This site is optimized with the Yoast SEO plugin v26.8 - https:\/\/yoast.com\/product\/yoast-seo-wordpress\/ -->\n<title>Accueil - Refracol Dupont &amp; Cie<\/title>\n<meta name=\"robots\" content=\"index, follow, max-snippet:-1, max-image-preview:large, max-video-preview:-1\" \/>\n<link rel=\"canonical\" href=\"https:\/\/refracol.com\/es\/\" \/>\n<meta property=\"og:locale\" content=\"es_ES\" \/>\n<meta property=\"og:type\" content=\"article\" \/>\n<meta property=\"og:title\" content=\"Accueil - Refracol Dupont &amp; Cie\" \/>\n<meta property=\"og:description\" content=\"[vc_row parallax=&#8221;1&#8243; fullwidth=&#8221;1&#8243;][vc_column][vc_column_text][\/vc_column_text][\/vc_column][\/vc_row][vc_row parallax=&#8221;1&#8243; fullwidth=&#8221;1&#8243; css=&#8221;.vc_custom_1408352365134{padding-top: 50px !important;padding-bottom: 50px !important;background-image: url(https:\/\/refracol.com\/wp-content\/uploads\/2014\/07\/Fond-Refracol.jpg?id=362) !important;}&#8221;][vc_column][vc_column_text] BIENVENIDO A LA PAGINA WEB DE REFRACOL DUPONT &amp; CIE [\/vc_column_text][\/vc_column][\/vc_row][vc_row][vc_column css=&#8221;.vc_custom_1542638731500{margin-top: 40px !important;}&#8221;][\/vc_column][\/vc_row][vc_row][vc_column][vc_column_text]Desde hace m\u00e1s de 70 a\u00f1os la Sociedad REFRACOL Dupont y C\u00eda no ha dejado de adaptarse e innovar con objeto de responder lo mejor posible a las necesidades refractarias [&hellip;]\" \/>\n<meta property=\"og:url\" content=\"https:\/\/refracol.com\/es\/\" \/>\n<meta property=\"og:site_name\" content=\"Refracol Dupont &amp; Cie\" \/>\n<meta property=\"article:modified_time\" content=\"2024-12-16T17:05:04+00:00\" \/>\n<meta name=\"twitter:card\" content=\"summary_large_image\" \/>\n<meta name=\"twitter:label1\" content=\"Est. reading time\" \/>\n\t<meta name=\"twitter:data1\" content=\"2 minutes\" \/>\n<script type=\"application\/ld+json\" class=\"yoast-schema-graph\">{\"@context\":\"https:\/\/schema.org\",\"@graph\":[{\"@type\":\"WebPage\",\"@id\":\"https:\/\/refracol.com\/es\/\",\"url\":\"https:\/\/refracol.com\/es\/\",\"name\":\"Accueil - Refracol Dupont &amp; Cie\",\"isPartOf\":{\"@id\":\"https:\/\/refracol.com\/#website\"},\"datePublished\":\"2014-07-18T13:51:59+00:00\",\"dateModified\":\"2024-12-16T17:05:04+00:00\",\"breadcrumb\":{\"@id\":\"https:\/\/refracol.com\/es\/#breadcrumb\"},\"inLanguage\":\"es-ES\",\"potentialAction\":[{\"@type\":\"ReadAction\",\"target\":[\"https:\/\/refracol.com\/es\/\"]}]},{\"@type\":\"BreadcrumbList\",\"@id\":\"https:\/\/refracol.com\/es\/#breadcrumb\",\"itemListElement\":[{\"@type\":\"ListItem\",\"position\":1,\"name\":\"Accueil\",\"item\":\"https:\/\/refracol.com\/es\/\"},{\"@type\":\"ListItem\",\"position\":2,\"name\":\"Accueil\"}]},{\"@type\":\"WebSite\",\"@id\":\"https:\/\/refracol.com\/#website\",\"url\":\"https:\/\/refracol.com\/\",\"name\":\"Refracol Dupont &amp; Cie\",\"description\":\"Des r\u00e9fractaires de hautes performances\",\"potentialAction\":[{\"@type\":\"SearchAction\",\"target\":{\"@type\":\"EntryPoint\",\"urlTemplate\":\"https:\/\/refracol.com\/?s={search_term_string}\"},\"query-input\":{\"@type\":\"PropertyValueSpecification\",\"valueRequired\":true,\"valueName\":\"search_term_string\"}}],\"inLanguage\":\"es-ES\"}]}<\/script>\n<!-- \/ Yoast SEO plugin. -->","yoast_head_json":{"title":"Accueil - Refracol Dupont &amp; Cie","robots":{"index":"index","follow":"follow","max-snippet":"max-snippet:-1","max-image-preview":"max-image-preview:large","max-video-preview":"max-video-preview:-1"},"canonical":"https:\/\/refracol.com\/es\/","og_locale":"es_ES","og_type":"article","og_title":"Accueil - Refracol Dupont &amp; Cie","og_description":"[vc_row parallax=&#8221;1&#8243; fullwidth=&#8221;1&#8243;][vc_column][vc_column_text][\/vc_column_text][\/vc_column][\/vc_row][vc_row parallax=&#8221;1&#8243; fullwidth=&#8221;1&#8243; css=&#8221;.vc_custom_1408352365134{padding-top: 50px !important;padding-bottom: 50px !important;background-image: url(https:\/\/refracol.com\/wp-content\/uploads\/2014\/07\/Fond-Refracol.jpg?id=362) !important;}&#8221;][vc_column][vc_column_text] BIENVENIDO A LA PAGINA WEB DE REFRACOL DUPONT &amp; CIE [\/vc_column_text][\/vc_column][\/vc_row][vc_row][vc_column css=&#8221;.vc_custom_1542638731500{margin-top: 40px !important;}&#8221;][\/vc_column][\/vc_row][vc_row][vc_column][vc_column_text]Desde hace m\u00e1s de 70 a\u00f1os la Sociedad REFRACOL Dupont y C\u00eda no ha dejado de adaptarse e innovar con objeto de responder lo mejor posible a las necesidades refractarias [&hellip;]","og_url":"https:\/\/refracol.com\/es\/","og_site_name":"Refracol Dupont &amp; Cie","article_modified_time":"2024-12-16T17:05:04+00:00","twitter_card":"summary_large_image","twitter_misc":{"Est. reading time":"2 minutes"},"schema":{"@context":"https:\/\/schema.org","@graph":[{"@type":"WebPage","@id":"https:\/\/refracol.com\/es\/","url":"https:\/\/refracol.com\/es\/","name":"Accueil - Refracol Dupont &amp; Cie","isPartOf":{"@id":"https:\/\/refracol.com\/#website"},"datePublished":"2014-07-18T13:51:59+00:00","dateModified":"2024-12-16T17:05:04+00:00","breadcrumb":{"@id":"https:\/\/refracol.com\/es\/#breadcrumb"},"inLanguage":"es-ES","potentialAction":[{"@type":"ReadAction","target":["https:\/\/refracol.com\/es\/"]}]},{"@type":"BreadcrumbList","@id":"https:\/\/refracol.com\/es\/#breadcrumb","itemListElement":[{"@type":"ListItem","position":1,"name":"Accueil","item":"https:\/\/refracol.com\/es\/"},{"@type":"ListItem","position":2,"name":"Accueil"}]},{"@type":"WebSite","@id":"https:\/\/refracol.com\/#website","url":"https:\/\/refracol.com\/","name":"Refracol Dupont &amp; Cie","description":"Des r\u00e9fractaires de hautes performances","potentialAction":[{"@type":"SearchAction","target":{"@type":"EntryPoint","urlTemplate":"https:\/\/refracol.com\/?s={search_term_string}"},"query-input":{"@type":"PropertyValueSpecification","valueRequired":true,"valueName":"search_term_string"}}],"inLanguage":"es-ES"}]}},"_links":{"self":[{"href":"https:\/\/refracol.com\/es\/wp-json\/wp\/v2\/pages\/1116","targetHints":{"allow":["GET"]}}],"collection":[{"href":"https:\/\/refracol.com\/es\/wp-json\/wp\/v2\/pages"}],"about":[{"href":"https:\/\/refracol.com\/es\/wp-json\/wp\/v2\/types\/page"}],"author":[{"embeddable":true,"href":"https:\/\/refracol.com\/es\/wp-json\/wp\/v2\/users\/1"}],"replies":[{"embeddable":true,"href":"https:\/\/refracol.com\/es\/wp-json\/wp\/v2\/comments?post=1116"}],"version-history":[{"count":6,"href":"https:\/\/refracol.com\/es\/wp-json\/wp\/v2\/pages\/1116\/revisions"}],"predecessor-version":[{"id":1979,"href":"https:\/\/refracol.com\/es\/wp-json\/wp\/v2\/pages\/1116\/revisions\/1979"}],"wp:attachment":[{"href":"https:\/\/refracol.com\/es\/wp-json\/wp\/v2\/media?parent=1116"}],"curies":[{"name":"wp","href":"https:\/\/api.w.org\/{rel}","templated":true}]}}