{"id":1135,"date":"2018-11-19T10:48:24","date_gmt":"2018-11-19T09:48:24","guid":{"rendered":"https:\/\/refracol.com\/mercados\/"},"modified":"2018-11-19T16:56:23","modified_gmt":"2018-11-19T15:56:23","slug":"mercados","status":"publish","type":"page","link":"https:\/\/refracol.com\/es\/mercados\/","title":{"rendered":"Mercados"},"content":{"rendered":"<p>[vc_row ewf_row_title=&#8221;Full width&#8221;][vc_column width=&#8221;1\/1&#8243;][vc_column_text]<\/p>\n<p style=\"color: #000000;\"><span style=\"color: #ff550e;\">Siderurgia :<\/span> Cucharas para acero, cucharas para fundici\u00f3n, cucharas torpedo, tundish, R.H.O.B., hornos de arco, hornos de largueros,\u2026<\/p>\n<p style=\"color: #000000;\"><span style=\"color: #ff550e;\">Vidrieras :<\/span> Productos planos y envases. Productos de mamposter\u00eda y calafateado. Capa de seguridad, bloques difusores, tapones,\u2026<\/p>\n<p style=\"color: #000000;\"><span style=\"color: #ff550e;\">Cementeras :<\/span> V\u00eda h\u00fameda y semih\u00fameda. Enfriadores, tapas de precalentadores, anillo de entrada,\u2026<\/p>\n<p style=\"color: #000000;\"><span style=\"color: #ff550e;\">Tratamiento t\u00e9rmico : <\/span> Hornos de recocido, de forja y de temple. Solera, b\u00f3veda, dinteles, bloque de quemador\u2026<\/p>\n<p style=\"color: #000000;\"><span style=\"color: #ff550e;\">Incineraci\u00f3n\u00a0:<\/span> Incineradores de residuos s\u00f3lidos urbanos, industriales y hospitalarios. Placa de rives. Panel intercambiador, b\u00f3veda suspendida,\u2026<\/p>\n<p style=\"color: #000000;\"><span style=\"color: #ff550e;\">Fundicione de hierro y acero moldado\u00a0:<\/span> Hornos de crisol, de inducci\u00f3n y de arco. Cucharas, piqueras, canales de colada. Productos para estanqueidad de buzas,\u2026<\/p>\n<p style=\"color: #000000;\"><span style=\"color: #ff550e;\">Industria de no f\u00e9rreos :<\/span> Hornos de fusi\u00f3n, de mantenimiento y de afino. Canales, cajas de filtros,\u2026<\/p>\n<p>[\/vc_column_text]<h3 class=\"headline-2\"><span>Una proyecci\u00f3n internacional<\/span><\/h3>[rev_slider_vc alias=&#8221;marche&#8221;][\/vc_column][\/vc_row]<\/p>\n","protected":false},"excerpt":{"rendered":"<p>[vc_row ewf_row_title=&#8221;Full width&#8221;][vc_column width=&#8221;1\/1&#8243;][vc_column_text] Siderurgia : Cucharas para acero, cucharas para fundici\u00f3n, cucharas torpedo, tundish, R.H.O.B., hornos de arco, hornos de largueros,\u2026 Vidrieras : Productos planos y envases. Productos de mamposter\u00eda y calafateado. Capa de seguridad, bloques difusores, tapones,\u2026 Cementeras : V\u00eda h\u00fameda y semih\u00fameda. Enfriadores, tapas de precalentadores, anillo de entrada,\u2026 Tratamiento t\u00e9rmico : [&hellip;]<\/p>\n","protected":false},"author":2,"featured_media":0,"parent":0,"menu_order":0,"comment_status":"open","ping_status":"open","template":"","meta":{"footnotes":""},"class_list":["post-1135","page","type-page","status-publish","hentry"],"yoast_head":"<!-- This site is optimized with the Yoast SEO plugin v26.8 - https:\/\/yoast.com\/product\/yoast-seo-wordpress\/ -->\n<title>Mercados - Refracol Dupont &amp; Cie<\/title>\n<meta name=\"robots\" content=\"index, follow, max-snippet:-1, max-image-preview:large, max-video-preview:-1\" \/>\n<link rel=\"canonical\" href=\"https:\/\/refracol.com\/es\/mercados\/\" \/>\n<meta property=\"og:locale\" content=\"es_ES\" \/>\n<meta property=\"og:type\" content=\"article\" \/>\n<meta property=\"og:title\" content=\"Mercados - Refracol Dupont &amp; Cie\" \/>\n<meta property=\"og:description\" content=\"[vc_row ewf_row_title=&#8221;Full width&#8221;][vc_column width=&#8221;1\/1&#8243;][vc_column_text] Siderurgia : Cucharas para acero, cucharas para fundici\u00f3n, cucharas torpedo, tundish, R.H.O.B., hornos de arco, hornos de largueros,\u2026 Vidrieras : Productos planos y envases. Productos de mamposter\u00eda y calafateado. Capa de seguridad, bloques difusores, tapones,\u2026 Cementeras : V\u00eda h\u00fameda y semih\u00fameda. Enfriadores, tapas de precalentadores, anillo de entrada,\u2026 Tratamiento t\u00e9rmico : [&hellip;]\" \/>\n<meta property=\"og:url\" content=\"https:\/\/refracol.com\/es\/mercados\/\" \/>\n<meta property=\"og:site_name\" content=\"Refracol Dupont &amp; Cie\" \/>\n<meta property=\"article:modified_time\" content=\"2018-11-19T15:56:23+00:00\" \/>\n<meta name=\"twitter:card\" content=\"summary_large_image\" \/>\n<meta name=\"twitter:label1\" content=\"Est. reading time\" \/>\n\t<meta name=\"twitter:data1\" content=\"1 minute\" \/>\n<script type=\"application\/ld+json\" class=\"yoast-schema-graph\">{\"@context\":\"https:\/\/schema.org\",\"@graph\":[{\"@type\":\"WebPage\",\"@id\":\"https:\/\/refracol.com\/es\/mercados\/\",\"url\":\"https:\/\/refracol.com\/es\/mercados\/\",\"name\":\"Mercados - Refracol Dupont &amp; Cie\",\"isPartOf\":{\"@id\":\"https:\/\/refracol.com\/#website\"},\"datePublished\":\"2018-11-19T09:48:24+00:00\",\"dateModified\":\"2018-11-19T15:56:23+00:00\",\"breadcrumb\":{\"@id\":\"https:\/\/refracol.com\/es\/mercados\/#breadcrumb\"},\"inLanguage\":\"es-ES\",\"potentialAction\":[{\"@type\":\"ReadAction\",\"target\":[\"https:\/\/refracol.com\/es\/mercados\/\"]}]},{\"@type\":\"BreadcrumbList\",\"@id\":\"https:\/\/refracol.com\/es\/mercados\/#breadcrumb\",\"itemListElement\":[{\"@type\":\"ListItem\",\"position\":1,\"name\":\"Accueil\",\"item\":\"https:\/\/refracol.com\/es\/\"},{\"@type\":\"ListItem\",\"position\":2,\"name\":\"Mercados\"}]},{\"@type\":\"WebSite\",\"@id\":\"https:\/\/refracol.com\/#website\",\"url\":\"https:\/\/refracol.com\/\",\"name\":\"Refracol Dupont &amp; Cie\",\"description\":\"Des r\u00e9fractaires de hautes performances\",\"potentialAction\":[{\"@type\":\"SearchAction\",\"target\":{\"@type\":\"EntryPoint\",\"urlTemplate\":\"https:\/\/refracol.com\/?s={search_term_string}\"},\"query-input\":{\"@type\":\"PropertyValueSpecification\",\"valueRequired\":true,\"valueName\":\"search_term_string\"}}],\"inLanguage\":\"es-ES\"}]}<\/script>\n<!-- \/ Yoast SEO plugin. -->","yoast_head_json":{"title":"Mercados - Refracol Dupont &amp; Cie","robots":{"index":"index","follow":"follow","max-snippet":"max-snippet:-1","max-image-preview":"max-image-preview:large","max-video-preview":"max-video-preview:-1"},"canonical":"https:\/\/refracol.com\/es\/mercados\/","og_locale":"es_ES","og_type":"article","og_title":"Mercados - Refracol Dupont &amp; Cie","og_description":"[vc_row ewf_row_title=&#8221;Full width&#8221;][vc_column width=&#8221;1\/1&#8243;][vc_column_text] Siderurgia : Cucharas para acero, cucharas para fundici\u00f3n, cucharas torpedo, tundish, R.H.O.B., hornos de arco, hornos de largueros,\u2026 Vidrieras : Productos planos y envases. Productos de mamposter\u00eda y calafateado. Capa de seguridad, bloques difusores, tapones,\u2026 Cementeras : V\u00eda h\u00fameda y semih\u00fameda. Enfriadores, tapas de precalentadores, anillo de entrada,\u2026 Tratamiento t\u00e9rmico : [&hellip;]","og_url":"https:\/\/refracol.com\/es\/mercados\/","og_site_name":"Refracol Dupont &amp; Cie","article_modified_time":"2018-11-19T15:56:23+00:00","twitter_card":"summary_large_image","twitter_misc":{"Est. reading time":"1 minute"},"schema":{"@context":"https:\/\/schema.org","@graph":[{"@type":"WebPage","@id":"https:\/\/refracol.com\/es\/mercados\/","url":"https:\/\/refracol.com\/es\/mercados\/","name":"Mercados - Refracol Dupont &amp; Cie","isPartOf":{"@id":"https:\/\/refracol.com\/#website"},"datePublished":"2018-11-19T09:48:24+00:00","dateModified":"2018-11-19T15:56:23+00:00","breadcrumb":{"@id":"https:\/\/refracol.com\/es\/mercados\/#breadcrumb"},"inLanguage":"es-ES","potentialAction":[{"@type":"ReadAction","target":["https:\/\/refracol.com\/es\/mercados\/"]}]},{"@type":"BreadcrumbList","@id":"https:\/\/refracol.com\/es\/mercados\/#breadcrumb","itemListElement":[{"@type":"ListItem","position":1,"name":"Accueil","item":"https:\/\/refracol.com\/es\/"},{"@type":"ListItem","position":2,"name":"Mercados"}]},{"@type":"WebSite","@id":"https:\/\/refracol.com\/#website","url":"https:\/\/refracol.com\/","name":"Refracol Dupont &amp; Cie","description":"Des r\u00e9fractaires de hautes performances","potentialAction":[{"@type":"SearchAction","target":{"@type":"EntryPoint","urlTemplate":"https:\/\/refracol.com\/?s={search_term_string}"},"query-input":{"@type":"PropertyValueSpecification","valueRequired":true,"valueName":"search_term_string"}}],"inLanguage":"es-ES"}]}},"_links":{"self":[{"href":"https:\/\/refracol.com\/es\/wp-json\/wp\/v2\/pages\/1135","targetHints":{"allow":["GET"]}}],"collection":[{"href":"https:\/\/refracol.com\/es\/wp-json\/wp\/v2\/pages"}],"about":[{"href":"https:\/\/refracol.com\/es\/wp-json\/wp\/v2\/types\/page"}],"author":[{"embeddable":true,"href":"https:\/\/refracol.com\/es\/wp-json\/wp\/v2\/users\/2"}],"replies":[{"embeddable":true,"href":"https:\/\/refracol.com\/es\/wp-json\/wp\/v2\/comments?post=1135"}],"version-history":[{"count":0,"href":"https:\/\/refracol.com\/es\/wp-json\/wp\/v2\/pages\/1135\/revisions"}],"wp:attachment":[{"href":"https:\/\/refracol.com\/es\/wp-json\/wp\/v2\/media?parent=1135"}],"curies":[{"name":"wp","href":"https:\/\/api.w.org\/{rel}","templated":true}]}}