{"id":1137,"date":"2018-11-19T10:52:42","date_gmt":"2018-11-19T09:52:42","guid":{"rendered":"https:\/\/refracol.com\/productos\/"},"modified":"2018-11-19T16:26:55","modified_gmt":"2018-11-19T15:26:55","slug":"productos","status":"publish","type":"page","link":"https:\/\/refracol.com\/es\/productos\/","title":{"rendered":"Productos"},"content":{"rendered":"<p>[vc_row][vc_column]<h3 class=\"headline-2\"><span>Nuestros productos<\/span><\/h3>[vc_row_inner][vc_column_inner width=&#8221;1\/2&#8243; css=&#8221;.vc_custom_1406289142395{margin-bottom: 15px !important;padding: 5px !important;background-color: #e8e8e8 !important;}&#8221;]<h3 class=\"headline-2\"><span>Hormigones<\/span><\/h3>[vc_single_image image=&#8221;79&#8243; img_size=&#8221;300&#215;300&#8243; alignment=&#8221;center&#8221; img_link=&#8221;https:\/\/refracol.com\/nos-produits\/betons\/&#8221;][\/vc_column_inner][vc_column_inner width=&#8221;1\/2&#8243; css=&#8221;.vc_custom_1406306309646{margin-bottom: 15px !important;padding: 5px !important;background-color: #e8e8e8 !important;}&#8221;]<h3 class=\"headline-2\"><span>Cimentos<\/span><\/h3>[vc_single_image image=&#8221;100&#8243; img_size=&#8221;300&#215;300&#8243; alignment=&#8221;center&#8221; img_link=&#8221;https:\/\/refracol.com\/nos-produits\/ciments\/&#8221;][\/vc_column_inner][\/vc_row_inner][vc_row_inner][vc_column_inner width=&#8221;1\/2&#8243; css=&#8221;.vc_custom_1406306320018{margin-bottom: 15px !important;padding: 5px !important;background-color: #e8e8e8 !important;}&#8221;]<h3 class=\"headline-2\"><span>Piezas conformadas<\/span><\/h3>[vc_single_image image=&#8221;143&#8243; img_size=&#8221;300&#215;300&#8243; alignment=&#8221;center&#8221; img_link=&#8221;https:\/\/refracol.com\/nos-produits\/pieces-de-forme\/&#8221;][\/vc_column_inner][vc_column_inner width=&#8221;1\/2&#8243; css=&#8221;.vc_custom_1406306327106{margin-bottom: 15px !important;padding: 5px !important;background-color: #e8e8e8 !important;}&#8221;]<h3 class=\"headline-2\"><span>Apisonables<\/span><\/h3>[vc_single_image image=&#8221;140&#8243; img_size=&#8221;300&#215;300&#8243; alignment=&#8221;center&#8221; img_link=&#8221;https:\/\/refracol.com\/nos-produits\/pises-a-damer\/&#8221;][\/vc_column_inner][\/vc_row_inner]<div class=\"divider \" style=\"clear:both;padding:10px;\">&nbsp;<\/div>[vc_column_text]<\/p>\n<p style=\"color: #ff550e;\">Compuestos de las materias primas siguientes\u00a0:<\/p>\n<p style=\"color: #474d5d;\">S\u00edlice, chamota, kerfalita, andalucita, cromita, mullita, fosterita, magnesita, bauxita, corind\u00f3n, al\u00famina tabular, espinela, carburo de silicio, circonio y grafito.<\/p>\n<p style=\"color: #ff550e;\">Formulados a partir de los componentes qu\u00edmicos siguientes\u00a0:<\/p>\n<p style=\"color: #474d5d;\">Al<sub style=\"font-style: inherit;\">2<\/sub>O<sub style=\"font-style: inherit;\">3<\/sub>, SiO<sub style=\"font-style: inherit;\">2<\/sub>, MgO, ZrO<sub style=\"font-style: inherit;\">2<\/sub>, SiC, C<\/p>\n<p>[\/vc_column_text][\/vc_column][\/vc_row][vc_row][vc_column][\/vc_column][\/vc_row]<\/p>\n","protected":false},"excerpt":{"rendered":"<p>[vc_row][vc_column][vc_row_inner][vc_column_inner width=&#8221;1\/2&#8243; css=&#8221;.vc_custom_1406289142395{margin-bottom: 15px !important;padding: 5px !important;background-color: #e8e8e8 !important;}&#8221;][vc_single_image image=&#8221;79&#8243; img_size=&#8221;300&#215;300&#8243; alignment=&#8221;center&#8221; img_link=&#8221;https:\/\/refracol.com\/nos-produits\/betons\/&#8221;][\/vc_column_inner][vc_column_inner width=&#8221;1\/2&#8243; css=&#8221;.vc_custom_1406306309646{margin-bottom: 15px !important;padding: 5px !important;background-color: #e8e8e8 !important;}&#8221;][vc_single_image image=&#8221;100&#8243; img_size=&#8221;300&#215;300&#8243; alignment=&#8221;center&#8221; img_link=&#8221;https:\/\/refracol.com\/nos-produits\/ciments\/&#8221;][\/vc_column_inner][\/vc_row_inner][vc_row_inner][vc_column_inner width=&#8221;1\/2&#8243; css=&#8221;.vc_custom_1406306320018{margin-bottom: 15px !important;padding: 5px !important;background-color: #e8e8e8 !important;}&#8221;][vc_single_image image=&#8221;143&#8243; img_size=&#8221;300&#215;300&#8243; alignment=&#8221;center&#8221; img_link=&#8221;https:\/\/refracol.com\/nos-produits\/pieces-de-forme\/&#8221;][\/vc_column_inner][vc_column_inner width=&#8221;1\/2&#8243; css=&#8221;.vc_custom_1406306327106{margin-bottom: 15px !important;padding: 5px !important;background-color: #e8e8e8 !important;}&#8221;][vc_single_image image=&#8221;140&#8243; img_size=&#8221;300&#215;300&#8243; alignment=&#8221;center&#8221; img_link=&#8221;https:\/\/refracol.com\/nos-produits\/pises-a-damer\/&#8221;][\/vc_column_inner][\/vc_row_inner][vc_column_text] Compuestos de las materias primas siguientes\u00a0: [&hellip;]<\/p>\n","protected":false},"author":2,"featured_media":0,"parent":0,"menu_order":0,"comment_status":"open","ping_status":"open","template":"","meta":{"footnotes":""},"class_list":["post-1137","page","type-page","status-publish","hentry"],"yoast_head":"<!-- This site is optimized with the Yoast SEO plugin v26.8 - https:\/\/yoast.com\/product\/yoast-seo-wordpress\/ -->\n<title>Productos - Refracol Dupont &amp; Cie<\/title>\n<meta name=\"robots\" content=\"index, follow, max-snippet:-1, max-image-preview:large, max-video-preview:-1\" \/>\n<link rel=\"canonical\" href=\"https:\/\/refracol.com\/es\/productos\/\" \/>\n<meta property=\"og:locale\" content=\"es_ES\" \/>\n<meta property=\"og:type\" content=\"article\" \/>\n<meta property=\"og:title\" content=\"Productos - Refracol Dupont &amp; Cie\" \/>\n<meta property=\"og:description\" content=\"[vc_row][vc_column][vc_row_inner][vc_column_inner width=&#8221;1\/2&#8243; css=&#8221;.vc_custom_1406289142395{margin-bottom: 15px !important;padding: 5px !important;background-color: #e8e8e8 !important;}&#8221;][vc_single_image image=&#8221;79&#8243; img_size=&#8221;300&#215;300&#8243; alignment=&#8221;center&#8221; img_link=&#8221;https:\/\/refracol.com\/nos-produits\/betons\/&#8221;][\/vc_column_inner][vc_column_inner width=&#8221;1\/2&#8243; css=&#8221;.vc_custom_1406306309646{margin-bottom: 15px !important;padding: 5px !important;background-color: #e8e8e8 !important;}&#8221;][vc_single_image image=&#8221;100&#8243; img_size=&#8221;300&#215;300&#8243; alignment=&#8221;center&#8221; img_link=&#8221;https:\/\/refracol.com\/nos-produits\/ciments\/&#8221;][\/vc_column_inner][\/vc_row_inner][vc_row_inner][vc_column_inner width=&#8221;1\/2&#8243; css=&#8221;.vc_custom_1406306320018{margin-bottom: 15px !important;padding: 5px !important;background-color: #e8e8e8 !important;}&#8221;][vc_single_image image=&#8221;143&#8243; img_size=&#8221;300&#215;300&#8243; alignment=&#8221;center&#8221; img_link=&#8221;https:\/\/refracol.com\/nos-produits\/pieces-de-forme\/&#8221;][\/vc_column_inner][vc_column_inner width=&#8221;1\/2&#8243; css=&#8221;.vc_custom_1406306327106{margin-bottom: 15px !important;padding: 5px !important;background-color: #e8e8e8 !important;}&#8221;][vc_single_image image=&#8221;140&#8243; img_size=&#8221;300&#215;300&#8243; alignment=&#8221;center&#8221; img_link=&#8221;https:\/\/refracol.com\/nos-produits\/pises-a-damer\/&#8221;][\/vc_column_inner][\/vc_row_inner][vc_column_text] Compuestos de las materias primas siguientes\u00a0: [&hellip;]\" \/>\n<meta property=\"og:url\" content=\"https:\/\/refracol.com\/es\/productos\/\" \/>\n<meta property=\"og:site_name\" content=\"Refracol Dupont &amp; Cie\" \/>\n<meta property=\"article:modified_time\" content=\"2018-11-19T15:26:55+00:00\" \/>\n<meta name=\"twitter:card\" content=\"summary_large_image\" \/>\n<meta name=\"twitter:label1\" content=\"Est. reading time\" \/>\n\t<meta name=\"twitter:data1\" content=\"1 minute\" \/>\n<script type=\"application\/ld+json\" class=\"yoast-schema-graph\">{\"@context\":\"https:\/\/schema.org\",\"@graph\":[{\"@type\":\"WebPage\",\"@id\":\"https:\/\/refracol.com\/es\/productos\/\",\"url\":\"https:\/\/refracol.com\/es\/productos\/\",\"name\":\"Productos - Refracol Dupont &amp; Cie\",\"isPartOf\":{\"@id\":\"https:\/\/refracol.com\/#website\"},\"datePublished\":\"2018-11-19T09:52:42+00:00\",\"dateModified\":\"2018-11-19T15:26:55+00:00\",\"breadcrumb\":{\"@id\":\"https:\/\/refracol.com\/es\/productos\/#breadcrumb\"},\"inLanguage\":\"es-ES\",\"potentialAction\":[{\"@type\":\"ReadAction\",\"target\":[\"https:\/\/refracol.com\/es\/productos\/\"]}]},{\"@type\":\"BreadcrumbList\",\"@id\":\"https:\/\/refracol.com\/es\/productos\/#breadcrumb\",\"itemListElement\":[{\"@type\":\"ListItem\",\"position\":1,\"name\":\"Accueil\",\"item\":\"https:\/\/refracol.com\/es\/\"},{\"@type\":\"ListItem\",\"position\":2,\"name\":\"Productos\"}]},{\"@type\":\"WebSite\",\"@id\":\"https:\/\/refracol.com\/#website\",\"url\":\"https:\/\/refracol.com\/\",\"name\":\"Refracol Dupont &amp; Cie\",\"description\":\"Des r\u00e9fractaires de hautes performances\",\"potentialAction\":[{\"@type\":\"SearchAction\",\"target\":{\"@type\":\"EntryPoint\",\"urlTemplate\":\"https:\/\/refracol.com\/?s={search_term_string}\"},\"query-input\":{\"@type\":\"PropertyValueSpecification\",\"valueRequired\":true,\"valueName\":\"search_term_string\"}}],\"inLanguage\":\"es-ES\"}]}<\/script>\n<!-- \/ Yoast SEO plugin. -->","yoast_head_json":{"title":"Productos - Refracol Dupont &amp; Cie","robots":{"index":"index","follow":"follow","max-snippet":"max-snippet:-1","max-image-preview":"max-image-preview:large","max-video-preview":"max-video-preview:-1"},"canonical":"https:\/\/refracol.com\/es\/productos\/","og_locale":"es_ES","og_type":"article","og_title":"Productos - Refracol Dupont &amp; Cie","og_description":"[vc_row][vc_column][vc_row_inner][vc_column_inner width=&#8221;1\/2&#8243; css=&#8221;.vc_custom_1406289142395{margin-bottom: 15px !important;padding: 5px !important;background-color: #e8e8e8 !important;}&#8221;][vc_single_image image=&#8221;79&#8243; img_size=&#8221;300&#215;300&#8243; alignment=&#8221;center&#8221; img_link=&#8221;https:\/\/refracol.com\/nos-produits\/betons\/&#8221;][\/vc_column_inner][vc_column_inner width=&#8221;1\/2&#8243; css=&#8221;.vc_custom_1406306309646{margin-bottom: 15px !important;padding: 5px !important;background-color: #e8e8e8 !important;}&#8221;][vc_single_image image=&#8221;100&#8243; img_size=&#8221;300&#215;300&#8243; alignment=&#8221;center&#8221; img_link=&#8221;https:\/\/refracol.com\/nos-produits\/ciments\/&#8221;][\/vc_column_inner][\/vc_row_inner][vc_row_inner][vc_column_inner width=&#8221;1\/2&#8243; css=&#8221;.vc_custom_1406306320018{margin-bottom: 15px !important;padding: 5px !important;background-color: #e8e8e8 !important;}&#8221;][vc_single_image image=&#8221;143&#8243; img_size=&#8221;300&#215;300&#8243; alignment=&#8221;center&#8221; img_link=&#8221;https:\/\/refracol.com\/nos-produits\/pieces-de-forme\/&#8221;][\/vc_column_inner][vc_column_inner width=&#8221;1\/2&#8243; css=&#8221;.vc_custom_1406306327106{margin-bottom: 15px !important;padding: 5px !important;background-color: #e8e8e8 !important;}&#8221;][vc_single_image image=&#8221;140&#8243; img_size=&#8221;300&#215;300&#8243; alignment=&#8221;center&#8221; img_link=&#8221;https:\/\/refracol.com\/nos-produits\/pises-a-damer\/&#8221;][\/vc_column_inner][\/vc_row_inner][vc_column_text] Compuestos de las materias primas siguientes\u00a0: [&hellip;]","og_url":"https:\/\/refracol.com\/es\/productos\/","og_site_name":"Refracol Dupont &amp; Cie","article_modified_time":"2018-11-19T15:26:55+00:00","twitter_card":"summary_large_image","twitter_misc":{"Est. reading time":"1 minute"},"schema":{"@context":"https:\/\/schema.org","@graph":[{"@type":"WebPage","@id":"https:\/\/refracol.com\/es\/productos\/","url":"https:\/\/refracol.com\/es\/productos\/","name":"Productos - Refracol Dupont &amp; Cie","isPartOf":{"@id":"https:\/\/refracol.com\/#website"},"datePublished":"2018-11-19T09:52:42+00:00","dateModified":"2018-11-19T15:26:55+00:00","breadcrumb":{"@id":"https:\/\/refracol.com\/es\/productos\/#breadcrumb"},"inLanguage":"es-ES","potentialAction":[{"@type":"ReadAction","target":["https:\/\/refracol.com\/es\/productos\/"]}]},{"@type":"BreadcrumbList","@id":"https:\/\/refracol.com\/es\/productos\/#breadcrumb","itemListElement":[{"@type":"ListItem","position":1,"name":"Accueil","item":"https:\/\/refracol.com\/es\/"},{"@type":"ListItem","position":2,"name":"Productos"}]},{"@type":"WebSite","@id":"https:\/\/refracol.com\/#website","url":"https:\/\/refracol.com\/","name":"Refracol Dupont &amp; Cie","description":"Des r\u00e9fractaires de hautes performances","potentialAction":[{"@type":"SearchAction","target":{"@type":"EntryPoint","urlTemplate":"https:\/\/refracol.com\/?s={search_term_string}"},"query-input":{"@type":"PropertyValueSpecification","valueRequired":true,"valueName":"search_term_string"}}],"inLanguage":"es-ES"}]}},"_links":{"self":[{"href":"https:\/\/refracol.com\/es\/wp-json\/wp\/v2\/pages\/1137","targetHints":{"allow":["GET"]}}],"collection":[{"href":"https:\/\/refracol.com\/es\/wp-json\/wp\/v2\/pages"}],"about":[{"href":"https:\/\/refracol.com\/es\/wp-json\/wp\/v2\/types\/page"}],"author":[{"embeddable":true,"href":"https:\/\/refracol.com\/es\/wp-json\/wp\/v2\/users\/2"}],"replies":[{"embeddable":true,"href":"https:\/\/refracol.com\/es\/wp-json\/wp\/v2\/comments?post=1137"}],"version-history":[{"count":0,"href":"https:\/\/refracol.com\/es\/wp-json\/wp\/v2\/pages\/1137\/revisions"}],"wp:attachment":[{"href":"https:\/\/refracol.com\/es\/wp-json\/wp\/v2\/media?parent=1137"}],"curies":[{"name":"wp","href":"https:\/\/api.w.org\/{rel}","templated":true}]}}