{"id":1151,"date":"2018-11-19T10:58:30","date_gmt":"2018-11-19T09:58:30","guid":{"rendered":"https:\/\/refracol.com\/productos\/apisonables\/"},"modified":"2018-11-19T16:59:29","modified_gmt":"2018-11-19T15:59:29","slug":"apisonables","status":"publish","type":"page","link":"https:\/\/refracol.com\/es\/productos\/apisonables\/","title":{"rendered":"Apisonables"},"content":{"rendered":"<p>[vc_row][vc_column width=&#8221;1\/1&#8243;][vc_column_text]Apisonables secos o h\u00famedos. Apisonables de magnesita de ligado qu\u00edmico o cer\u00e1mico. Apisonables aluminosos de ligado qu\u00edmico o cer\u00e1mico.<\/p>\n<p><span style=\"color: #ff550e;\">Refrerencias :<\/span><br \/>\n<b>REFRACOL<\/b> 33A4, REFRACOL 38A4, REFRACOL 37A4 ; <b>PR<\/b> 288, PR 290 ; <b>REFRAM<\/b> 492 ; <b>MIXOMAG<\/b> 55, MIXOMAG 192, \u2026<\/p>\n<p>[\/vc_column_text][vc_single_image image=&#8221;140&#8243; alignment=&#8221;center&#8221; border_color=&#8221;grey&#8221; img_link_target=&#8221;_self&#8221; img_size=&#8221;960&#215;640&#8243;][\/vc_column][\/vc_row][vc_row][vc_column width=&#8221;1\/1&#8243;][\/vc_column][\/vc_row]<\/p>\n","protected":false},"excerpt":{"rendered":"<p>[vc_row][vc_column width=&#8221;1\/1&#8243;][vc_column_text]Apisonables secos o h\u00famedos. Apisonables de magnesita de ligado qu\u00edmico o cer\u00e1mico. Apisonables aluminosos de ligado qu\u00edmico o cer\u00e1mico. Refrerencias : REFRACOL 33A4, REFRACOL 38A4, REFRACOL 37A4 ; PR 288, PR 290 ; REFRAM 492 ; MIXOMAG 55, MIXOMAG 192, \u2026 [\/vc_column_text][vc_single_image image=&#8221;140&#8243; alignment=&#8221;center&#8221; border_color=&#8221;grey&#8221; img_link_target=&#8221;_self&#8221; img_size=&#8221;960&#215;640&#8243;][\/vc_column][\/vc_row][vc_row][vc_column width=&#8221;1\/1&#8243;][\/vc_column][\/vc_row]<\/p>\n","protected":false},"author":2,"featured_media":0,"parent":1137,"menu_order":0,"comment_status":"open","ping_status":"open","template":"","meta":{"footnotes":""},"class_list":["post-1151","page","type-page","status-publish","hentry"],"yoast_head":"<!-- This site is optimized with the Yoast SEO plugin v26.8 - https:\/\/yoast.com\/product\/yoast-seo-wordpress\/ -->\n<title>Apisonables - Refracol Dupont &amp; Cie<\/title>\n<meta name=\"robots\" content=\"index, follow, max-snippet:-1, max-image-preview:large, max-video-preview:-1\" \/>\n<link rel=\"canonical\" href=\"https:\/\/refracol.com\/es\/productos\/apisonables\/\" \/>\n<meta property=\"og:locale\" content=\"es_ES\" \/>\n<meta property=\"og:type\" content=\"article\" \/>\n<meta property=\"og:title\" content=\"Apisonables - Refracol Dupont &amp; Cie\" \/>\n<meta property=\"og:description\" content=\"[vc_row][vc_column width=&#8221;1\/1&#8243;][vc_column_text]Apisonables secos o h\u00famedos. Apisonables de magnesita de ligado qu\u00edmico o cer\u00e1mico. Apisonables aluminosos de ligado qu\u00edmico o cer\u00e1mico. Refrerencias : REFRACOL 33A4, REFRACOL 38A4, REFRACOL 37A4 ; PR 288, PR 290 ; REFRAM 492 ; MIXOMAG 55, MIXOMAG 192, \u2026 [\/vc_column_text][vc_single_image image=&#8221;140&#8243; alignment=&#8221;center&#8221; border_color=&#8221;grey&#8221; img_link_target=&#8221;_self&#8221; img_size=&#8221;960&#215;640&#8243;][\/vc_column][\/vc_row][vc_row][vc_column width=&#8221;1\/1&#8243;][\/vc_column][\/vc_row]\" \/>\n<meta property=\"og:url\" content=\"https:\/\/refracol.com\/es\/productos\/apisonables\/\" \/>\n<meta property=\"og:site_name\" content=\"Refracol Dupont &amp; Cie\" \/>\n<meta property=\"article:modified_time\" content=\"2018-11-19T15:59:29+00:00\" \/>\n<meta name=\"twitter:card\" content=\"summary_large_image\" \/>\n<script type=\"application\/ld+json\" class=\"yoast-schema-graph\">{\"@context\":\"https:\/\/schema.org\",\"@graph\":[{\"@type\":\"WebPage\",\"@id\":\"https:\/\/refracol.com\/es\/productos\/apisonables\/\",\"url\":\"https:\/\/refracol.com\/es\/productos\/apisonables\/\",\"name\":\"Apisonables - Refracol Dupont &amp; Cie\",\"isPartOf\":{\"@id\":\"https:\/\/refracol.com\/#website\"},\"datePublished\":\"2018-11-19T09:58:30+00:00\",\"dateModified\":\"2018-11-19T15:59:29+00:00\",\"breadcrumb\":{\"@id\":\"https:\/\/refracol.com\/es\/productos\/apisonables\/#breadcrumb\"},\"inLanguage\":\"es-ES\",\"potentialAction\":[{\"@type\":\"ReadAction\",\"target\":[\"https:\/\/refracol.com\/es\/productos\/apisonables\/\"]}]},{\"@type\":\"BreadcrumbList\",\"@id\":\"https:\/\/refracol.com\/es\/productos\/apisonables\/#breadcrumb\",\"itemListElement\":[{\"@type\":\"ListItem\",\"position\":1,\"name\":\"Accueil\",\"item\":\"https:\/\/refracol.com\/es\/\"},{\"@type\":\"ListItem\",\"position\":2,\"name\":\"Productos\",\"item\":\"https:\/\/refracol.com\/es\/productos\/\"},{\"@type\":\"ListItem\",\"position\":3,\"name\":\"Apisonables\"}]},{\"@type\":\"WebSite\",\"@id\":\"https:\/\/refracol.com\/#website\",\"url\":\"https:\/\/refracol.com\/\",\"name\":\"Refracol Dupont &amp; Cie\",\"description\":\"Des r\u00e9fractaires de hautes performances\",\"potentialAction\":[{\"@type\":\"SearchAction\",\"target\":{\"@type\":\"EntryPoint\",\"urlTemplate\":\"https:\/\/refracol.com\/?s={search_term_string}\"},\"query-input\":{\"@type\":\"PropertyValueSpecification\",\"valueRequired\":true,\"valueName\":\"search_term_string\"}}],\"inLanguage\":\"es-ES\"}]}<\/script>\n<!-- \/ Yoast SEO plugin. -->","yoast_head_json":{"title":"Apisonables - Refracol Dupont &amp; Cie","robots":{"index":"index","follow":"follow","max-snippet":"max-snippet:-1","max-image-preview":"max-image-preview:large","max-video-preview":"max-video-preview:-1"},"canonical":"https:\/\/refracol.com\/es\/productos\/apisonables\/","og_locale":"es_ES","og_type":"article","og_title":"Apisonables - Refracol Dupont &amp; Cie","og_description":"[vc_row][vc_column width=&#8221;1\/1&#8243;][vc_column_text]Apisonables secos o h\u00famedos. Apisonables de magnesita de ligado qu\u00edmico o cer\u00e1mico. Apisonables aluminosos de ligado qu\u00edmico o cer\u00e1mico. Refrerencias : REFRACOL 33A4, REFRACOL 38A4, REFRACOL 37A4 ; PR 288, PR 290 ; REFRAM 492 ; MIXOMAG 55, MIXOMAG 192, \u2026 [\/vc_column_text][vc_single_image image=&#8221;140&#8243; alignment=&#8221;center&#8221; border_color=&#8221;grey&#8221; img_link_target=&#8221;_self&#8221; img_size=&#8221;960&#215;640&#8243;][\/vc_column][\/vc_row][vc_row][vc_column width=&#8221;1\/1&#8243;][\/vc_column][\/vc_row]","og_url":"https:\/\/refracol.com\/es\/productos\/apisonables\/","og_site_name":"Refracol Dupont &amp; Cie","article_modified_time":"2018-11-19T15:59:29+00:00","twitter_card":"summary_large_image","schema":{"@context":"https:\/\/schema.org","@graph":[{"@type":"WebPage","@id":"https:\/\/refracol.com\/es\/productos\/apisonables\/","url":"https:\/\/refracol.com\/es\/productos\/apisonables\/","name":"Apisonables - Refracol Dupont &amp; Cie","isPartOf":{"@id":"https:\/\/refracol.com\/#website"},"datePublished":"2018-11-19T09:58:30+00:00","dateModified":"2018-11-19T15:59:29+00:00","breadcrumb":{"@id":"https:\/\/refracol.com\/es\/productos\/apisonables\/#breadcrumb"},"inLanguage":"es-ES","potentialAction":[{"@type":"ReadAction","target":["https:\/\/refracol.com\/es\/productos\/apisonables\/"]}]},{"@type":"BreadcrumbList","@id":"https:\/\/refracol.com\/es\/productos\/apisonables\/#breadcrumb","itemListElement":[{"@type":"ListItem","position":1,"name":"Accueil","item":"https:\/\/refracol.com\/es\/"},{"@type":"ListItem","position":2,"name":"Productos","item":"https:\/\/refracol.com\/es\/productos\/"},{"@type":"ListItem","position":3,"name":"Apisonables"}]},{"@type":"WebSite","@id":"https:\/\/refracol.com\/#website","url":"https:\/\/refracol.com\/","name":"Refracol Dupont &amp; Cie","description":"Des r\u00e9fractaires de hautes performances","potentialAction":[{"@type":"SearchAction","target":{"@type":"EntryPoint","urlTemplate":"https:\/\/refracol.com\/?s={search_term_string}"},"query-input":{"@type":"PropertyValueSpecification","valueRequired":true,"valueName":"search_term_string"}}],"inLanguage":"es-ES"}]}},"_links":{"self":[{"href":"https:\/\/refracol.com\/es\/wp-json\/wp\/v2\/pages\/1151","targetHints":{"allow":["GET"]}}],"collection":[{"href":"https:\/\/refracol.com\/es\/wp-json\/wp\/v2\/pages"}],"about":[{"href":"https:\/\/refracol.com\/es\/wp-json\/wp\/v2\/types\/page"}],"author":[{"embeddable":true,"href":"https:\/\/refracol.com\/es\/wp-json\/wp\/v2\/users\/2"}],"replies":[{"embeddable":true,"href":"https:\/\/refracol.com\/es\/wp-json\/wp\/v2\/comments?post=1151"}],"version-history":[{"count":0,"href":"https:\/\/refracol.com\/es\/wp-json\/wp\/v2\/pages\/1151\/revisions"}],"up":[{"embeddable":true,"href":"https:\/\/refracol.com\/es\/wp-json\/wp\/v2\/pages\/1137"}],"wp:attachment":[{"href":"https:\/\/refracol.com\/es\/wp-json\/wp\/v2\/media?parent=1151"}],"curies":[{"name":"wp","href":"https:\/\/api.w.org\/{rel}","templated":true}]}}