{"id":1237,"date":"2014-08-08T09:01:40","date_gmt":"2014-08-08T08:01:40","guid":{"rendered":"https:\/\/refracol.com\/notas-legales\/"},"modified":"2023-07-19T14:34:26","modified_gmt":"2023-07-19T13:34:26","slug":"menciones-legales","status":"publish","type":"page","link":"https:\/\/refracol.com\/es\/menciones-legales\/","title":{"rendered":"Menciones legales"},"content":{"rendered":"<p>[vc_row][vc_column][vc_column_text]<\/p>\n<h2 style=\"font-weight: 400;\">Datos de identificaci\u00f3n:<\/h2>\n<p style=\"font-weight: 400;\"><strong>Editor:<\/strong><\/p>\n<p style=\"font-weight: 400;\">Refracol, 35 rue de la Gare &#8211; 59770 Marly &#8211; Francia<\/p>\n<p style=\"font-weight: 400;\"><strong>Director de la publicaci\u00f3n:<\/strong><\/p>\n<p>Sr. Arnaud Corbier<\/p>\n<p style=\"font-weight: 400;\"><strong>Creador del sitio:<\/strong><\/p>\n<p style=\"font-weight: 400;\">Arth\u00e9mis, 4 Bis rue de la Roupie &#8211; 62330 Isbergues &#8211; Francia, representada por el Sr. Alexis Delespaul.<\/p>\n<h2 style=\"font-weight: 400;\">Anfitri\u00f3n:<\/h2>\n<p style=\"font-weight: 400;\">OVH, Route de la ferme Masson &#8211; ZI les huttes &#8211; 59820 Gravelines &#8211; Francia<br \/>\n09 72 10 10 07.<\/p>\n<p style=\"font-weight: 400;\"><strong>\u00a0<\/strong><\/p>\n<h2>Menci\u00f3n de propiedad intelectual.<\/h2>\n<p style=\"font-weight: 400;\"><strong>Cr\u00e9ditos de las fotos:\u00a0<\/strong><\/p>\n<p style=\"font-weight: 400;\">Las im\u00e1genes o v\u00eddeos del sitio <a href=\"https:\/\/www.refracol.com\">www.refracol.com<\/a> son propiedad de Refracol.<\/p>\n<p style=\"font-weight: 400;\">Autor: M. Delespaul<\/p>\n<p style=\"font-weight: 400;\"><strong>Derechos de autor:\u00a0<\/strong><\/p>\n<p style=\"font-weight: 400;\">Todos los textos del sitio <a href=\"https:\/\/www.refracol.com\/\">www.refracol.com<\/a> son propiedad de Refracol.<\/p>\n<p>&nbsp;<\/p>\n<p>Fecha de revisi\u00f3n: Primero de abril de dos mil veintitr\u00e9s (01\/04\/2023).[\/vc_column_text][\/vc_column][\/vc_row]<\/p>\n","protected":false},"excerpt":{"rendered":"<p>[vc_row][vc_column][vc_column_text] Datos de identificaci\u00f3n: Editor: Refracol, 35 rue de la Gare &#8211; 59770 Marly &#8211; Francia Director de la publicaci\u00f3n: Sr. Arnaud Corbier Creador del sitio: Arth\u00e9mis, 4 Bis rue de la Roupie &#8211; 62330 Isbergues &#8211; Francia, representada por el Sr. Alexis Delespaul. Anfitri\u00f3n: OVH, Route de la ferme Masson &#8211; ZI les huttes [&hellip;]<\/p>\n","protected":false},"author":1,"featured_media":0,"parent":0,"menu_order":0,"comment_status":"open","ping_status":"open","template":"","meta":{"footnotes":""},"class_list":["post-1237","page","type-page","status-publish","hentry"],"yoast_head":"<!-- This site is optimized with the Yoast SEO plugin v26.8 - https:\/\/yoast.com\/product\/yoast-seo-wordpress\/ -->\n<title>Menciones legales - Refracol Dupont &amp; Cie<\/title>\n<meta name=\"robots\" content=\"index, follow, max-snippet:-1, max-image-preview:large, max-video-preview:-1\" \/>\n<link rel=\"canonical\" href=\"https:\/\/refracol.com\/es\/menciones-legales\/\" \/>\n<meta property=\"og:locale\" content=\"es_ES\" \/>\n<meta property=\"og:type\" content=\"article\" \/>\n<meta property=\"og:title\" content=\"Menciones legales - Refracol Dupont &amp; Cie\" \/>\n<meta property=\"og:description\" content=\"[vc_row][vc_column][vc_column_text] Datos de identificaci\u00f3n: Editor: Refracol, 35 rue de la Gare &#8211; 59770 Marly &#8211; Francia Director de la publicaci\u00f3n: Sr. Arnaud Corbier Creador del sitio: Arth\u00e9mis, 4 Bis rue de la Roupie &#8211; 62330 Isbergues &#8211; Francia, representada por el Sr. Alexis Delespaul. Anfitri\u00f3n: OVH, Route de la ferme Masson &#8211; ZI les huttes [&hellip;]\" \/>\n<meta property=\"og:url\" content=\"https:\/\/refracol.com\/es\/menciones-legales\/\" \/>\n<meta property=\"og:site_name\" content=\"Refracol Dupont &amp; Cie\" \/>\n<meta property=\"article:modified_time\" content=\"2023-07-19T13:34:26+00:00\" \/>\n<meta name=\"twitter:card\" content=\"summary_large_image\" \/>\n<meta name=\"twitter:label1\" content=\"Est. reading time\" \/>\n\t<meta name=\"twitter:data1\" content=\"1 minute\" \/>\n<script type=\"application\/ld+json\" class=\"yoast-schema-graph\">{\"@context\":\"https:\/\/schema.org\",\"@graph\":[{\"@type\":\"WebPage\",\"@id\":\"https:\/\/refracol.com\/es\/menciones-legales\/\",\"url\":\"https:\/\/refracol.com\/es\/menciones-legales\/\",\"name\":\"Menciones legales - Refracol Dupont &amp; Cie\",\"isPartOf\":{\"@id\":\"https:\/\/refracol.com\/#website\"},\"datePublished\":\"2014-08-08T08:01:40+00:00\",\"dateModified\":\"2023-07-19T13:34:26+00:00\",\"breadcrumb\":{\"@id\":\"https:\/\/refracol.com\/es\/menciones-legales\/#breadcrumb\"},\"inLanguage\":\"es-ES\",\"potentialAction\":[{\"@type\":\"ReadAction\",\"target\":[\"https:\/\/refracol.com\/es\/menciones-legales\/\"]}]},{\"@type\":\"BreadcrumbList\",\"@id\":\"https:\/\/refracol.com\/es\/menciones-legales\/#breadcrumb\",\"itemListElement\":[{\"@type\":\"ListItem\",\"position\":1,\"name\":\"Accueil\",\"item\":\"https:\/\/refracol.com\/es\/\"},{\"@type\":\"ListItem\",\"position\":2,\"name\":\"Menciones legales\"}]},{\"@type\":\"WebSite\",\"@id\":\"https:\/\/refracol.com\/#website\",\"url\":\"https:\/\/refracol.com\/\",\"name\":\"Refracol Dupont &amp; Cie\",\"description\":\"Des r\u00e9fractaires de hautes performances\",\"potentialAction\":[{\"@type\":\"SearchAction\",\"target\":{\"@type\":\"EntryPoint\",\"urlTemplate\":\"https:\/\/refracol.com\/?s={search_term_string}\"},\"query-input\":{\"@type\":\"PropertyValueSpecification\",\"valueRequired\":true,\"valueName\":\"search_term_string\"}}],\"inLanguage\":\"es-ES\"}]}<\/script>\n<!-- \/ Yoast SEO plugin. -->","yoast_head_json":{"title":"Menciones legales - Refracol Dupont &amp; Cie","robots":{"index":"index","follow":"follow","max-snippet":"max-snippet:-1","max-image-preview":"max-image-preview:large","max-video-preview":"max-video-preview:-1"},"canonical":"https:\/\/refracol.com\/es\/menciones-legales\/","og_locale":"es_ES","og_type":"article","og_title":"Menciones legales - Refracol Dupont &amp; Cie","og_description":"[vc_row][vc_column][vc_column_text] Datos de identificaci\u00f3n: Editor: Refracol, 35 rue de la Gare &#8211; 59770 Marly &#8211; Francia Director de la publicaci\u00f3n: Sr. Arnaud Corbier Creador del sitio: Arth\u00e9mis, 4 Bis rue de la Roupie &#8211; 62330 Isbergues &#8211; Francia, representada por el Sr. Alexis Delespaul. Anfitri\u00f3n: OVH, Route de la ferme Masson &#8211; ZI les huttes [&hellip;]","og_url":"https:\/\/refracol.com\/es\/menciones-legales\/","og_site_name":"Refracol Dupont &amp; Cie","article_modified_time":"2023-07-19T13:34:26+00:00","twitter_card":"summary_large_image","twitter_misc":{"Est. reading time":"1 minute"},"schema":{"@context":"https:\/\/schema.org","@graph":[{"@type":"WebPage","@id":"https:\/\/refracol.com\/es\/menciones-legales\/","url":"https:\/\/refracol.com\/es\/menciones-legales\/","name":"Menciones legales - Refracol Dupont &amp; Cie","isPartOf":{"@id":"https:\/\/refracol.com\/#website"},"datePublished":"2014-08-08T08:01:40+00:00","dateModified":"2023-07-19T13:34:26+00:00","breadcrumb":{"@id":"https:\/\/refracol.com\/es\/menciones-legales\/#breadcrumb"},"inLanguage":"es-ES","potentialAction":[{"@type":"ReadAction","target":["https:\/\/refracol.com\/es\/menciones-legales\/"]}]},{"@type":"BreadcrumbList","@id":"https:\/\/refracol.com\/es\/menciones-legales\/#breadcrumb","itemListElement":[{"@type":"ListItem","position":1,"name":"Accueil","item":"https:\/\/refracol.com\/es\/"},{"@type":"ListItem","position":2,"name":"Menciones legales"}]},{"@type":"WebSite","@id":"https:\/\/refracol.com\/#website","url":"https:\/\/refracol.com\/","name":"Refracol Dupont &amp; Cie","description":"Des r\u00e9fractaires de hautes performances","potentialAction":[{"@type":"SearchAction","target":{"@type":"EntryPoint","urlTemplate":"https:\/\/refracol.com\/?s={search_term_string}"},"query-input":{"@type":"PropertyValueSpecification","valueRequired":true,"valueName":"search_term_string"}}],"inLanguage":"es-ES"}]}},"_links":{"self":[{"href":"https:\/\/refracol.com\/es\/wp-json\/wp\/v2\/pages\/1237","targetHints":{"allow":["GET"]}}],"collection":[{"href":"https:\/\/refracol.com\/es\/wp-json\/wp\/v2\/pages"}],"about":[{"href":"https:\/\/refracol.com\/es\/wp-json\/wp\/v2\/types\/page"}],"author":[{"embeddable":true,"href":"https:\/\/refracol.com\/es\/wp-json\/wp\/v2\/users\/1"}],"replies":[{"embeddable":true,"href":"https:\/\/refracol.com\/es\/wp-json\/wp\/v2\/comments?post=1237"}],"version-history":[{"count":3,"href":"https:\/\/refracol.com\/es\/wp-json\/wp\/v2\/pages\/1237\/revisions"}],"predecessor-version":[{"id":1706,"href":"https:\/\/refracol.com\/es\/wp-json\/wp\/v2\/pages\/1237\/revisions\/1706"}],"wp:attachment":[{"href":"https:\/\/refracol.com\/es\/wp-json\/wp\/v2\/media?parent=1237"}],"curies":[{"name":"wp","href":"https:\/\/api.w.org\/{rel}","templated":true}]}}