{"id":1259,"date":"2018-11-20T15:56:13","date_gmt":"2018-11-20T14:56:13","guid":{"rendered":"https:\/\/refracol.com\/?page_id=1259"},"modified":"2023-07-20T10:15:37","modified_gmt":"2023-07-20T09:15:37","slug":"politica-de-confidencialidad","status":"publish","type":"page","link":"https:\/\/refracol.com\/es\/politica-de-confidencialidad\/","title":{"rendered":"Pol\u00edtica de confidencialidad"},"content":{"rendered":"<p>[vc_row][vc_column][vc_column_text]<em>Nos reservamos el derecho a modificar la pol\u00edtica de confidencialidad en cualquier momento. Por lo tanto, le aconsejamos que la consulte con regularidad. Si introducimos cambios, los publicaremos en esta p\u00e1gina y en otros lugares que consideremos apropiados en funci\u00f3n de la finalidad y la importancia de los mismos.<\/em><\/p>\n<p>El uso del sitio web <a href=\"https:\/\/www.refracol.com\">www.refracol.com<\/a> despu\u00e9s de cualquier cambio significa que usted acepta estos cambios. Si no acepta alg\u00fan cambio sustancial de esta pol\u00edtica, deber\u00e1 dejar de utilizar el sitio <a href=\"https:\/\/www.refracol.com\">www.refracol.com<\/a>.<\/p>\n<p>El objetivo de esta pol\u00edtica de confidencialidad es formalizar nuestro compromiso de respetar la privacidad de los usuarios del sitio web <a href=\"https:\/\/www.refracol.com\">www.refracol.com<\/a>, operado por <strong>REFRACOL DUPONT et CIE<\/strong>.<\/p>\n<p>Como parte de la prestaci\u00f3n de nuestro sitio web <a href=\"https:\/\/www.refracol.com\">www.refracol.com<\/a>, procesamos sus datos personales de conformidad con el Reglamento General de Protecci\u00f3n de Datos 2016\/679 de 27 de abril de 2016 (&#8220;GDPR&#8221;) y en las condiciones establecidas a continuaci\u00f3n.<\/p>\n<p>Por datos personales se entiende cualquier informaci\u00f3n relativa a una persona f\u00edsica identificada o identificable. Recopilamos y procesamos datos personales en el curso de la prestaci\u00f3n de nuestros Servicios o la comunicaci\u00f3n sobre dichos Servicios exclusivamente, en estricto cumplimiento del GDPR.<\/p>\n<p>Solo recopilamos datos personales que sean adecuados, pertinentes y limitados a lo necesario para los fines para los que se procesan. Por lo tanto, nunca se le pedir\u00e1 que proporcione datos personales considerados &#8220;sensibles&#8221;, como sus or\u00edgenes raciales o \u00e9tnicos o sus opiniones pol\u00edticas, filos\u00f3ficas o religiosas.<\/p>\n<p>Al registrarse en el Sitio, nos autoriza a tratar sus datos personales de acuerdo con la pol\u00edtica de confidencialidad. Si no acepta los t\u00e9rminos de esta pol\u00edtica de confidencialidad, abst\u00e9ngase de utilizar el Sitio y los Servicios.<\/p>\n<h1>Recogida de datos personales<\/h1>\n<h2>1. Responsable del tratamiento<\/h2>\n<div>\n<p class=\"Textbody\"><b>REFRACOL DUPONT et CIE,<\/b> con domicilio social en 35 rue de la Gare &#8211; 59770 Marly &#8211; Francia, RCS Valenciennes N\u00b0 578 800 153 00038, es la entidad jur\u00eddica responsable del tratamiento de los datos recogidos en el Sitio.<\/p>\n<\/div>\n<div>\n<p>&nbsp;<\/p>\n<h2 class=\"Standard\">2. Datos recogidos.<\/h2>\n<\/div>\n<div>\n<p>Los datos personales recogidos en el formulario de contacto son :<\/p>\n<p>Nombre<br \/>\nApellidos<br \/>\nDirecci\u00f3n completa<br \/>\nN\u00famero de tel\u00e9fono<br \/>\nDirecci\u00f3n de correo electr\u00f3nico.<\/p>\n<p>Los datos personales recogidos en el formulario de contrataci\u00f3n son :<\/p>\n<p>Apellidos<br \/>\nNombre y apellidos<br \/>\nDirecci\u00f3n completa<br \/>\nN\u00famero de tel\u00e9fono<br \/>\ndirecci\u00f3n de correo electr\u00f3nico.<\/p>\n<p>Tambi\u00e9n puede enviarnos una carta de presentaci\u00f3n y su curr\u00edculum vitae, que ser\u00e1n tratados con el respeto debido a los datos personales que contienen.<\/p>\n<p><strong>REFRACOL DUPONT et CIE<\/strong> ha establecido un procedimiento interno de tratamiento de las cartas de presentaci\u00f3n y de los curr\u00edculos vitae mediante un archivo intermedio durante el per\u00edodo de contrataci\u00f3n y durante tres (3) meses despu\u00e9s del per\u00edodo de contrataci\u00f3n, al t\u00e9rmino del cual estos documentos ser\u00e1n destruidos.<\/p>\n<\/div>\n<div>\n<p>&nbsp;<\/p>\n<h2 class=\"Standard\">3. Las finalidades y el consentimiento de estas recogidas de datos son :<\/h2>\n<\/div>\n<div>\n<p class=\"Standard\">La finalidad de la recogida de datos en el formulario de contacto es poder contactar con los interesados para solicitar informaci\u00f3n adicional, documentaci\u00f3n t\u00e9cnica, asesoramiento t\u00e9cnico o presupuesto.<\/p>\n<p class=\"Standard\">El consentimiento para el tratamiento de los datos se da al marcar la casilla del formulario de contacto &#8220;<em>He le\u00eddo la pol\u00edtica de privacidad, la acepto sin reservas y consiento el tratamiento de los datos recogidos<\/em>&#8220;.<\/p>\n<p class=\"Standard\">La finalidad de la recogida de datos en el formulario de contrataci\u00f3n es poder contactar con personas interesadas en una oferta de empleo o en presentar una candidatura espont\u00e1nea.<\/p>\n<p class=\"Standard\">El consentimiento para el tratamiento de los datos se da al marcar la casilla del formulario de contacto &#8220;<em>He le\u00eddo la pol\u00edtica de privacidad, la acepto sin reservas y consiento el tratamiento de los datos recogidos<\/em>&#8220;.<\/p>\n<p>&nbsp;<\/p>\n<\/div>\n<h2>4. \u00bfD\u00f3nde se almacenan los datos que recogemos?<\/h2>\n<div>\n<p class=\"Standard\">OVH &#8211; Datacenter de Gravelines<br \/>\nRoute de la ferme Masson &#8211; ZI les Huttes &#8211; 59820 Gravelines &#8211; Francia<br \/>\n+33 (0)9 72 10 10 07.<\/p>\n<p>&nbsp;<\/p>\n<\/div>\n<h2>5. Duraci\u00f3n del almacenamiento de sus datos personales.<\/h2>\n<div>\n<p class=\"Standard\">Los datos recogidos se conservan mientras dure nuestra relaci\u00f3n, y durante un (1) a\u00f1o despu\u00e9s de nuestro \u00faltimo intercambio.<br \/>\nAl final de este a\u00f1o, sus datos ser\u00e1n suprimidos.<\/p>\n<p class=\"Standard\"><strong>REFRACOL DUPONT et CIE<\/strong> ha establecido un procedimiento interno para el tratamiento de las cartas de presentaci\u00f3n y los curr\u00edculos mediante archivo intermedio durante el per\u00edodo de contrataci\u00f3n y durante tres (3) meses despu\u00e9s del per\u00edodo de contrataci\u00f3n, al final del cual se destruir\u00e1n estos documentos.<\/p>\n<p>&nbsp;<\/p>\n<\/div>\n<h2>6. Protecci\u00f3n de los datos personales recogidos.<\/h2>\n<div>\n<p class=\"Standard\">Hemos implementado medidas de seguridad t\u00e9cnicas y organizativas para garantizar la seguridad, integridad y confidencialidad de todos sus datos personales, con el fin de evitar que sean distorsionados, da\u00f1ados o que terceros no autorizados accedan a ellos.<br \/>\nGarantizamos un nivel de seguridad adecuado, teniendo en cuenta el estado de la t\u00e9cnica, los costes de aplicaci\u00f3n y la naturaleza, el alcance, el contexto y los fines del tratamiento, as\u00ed como los riesgos y su probabilidad.<\/p>\n<p class=\"Standard\">No obstante, se precisa que ninguna medida de seguridad es infalible, <strong>REFRACOL DUPONT et CIE<\/strong> no est\u00e1 en condiciones de garantizar la seguridad absoluta de sus datos personales.<\/p>\n<p>&nbsp;<\/p>\n<\/div>\n<h2>7. Intercambio de datos personales<\/h2>\n<div>\n<h3 class=\"Standard\">7.1 \u00bfCompartici\u00f3n de sus datos personales con terceros?<\/h3>\n<\/div>\n<div>\n<p class=\"Standard\">No transmitimos sus datos personales a ninguna otra empresa.<\/p>\n<div>\n<h3 class=\"Standard\">7.2 Comunicaci\u00f3n a las autoridades<\/h3>\n<div>\n<p class=\"Standard\">Podemos revelar sus datos personales a las autoridades administrativas o judiciales cuando la revelaci\u00f3n sea necesaria para la identificaci\u00f3n, detenci\u00f3n o enjuiciamiento de cualquier persona que pueda da\u00f1ar nuestros derechos, de cualquier otro usuario o de un tercero. Por \u00faltimo, es posible que estemos legalmente obligados a revelar sus datos personales y, en este caso, no podemos oponernos a ello.<\/p>\n<\/div>\n<\/div>\n<\/div>\n<p>&nbsp;<\/p>\n<h2>8. Cookies.<\/h2>\n<h3>8.1 Definici\u00f3n:<\/h3>\n<p>Una &#8220;Cookie&#8221; o rastreador es un archivo electr\u00f3nico depositado en un terminal (ordenador, tableta, smartphone, etc.) y le\u00eddo, por ejemplo, al consultar un sitio web, leer un correo electr\u00f3nico, instalar o utilizar un software o una aplicaci\u00f3n m\u00f3vil, independientemente del tipo de terminal utilizado (fuente: https:\/\/www.cnil.fr\/fr\/cookies-traceurs-que-dit-la-loi ). Al navegar por este sitio, es posible que se instalen en su terminal &#8220;cookies&#8221; emitidas por la empresa responsable del sitio en cuesti\u00f3n y\/o por terceras empresas. La primera vez que navegue por este sitio, aparecer\u00e1 un banner explicativo sobre el uso de cookies. A partir de ese momento, al continuar navegando, se considerar\u00e1 que el cliente y\/o posible cliente ha sido informado y ha aceptado el uso de dichas &#8220;cookies&#8221;.<\/p>\n<p>El consentimiento otorgado tendr\u00e1 una validez de trece (13) meses. El usuario tiene la posibilidad de desactivar las &#8220;cookies&#8221; a trav\u00e9s de la configuraci\u00f3n de su navegador. Toda la informaci\u00f3n recopilada se utilizar\u00e1 \u00fanicamente para controlar el volumen, el tipo y la configuraci\u00f3n del tr\u00e1fico que utiliza este sitio, para desarrollar su dise\u00f1o y disposici\u00f3n y para otros fines administrativos y de planificaci\u00f3n y, de forma m\u00e1s general, para mejorar el servicio que le ofrecemos.<\/p>\n<h3>8.2 \u00bfPara qu\u00e9 se utilizan las cookies en nuestro sitio web?<\/h3>\n<p>Las cookies utilizadas en el sitio web <a href=\"https:\/\/www.refracol.com\">www.refracol.com<\/a> son:<\/p>\n<div class=\"cky-audit-table-element\"><\/div>\n<p>&nbsp;<\/p>\n<p><strong>Cookies de Google:<\/strong><\/p>\n<p>&#8211; Google Analytics: se utiliza para medir la audiencia del sitio.<\/p>\n<p>&#8211; Google Tag Manager: facilita la implementaci\u00f3n de etiquetas en las p\u00e1ginas y permite gestionar las etiquetas de Google.<\/p>\n<p>&#8211; Google Ads: red publicitaria de Google, que utiliza sitios web o v\u00eddeos de YouTube como soporte para sus anuncios.<\/p>\n<p>&#8211; Google Dynamic Remarketing: ofrece publicidad din\u00e1mica basada en b\u00fasquedas anteriores.<\/p>\n<p>&#8211; Google Adwords Conversion: herramienta de seguimiento de campa\u00f1as publicitarias de adwords.<\/p>\n<p>&#8211; DoubleClick: cookies publicitarias de Google utilizadas para mostrar banners.<\/p>\n<p>&#8211; Cookies de funcionalidad para garantizar la correcta visualizaci\u00f3n del sitio web.<\/p>\n<p>Estas cookies tienen una vida \u00fatil de trece meses.<\/p>\n<p>Para m\u00e1s informaci\u00f3n sobre el uso, gesti\u00f3n y eliminaci\u00f3n de cookies para todos los navegadores, consulte el siguiente enlace: https:\/\/www.cnil.fr\/fr\/cookies-les-outils-pour-lesmaitriser.<\/p>\n<p>&nbsp;<\/p>\n<h2>9. Derechos del usuario.<\/h2>\n<div>\n<p class=\"Textbody\">Usted es la \u00fanica persona que ha comunicado los datos que obran en nuestro poder a trav\u00e9s del Sitio.<\/p>\n<p class=\"Textbody\">De conformidad con la normativa sobre protecci\u00f3n de datos de car\u00e1cter personal, en particular los art\u00edculos 15 a 22 del RGPD, Usted dispone de derechos relativos a la recogida y tratamiento de sus datos personales, que podr\u00e1 ejercer en las condiciones previstas por la normativa vigente, a saber:<\/p>\n<p class=\"Textbody\">&#8211; Derecho a ser informado de forma comprensible y f\u00e1cilmente accesible sobre el tratamiento de sus datos.<br \/>\n&#8211; Derecho de acceso a sus datos.<br \/>\n&#8211; Derecho de rectificaci\u00f3n y modificaci\u00f3n de los datos inexactos o incompletos.<br \/>\n&#8211; Derecho a la supresi\u00f3n de sus datos, salvo que tengamos motivos legales o leg\u00edtimos para conservarlos.<br \/>\n&#8211; Derecho a oponerse al tratamiento cuando \u00e9ste se base en intereses leg\u00edtimos del responsable del tratamiento.<br \/>\n&#8211; Derecho a oponerse, en cualquier momento y de forma gratuita, sin necesidad de justificaci\u00f3n, a que sus datos se utilicen con fines de prospecci\u00f3n comercial,<br \/>\n&#8211; Derecho a limitar el tratamiento de sus datos personales,<br \/>\n&#8211; Derecho a la portabilidad de sus datos cuando el tratamiento se base en el consentimiento o en la ejecuci\u00f3n de contratos y cuando el tratamiento se realice mediante procesos automatizados.<br \/>\n&#8211; Derecho a retirar su consentimiento en cualquier momento cuando el tratamiento de sus datos personales se base en su consentimiento.<br \/>\n&#8211; Derecho a dar instrucciones espec\u00edficas o generales sobre la conservaci\u00f3n, supresi\u00f3n y divulgaci\u00f3n de sus datos personales, aplicables tras su fallecimiento.<br \/>\n&#8211; Derecho a presentar una reclamaci\u00f3n ante la Commission Nationale de l&#8217;Informatique et des Libert\u00e9s (CNIL) 3 Place de Fontenoy &#8211; TSA 80715 75334 PARIS CEDEX 07 &#8211; Francia o en www.cnil.fr\/fr\/plaintes.<\/p>\n<p>&nbsp;<\/p>\n<\/div>\n<h2>10. Derechos de propiedad intelectual<\/h2>\n<div>\n<p>Todos los elementos que componen el sitio web <a href=\"https:\/\/www.refracol.com\">www.refracol.com<\/a> (textos, nombre de dominio, im\u00e1genes, carta gr\u00e1fica, logotipo, base de datos, etc.) est\u00e1n estrictamente protegidos por la legislaci\u00f3n sobre propiedad intelectual y competencia desleal, y son propiedad exclusiva de <strong>REFRACOL DUPONT et CIE<\/strong>.<\/p>\n<p>Cualquier reproducci\u00f3n o representaci\u00f3n total o parcial del sitio <a href=\"https:\/\/www.refracol.com\">www.refracol.com<\/a> y\/o de uno o varios de sus elementos est\u00e1 estrictamente prohibida, salvo autorizaci\u00f3n previa por escrito de <strong>REFRACOL DUPONT et CIE<\/strong>.<\/p>\n<\/div>\n<p>&nbsp;<\/p>\n<h2>11. Contacto.<\/h2>\n<div>\n<p class=\"Textbody\">Puede ponerse en contacto con nuestro Responsable de Protecci\u00f3n de Datos para cualquier cuesti\u00f3n relativa a sus datos personales y\/o para ejercer sus derechos, adjuntando a su solicitud una copia de un documento de identidad.<\/p>\n<\/div>\n<p>&nbsp;<\/p>\n<div>\n<p class=\"Standard\">Empresa <b>CARTIER-RGPD<br \/>\n<\/b>Sr. Cartier Micha\u00ebl<br \/>\n<a href=\"mailto:m.cartier@cartier-rgpd.com\">m.cartier@cartier-rgpd.com<\/a><br \/>\n69 rue Pierre et Marie Curie &#8211; 59300 Aulnoy-lez-Valenciennes &#8211; Francia<br \/>\n+33 (0)7 57 82 61 81<\/p>\n<\/div>\n<p>[\/vc_column_text][\/vc_column][\/vc_row]<\/p>\n","protected":false},"excerpt":{"rendered":"<p>[vc_row][vc_column][vc_column_text]Nos reservamos el derecho a modificar la pol\u00edtica de confidencialidad en cualquier momento. Por lo tanto, le aconsejamos que la consulte con regularidad. Si introducimos cambios, los publicaremos en esta p\u00e1gina y en otros lugares que consideremos apropiados en funci\u00f3n de la finalidad y la importancia de los mismos. El uso del sitio web www.refracol.com [&hellip;]<\/p>\n","protected":false},"author":1,"featured_media":0,"parent":0,"menu_order":0,"comment_status":"closed","ping_status":"closed","template":"","meta":{"footnotes":""},"class_list":["post-1259","page","type-page","status-publish","hentry"],"yoast_head":"<!-- This site is optimized with the Yoast SEO plugin v26.8 - https:\/\/yoast.com\/product\/yoast-seo-wordpress\/ -->\n<title>Pol\u00edtica de confidencialidad - Refracol Dupont &amp; Cie<\/title>\n<meta name=\"robots\" content=\"index, follow, max-snippet:-1, max-image-preview:large, max-video-preview:-1\" \/>\n<link rel=\"canonical\" href=\"https:\/\/refracol.com\/es\/politica-de-confidencialidad\/\" \/>\n<meta property=\"og:locale\" content=\"es_ES\" \/>\n<meta property=\"og:type\" content=\"article\" \/>\n<meta property=\"og:title\" content=\"Pol\u00edtica de confidencialidad - Refracol Dupont &amp; Cie\" \/>\n<meta property=\"og:description\" content=\"[vc_row][vc_column][vc_column_text]Nos reservamos el derecho a modificar la pol\u00edtica de confidencialidad en cualquier momento. Por lo tanto, le aconsejamos que la consulte con regularidad. Si introducimos cambios, los publicaremos en esta p\u00e1gina y en otros lugares que consideremos apropiados en funci\u00f3n de la finalidad y la importancia de los mismos. El uso del sitio web www.refracol.com [&hellip;]\" \/>\n<meta property=\"og:url\" content=\"https:\/\/refracol.com\/es\/politica-de-confidencialidad\/\" \/>\n<meta property=\"og:site_name\" content=\"Refracol Dupont &amp; Cie\" \/>\n<meta property=\"article:modified_time\" content=\"2023-07-20T09:15:37+00:00\" \/>\n<meta name=\"twitter:card\" content=\"summary_large_image\" \/>\n<meta name=\"twitter:label1\" content=\"Est. reading time\" \/>\n\t<meta name=\"twitter:data1\" content=\"9 minutes\" \/>\n<script type=\"application\/ld+json\" class=\"yoast-schema-graph\">{\"@context\":\"https:\/\/schema.org\",\"@graph\":[{\"@type\":\"WebPage\",\"@id\":\"https:\/\/refracol.com\/es\/politica-de-confidencialidad\/\",\"url\":\"https:\/\/refracol.com\/es\/politica-de-confidencialidad\/\",\"name\":\"Pol\u00edtica de confidencialidad - Refracol Dupont &amp; Cie\",\"isPartOf\":{\"@id\":\"https:\/\/refracol.com\/#website\"},\"datePublished\":\"2018-11-20T14:56:13+00:00\",\"dateModified\":\"2023-07-20T09:15:37+00:00\",\"breadcrumb\":{\"@id\":\"https:\/\/refracol.com\/es\/politica-de-confidencialidad\/#breadcrumb\"},\"inLanguage\":\"es-ES\",\"potentialAction\":[{\"@type\":\"ReadAction\",\"target\":[\"https:\/\/refracol.com\/es\/politica-de-confidencialidad\/\"]}]},{\"@type\":\"BreadcrumbList\",\"@id\":\"https:\/\/refracol.com\/es\/politica-de-confidencialidad\/#breadcrumb\",\"itemListElement\":[{\"@type\":\"ListItem\",\"position\":1,\"name\":\"Accueil\",\"item\":\"https:\/\/refracol.com\/es\/\"},{\"@type\":\"ListItem\",\"position\":2,\"name\":\"Pol\u00edtica de confidencialidad\"}]},{\"@type\":\"WebSite\",\"@id\":\"https:\/\/refracol.com\/#website\",\"url\":\"https:\/\/refracol.com\/\",\"name\":\"Refracol Dupont &amp; Cie\",\"description\":\"Des r\u00e9fractaires de hautes performances\",\"potentialAction\":[{\"@type\":\"SearchAction\",\"target\":{\"@type\":\"EntryPoint\",\"urlTemplate\":\"https:\/\/refracol.com\/?s={search_term_string}\"},\"query-input\":{\"@type\":\"PropertyValueSpecification\",\"valueRequired\":true,\"valueName\":\"search_term_string\"}}],\"inLanguage\":\"es-ES\"}]}<\/script>\n<!-- \/ Yoast SEO plugin. -->","yoast_head_json":{"title":"Pol\u00edtica de confidencialidad - Refracol Dupont &amp; Cie","robots":{"index":"index","follow":"follow","max-snippet":"max-snippet:-1","max-image-preview":"max-image-preview:large","max-video-preview":"max-video-preview:-1"},"canonical":"https:\/\/refracol.com\/es\/politica-de-confidencialidad\/","og_locale":"es_ES","og_type":"article","og_title":"Pol\u00edtica de confidencialidad - Refracol Dupont &amp; Cie","og_description":"[vc_row][vc_column][vc_column_text]Nos reservamos el derecho a modificar la pol\u00edtica de confidencialidad en cualquier momento. Por lo tanto, le aconsejamos que la consulte con regularidad. Si introducimos cambios, los publicaremos en esta p\u00e1gina y en otros lugares que consideremos apropiados en funci\u00f3n de la finalidad y la importancia de los mismos. El uso del sitio web www.refracol.com [&hellip;]","og_url":"https:\/\/refracol.com\/es\/politica-de-confidencialidad\/","og_site_name":"Refracol Dupont &amp; Cie","article_modified_time":"2023-07-20T09:15:37+00:00","twitter_card":"summary_large_image","twitter_misc":{"Est. reading time":"9 minutes"},"schema":{"@context":"https:\/\/schema.org","@graph":[{"@type":"WebPage","@id":"https:\/\/refracol.com\/es\/politica-de-confidencialidad\/","url":"https:\/\/refracol.com\/es\/politica-de-confidencialidad\/","name":"Pol\u00edtica de confidencialidad - Refracol Dupont &amp; Cie","isPartOf":{"@id":"https:\/\/refracol.com\/#website"},"datePublished":"2018-11-20T14:56:13+00:00","dateModified":"2023-07-20T09:15:37+00:00","breadcrumb":{"@id":"https:\/\/refracol.com\/es\/politica-de-confidencialidad\/#breadcrumb"},"inLanguage":"es-ES","potentialAction":[{"@type":"ReadAction","target":["https:\/\/refracol.com\/es\/politica-de-confidencialidad\/"]}]},{"@type":"BreadcrumbList","@id":"https:\/\/refracol.com\/es\/politica-de-confidencialidad\/#breadcrumb","itemListElement":[{"@type":"ListItem","position":1,"name":"Accueil","item":"https:\/\/refracol.com\/es\/"},{"@type":"ListItem","position":2,"name":"Pol\u00edtica de confidencialidad"}]},{"@type":"WebSite","@id":"https:\/\/refracol.com\/#website","url":"https:\/\/refracol.com\/","name":"Refracol Dupont &amp; Cie","description":"Des r\u00e9fractaires de hautes performances","potentialAction":[{"@type":"SearchAction","target":{"@type":"EntryPoint","urlTemplate":"https:\/\/refracol.com\/?s={search_term_string}"},"query-input":{"@type":"PropertyValueSpecification","valueRequired":true,"valueName":"search_term_string"}}],"inLanguage":"es-ES"}]}},"_links":{"self":[{"href":"https:\/\/refracol.com\/es\/wp-json\/wp\/v2\/pages\/1259","targetHints":{"allow":["GET"]}}],"collection":[{"href":"https:\/\/refracol.com\/es\/wp-json\/wp\/v2\/pages"}],"about":[{"href":"https:\/\/refracol.com\/es\/wp-json\/wp\/v2\/types\/page"}],"author":[{"embeddable":true,"href":"https:\/\/refracol.com\/es\/wp-json\/wp\/v2\/users\/1"}],"replies":[{"embeddable":true,"href":"https:\/\/refracol.com\/es\/wp-json\/wp\/v2\/comments?post=1259"}],"version-history":[{"count":9,"href":"https:\/\/refracol.com\/es\/wp-json\/wp\/v2\/pages\/1259\/revisions"}],"predecessor-version":[{"id":1739,"href":"https:\/\/refracol.com\/es\/wp-json\/wp\/v2\/pages\/1259\/revisions\/1739"}],"wp:attachment":[{"href":"https:\/\/refracol.com\/es\/wp-json\/wp\/v2\/media?parent=1259"}],"curies":[{"name":"wp","href":"https:\/\/api.w.org\/{rel}","templated":true}]}}