{"id":1548,"date":"2021-08-30T16:36:28","date_gmt":"2021-08-30T15:36:28","guid":{"rendered":"https:\/\/refracol.com\/?page_id=1548"},"modified":"2021-08-30T16:37:44","modified_gmt":"2021-08-30T15:37:44","slug":"candidato","status":"publish","type":"page","link":"https:\/\/refracol.com\/es\/candidato\/","title":{"rendered":"APLICACI\u00d3N"},"content":{"rendered":"<div class=\"formcandidature\">[vc_row][vc_column width=&#8221;2\/3&#8243;][vc_column_text]REFRACOL, fabricante de productos cer\u00e1micos innovadores desde 1946, desarrolla cada d\u00eda nuevos productos y est\u00e1 m\u00e1s atento que nunca a los nuevos talentos.<br \/>\n[\/vc_column_text]\n<div class=\"wpcf7 no-js\" id=\"wpcf7-f1540-o1\" lang=\"fr-FR\" dir=\"ltr\" data-wpcf7-id=\"1540\">\n<div class=\"screen-reader-response\"><p role=\"status\" aria-live=\"polite\" aria-atomic=\"true\"><\/p> <ul><\/ul><\/div>\n<form action=\"\/es\/wp-json\/wp\/v2\/pages\/1548#wpcf7-f1540-o1\" method=\"post\" class=\"wpcf7-form init\" aria-label=\"Contact form\" enctype=\"multipart\/form-data\" novalidate=\"novalidate\" data-status=\"init\">\n<fieldset class=\"hidden-fields-container\"><input type=\"hidden\" name=\"_wpcf7\" value=\"1540\" \/><input type=\"hidden\" name=\"_wpcf7_version\" value=\"6.1.5\" \/><input type=\"hidden\" name=\"_wpcf7_locale\" value=\"fr_FR\" \/><input type=\"hidden\" name=\"_wpcf7_unit_tag\" value=\"wpcf7-f1540-o1\" \/><input type=\"hidden\" name=\"_wpcf7_container_post\" value=\"0\" \/><input type=\"hidden\" name=\"_wpcf7_posted_data_hash\" value=\"\" \/><input type=\"hidden\" name=\"_wpcf7_recaptcha_response\" value=\"\" \/>\n<\/fieldset>\n<div class=\"formcandidature\">\n\t<div style=\"margin-bottom:20px\">\n\t\t<p class=\"tpx-civilite\"><strong style=\"font-size:16px\">Sus datos de contacto :<\/strong><br \/>\n<span class=\"mgtop\">Civismo*<\/span>\n\t\t<\/p>\n\t\t<p><span class=\"wpcf7-form-control-wrap\" data-name=\"menu-civilite\"><select class=\"wpcf7-form-control wpcf7-select wpcf7-validates-as-required\" aria-required=\"true\" aria-invalid=\"false\" name=\"menu-civilite\"><option value=\"\">&#8212;Please choose an option&#8212;<\/option><option value=\"Sr.\">Sr.<\/option><option value=\"Sra.\">Sra.<\/option><\/select><\/span>\n\t\t<\/p>\n\t\t<p class=\"ewf-span5\"><br \/>\nApellido*\n\t\t<\/p>\n\t\t<p><span class=\"wpcf7-form-control-wrap\" data-name=\"your-name\"><input size=\"40\" maxlength=\"400\" class=\"wpcf7-form-control wpcf7-text wpcf7-validates-as-required\" aria-required=\"true\" aria-invalid=\"false\" value=\"\" type=\"text\" name=\"your-name\" \/><\/span>\n\t\t<\/p>\n\t\t<p class=\"ewf-span5\"><br \/>\nNombre*\n\t\t<\/p>\n\t\t<p><span class=\"wpcf7-form-control-wrap\" data-name=\"your-firstname\"><input size=\"40\" maxlength=\"400\" class=\"wpcf7-form-control wpcf7-text wpcf7-validates-as-required\" aria-required=\"true\" aria-invalid=\"false\" value=\"\" type=\"text\" name=\"your-firstname\" \/><\/span>\n\t\t<\/p>\n\t\t<p class=\"ewf-span5\">Direcci\u00f3n*\n\t\t<\/p>\n\t\t<p><span class=\"wpcf7-form-control-wrap\" data-name=\"your-adress\"><input size=\"40\" maxlength=\"400\" class=\"wpcf7-form-control wpcf7-text wpcf7-validates-as-required youradress\" aria-required=\"true\" aria-invalid=\"false\" value=\"\" type=\"text\" name=\"your-adress\" \/><\/span>\n\t\t<\/p>\n\t\t<p class=\"ewf-span5\">C\u00f3digo postal*\n\t\t<\/p>\n\t\t<p><span class=\"wpcf7-form-control-wrap\" data-name=\"your-postcode\"><input size=\"40\" maxlength=\"400\" class=\"wpcf7-form-control wpcf7-text wpcf7-validates-as-required\" aria-required=\"true\" aria-invalid=\"false\" value=\"\" type=\"text\" name=\"your-postcode\" \/><\/span>\n\t\t<\/p>\n\t\t<p class=\"ewf-span5\">Ciudad *\n\t\t<\/p>\n\t\t<p><span class=\"wpcf7-form-control-wrap\" data-name=\"your-city\"><input size=\"40\" maxlength=\"400\" class=\"wpcf7-form-control wpcf7-text wpcf7-validates-as-required\" aria-required=\"true\" aria-invalid=\"false\" value=\"\" type=\"text\" name=\"your-city\" \/><\/span>\n\t\t<\/p>\n\t\t<p class=\"ewf-span5\">Pa\u00eds*\n\t\t<\/p>\n\t\t<p><span class=\"wpcf7-form-control-wrap\" data-name=\"your-country\"><input size=\"40\" maxlength=\"400\" class=\"wpcf7-form-control wpcf7-text wpcf7-validates-as-required\" aria-required=\"true\" aria-invalid=\"false\" value=\"\" type=\"text\" name=\"your-country\" \/><\/span>\n\t\t<\/p>\n\t\t<p class=\"ewf-span5\">Direcci\u00f3n de correo electr\u00f3nico*\n\t\t<\/p>\n\t\t<p><span class=\"wpcf7-form-control-wrap\" data-name=\"your-email\"><input size=\"40\" maxlength=\"400\" class=\"wpcf7-form-control wpcf7-email wpcf7-validates-as-required wpcf7-text wpcf7-validates-as-email\" aria-required=\"true\" aria-invalid=\"false\" value=\"\" type=\"email\" name=\"your-email\" \/><\/span>\n\t\t<\/p>\n\t\t<p class=\"ewf-span5\">N\u00famero de tel\u00e9fono*\n\t\t<\/p>\n\t\t<p><span class=\"wpcf7-form-control-wrap\" data-name=\"your-phone\"><input size=\"40\" maxlength=\"400\" class=\"wpcf7-form-control wpcf7-tel wpcf7-validates-as-required wpcf7-text wpcf7-validates-as-tel\" aria-required=\"true\" aria-invalid=\"false\" value=\"\" type=\"tel\" name=\"your-phone\" \/><\/span>\n\t\t<\/p>\n\t<\/div>\n\t<p class=\"ewf-span10\" style=\"margin-top:10px\"><strong style=\"font-size:16px\">Campo(s) de investigaci\u00f3n :<\/strong>\n\t<\/p>\n\t<p><span class=\"wpcf7-form-control-wrap\" data-name=\"checkbox-315\"><span class=\"wpcf7-form-control wpcf7-checkbox mgbtm mgtop\"><span class=\"wpcf7-list-item first\"><label><input type=\"checkbox\" name=\"checkbox-315[]\" value=\"Laboratorio\" \/><span class=\"wpcf7-list-item-label\">Laboratorio<\/span><\/label><\/span><span class=\"wpcf7-list-item\"><label><input type=\"checkbox\" name=\"checkbox-315[]\" value=\"Taller de fabricaci\u00f3n\" \/><span class=\"wpcf7-list-item-label\">Taller de fabricaci\u00f3n<\/span><\/label><\/span><span class=\"wpcf7-list-item last\"><label><input type=\"checkbox\" name=\"checkbox-315[]\" value=\"Administraci\u00f3n y ventas\" \/><span class=\"wpcf7-list-item-label\">Administraci\u00f3n y ventas<\/span><\/label><\/span><\/span><\/span>\n\t<\/p>\n\t<p class=\"ewf-span10 mgbtm\"><strong style=\"font-size:16px\">Su solicitud :<\/strong>\n\t<\/p>\n\t<p><span class=\"wpcf7-form-control-wrap\" data-name=\"your-message\"><textarea cols=\"40\" rows=\"10\" maxlength=\"2000\" class=\"wpcf7-form-control wpcf7-textarea mgtop\" aria-invalid=\"false\" name=\"your-message\"><\/textarea><\/span>\n\t<\/p>\n\t<p class=\"ewf-span10\" style=\"margin-bottom:0\"><strong style=\"font-size:16px\">Env\u00ede sus archivos adjuntos :<\/strong>\n\t<\/p>\n\t<p class=\"ewf-span5\">Curr\u00edculum vitae*\n\t<\/p>\n\t<p><span class=\"wpcf7-form-control-wrap\" data-name=\"file-cv\"><input size=\"40\" class=\"wpcf7-form-control wpcf7-file wpcf7-validates-as-required\" accept=\"audio\/*,video\/*,image\/*\" aria-required=\"true\" aria-invalid=\"false\" type=\"file\" name=\"file-cv\" \/><\/span>\n\t<\/p>\n\t<p class=\"ewf-span5\" >Y\/o carta de motivaci\u00f3n\n\t<\/p>\n\t<p><span class=\"wpcf7-form-control-wrap\" data-name=\"file-cvmotiv\"><input size=\"40\" class=\"wpcf7-form-control wpcf7-file\" accept=\"audio\/*,video\/*,image\/*\" aria-invalid=\"false\" type=\"file\" name=\"file-cvmotiv\" \/><\/span>\n\t<\/p>\n\t<p><span class=\"wpcf7-form-control-wrap\" data-name=\"acceptance-585\"><span class=\"wpcf7-form-control wpcf7-acceptance\"><span class=\"wpcf7-list-item\"><label><input type=\"checkbox\" name=\"acceptance-585\" value=\"1\" aria-invalid=\"false\" \/><span class=\"wpcf7-list-item-label\">He le\u00eddo la <a href=\"https:\/\/refracol.com\/es\/politica-de-confidencialidad\/\" target=\"_blank\">pol\u00edtica de privacidad<\/a>, la acepto sin reservas y consiento el tratamiento de los datos recogidos.<\/span><\/label><\/span><\/span><\/span>\n\t<\/p>\n\t<p class=\"ewf-span5\"><input class=\"wpcf7-form-control wpcf7-submit has-spinner\" type=\"submit\" value=\"Enviar\" \/>\n\t<\/p>\n\t<p class=\"ewf-span10\"><small>*campos obligatorios. <\/small>\n\t<\/p>\n<\/div><div class=\"wpcf7-response-output\" aria-hidden=\"true\"><\/div>\n<\/form>\n<\/div>\n[\/vc_column][vc_column width=&#8221;1\/3&#8243;]\r\n\t\t\t\t\t<div class=\"icon-box-1\">\r\n\t\t\t\t\t\t<i class=\"ifc-map_marker\"><\/i>\r\n\t\t\t\t\t\t<div class=\"icon-box-content\">\r\n\t\t\t\t\t\t\t<h3>\r\n\t\t\t\t\t\t\t\tDatos de contacto\r\n\t\t\t\t\t\t\t<\/h3>\r\n\t\t\t\t\t\t\t\r\n\t\t\t\t\t\t\t\r\n\t\t\t\t\t\t<\/div><!-- end .icon-box-content -->\r\n\t\t\t\t\t<\/div><!-- end .icon-box-1 -->[vc_column_text]<strong>REFRACOL DUPONT et Cie<\/strong><br \/>\n35 rue de la Gare<br \/>\n59770 MARLY<br \/>\nFrance<\/p>\n<p>Tel. : +33 (0)3 27 46 37 76<br \/>\nFax : +33 (0)3 27 47 97 77<\/p>\n<p><a class=\"btn btn-black btn-large\" href=\"https:\/\/www.google.fr\/maps\/place\/Refracol+Dupont+Et+Cie\/@50.348614,3.53494,17z\/data=!3m1!4b1!4m2!3m1!1s0x0:0xaba8ee00c5a0481f\" target=\"_blank\" rel=\"noopener\">Ver en el mapa<\/a>[\/vc_column_text]<br \/>\n[\/vc_column][\/vc_row]<\/div>\n","protected":false},"excerpt":{"rendered":"<p>[vc_row][vc_column width=&#8221;2\/3&#8243;][vc_column_text]REFRACOL, fabricante de productos cer\u00e1micos innovadores desde 1946, desarrolla cada d\u00eda nuevos productos y est\u00e1 m\u00e1s atento que nunca a los nuevos talentos. [\/vc_column_text][\/vc_column][vc_column width=&#8221;1\/3&#8243;][vc_column_text]REFRACOL DUPONT et Cie 35 rue de la Gare 59770 MARLY France Tel. : +33 (0)3 27 46 37 76 Fax : +33 (0)3 27 47 97 77 Ver en [&hellip;]<\/p>\n","protected":false},"author":1,"featured_media":0,"parent":0,"menu_order":0,"comment_status":"closed","ping_status":"closed","template":"","meta":{"footnotes":""},"class_list":["post-1548","page","type-page","status-publish","hentry"],"yoast_head":"<!-- This site is optimized with the Yoast SEO plugin v26.8 - https:\/\/yoast.com\/product\/yoast-seo-wordpress\/ -->\n<title>APLICACI\u00d3N - Refracol Dupont &amp; Cie<\/title>\n<meta name=\"robots\" content=\"index, follow, max-snippet:-1, max-image-preview:large, max-video-preview:-1\" \/>\n<link rel=\"canonical\" href=\"https:\/\/refracol.com\/es\/candidato\/\" \/>\n<meta property=\"og:locale\" content=\"es_ES\" \/>\n<meta property=\"og:type\" content=\"article\" \/>\n<meta property=\"og:title\" content=\"APLICACI\u00d3N - Refracol Dupont &amp; Cie\" \/>\n<meta property=\"og:description\" content=\"[vc_row][vc_column width=&#8221;2\/3&#8243;][vc_column_text]REFRACOL, fabricante de productos cer\u00e1micos innovadores desde 1946, desarrolla cada d\u00eda nuevos productos y est\u00e1 m\u00e1s atento que nunca a los nuevos talentos. [\/vc_column_text][\/vc_column][vc_column width=&#8221;1\/3&#8243;][vc_column_text]REFRACOL DUPONT et Cie 35 rue de la Gare 59770 MARLY France Tel. : +33 (0)3 27 46 37 76 Fax : +33 (0)3 27 47 97 77 Ver en [&hellip;]\" \/>\n<meta property=\"og:url\" content=\"https:\/\/refracol.com\/es\/candidato\/\" \/>\n<meta property=\"og:site_name\" content=\"Refracol Dupont &amp; Cie\" \/>\n<meta property=\"article:modified_time\" content=\"2021-08-30T15:37:44+00:00\" \/>\n<meta name=\"twitter:card\" content=\"summary_large_image\" \/>\n<script type=\"application\/ld+json\" class=\"yoast-schema-graph\">{\"@context\":\"https:\/\/schema.org\",\"@graph\":[{\"@type\":\"WebPage\",\"@id\":\"https:\/\/refracol.com\/es\/candidato\/\",\"url\":\"https:\/\/refracol.com\/es\/candidato\/\",\"name\":\"APLICACI\u00d3N - Refracol Dupont &amp; Cie\",\"isPartOf\":{\"@id\":\"https:\/\/refracol.com\/#website\"},\"datePublished\":\"2021-08-30T15:36:28+00:00\",\"dateModified\":\"2021-08-30T15:37:44+00:00\",\"breadcrumb\":{\"@id\":\"https:\/\/refracol.com\/es\/candidato\/#breadcrumb\"},\"inLanguage\":\"es-ES\",\"potentialAction\":[{\"@type\":\"ReadAction\",\"target\":[\"https:\/\/refracol.com\/es\/candidato\/\"]}]},{\"@type\":\"BreadcrumbList\",\"@id\":\"https:\/\/refracol.com\/es\/candidato\/#breadcrumb\",\"itemListElement\":[{\"@type\":\"ListItem\",\"position\":1,\"name\":\"Accueil\",\"item\":\"https:\/\/refracol.com\/es\/\"},{\"@type\":\"ListItem\",\"position\":2,\"name\":\"APLICACI\u00d3N\"}]},{\"@type\":\"WebSite\",\"@id\":\"https:\/\/refracol.com\/#website\",\"url\":\"https:\/\/refracol.com\/\",\"name\":\"Refracol Dupont &amp; Cie\",\"description\":\"Des r\u00e9fractaires de hautes performances\",\"potentialAction\":[{\"@type\":\"SearchAction\",\"target\":{\"@type\":\"EntryPoint\",\"urlTemplate\":\"https:\/\/refracol.com\/?s={search_term_string}\"},\"query-input\":{\"@type\":\"PropertyValueSpecification\",\"valueRequired\":true,\"valueName\":\"search_term_string\"}}],\"inLanguage\":\"es-ES\"}]}<\/script>\n<!-- \/ Yoast SEO plugin. -->","yoast_head_json":{"title":"APLICACI\u00d3N - Refracol Dupont &amp; Cie","robots":{"index":"index","follow":"follow","max-snippet":"max-snippet:-1","max-image-preview":"max-image-preview:large","max-video-preview":"max-video-preview:-1"},"canonical":"https:\/\/refracol.com\/es\/candidato\/","og_locale":"es_ES","og_type":"article","og_title":"APLICACI\u00d3N - Refracol Dupont &amp; Cie","og_description":"[vc_row][vc_column width=&#8221;2\/3&#8243;][vc_column_text]REFRACOL, fabricante de productos cer\u00e1micos innovadores desde 1946, desarrolla cada d\u00eda nuevos productos y est\u00e1 m\u00e1s atento que nunca a los nuevos talentos. [\/vc_column_text][\/vc_column][vc_column width=&#8221;1\/3&#8243;][vc_column_text]REFRACOL DUPONT et Cie 35 rue de la Gare 59770 MARLY France Tel. : +33 (0)3 27 46 37 76 Fax : +33 (0)3 27 47 97 77 Ver en [&hellip;]","og_url":"https:\/\/refracol.com\/es\/candidato\/","og_site_name":"Refracol Dupont &amp; Cie","article_modified_time":"2021-08-30T15:37:44+00:00","twitter_card":"summary_large_image","schema":{"@context":"https:\/\/schema.org","@graph":[{"@type":"WebPage","@id":"https:\/\/refracol.com\/es\/candidato\/","url":"https:\/\/refracol.com\/es\/candidato\/","name":"APLICACI\u00d3N - Refracol Dupont &amp; Cie","isPartOf":{"@id":"https:\/\/refracol.com\/#website"},"datePublished":"2021-08-30T15:36:28+00:00","dateModified":"2021-08-30T15:37:44+00:00","breadcrumb":{"@id":"https:\/\/refracol.com\/es\/candidato\/#breadcrumb"},"inLanguage":"es-ES","potentialAction":[{"@type":"ReadAction","target":["https:\/\/refracol.com\/es\/candidato\/"]}]},{"@type":"BreadcrumbList","@id":"https:\/\/refracol.com\/es\/candidato\/#breadcrumb","itemListElement":[{"@type":"ListItem","position":1,"name":"Accueil","item":"https:\/\/refracol.com\/es\/"},{"@type":"ListItem","position":2,"name":"APLICACI\u00d3N"}]},{"@type":"WebSite","@id":"https:\/\/refracol.com\/#website","url":"https:\/\/refracol.com\/","name":"Refracol Dupont &amp; Cie","description":"Des r\u00e9fractaires de hautes performances","potentialAction":[{"@type":"SearchAction","target":{"@type":"EntryPoint","urlTemplate":"https:\/\/refracol.com\/?s={search_term_string}"},"query-input":{"@type":"PropertyValueSpecification","valueRequired":true,"valueName":"search_term_string"}}],"inLanguage":"es-ES"}]}},"_links":{"self":[{"href":"https:\/\/refracol.com\/es\/wp-json\/wp\/v2\/pages\/1548","targetHints":{"allow":["GET"]}}],"collection":[{"href":"https:\/\/refracol.com\/es\/wp-json\/wp\/v2\/pages"}],"about":[{"href":"https:\/\/refracol.com\/es\/wp-json\/wp\/v2\/types\/page"}],"author":[{"embeddable":true,"href":"https:\/\/refracol.com\/es\/wp-json\/wp\/v2\/users\/1"}],"replies":[{"embeddable":true,"href":"https:\/\/refracol.com\/es\/wp-json\/wp\/v2\/comments?post=1548"}],"version-history":[{"count":2,"href":"https:\/\/refracol.com\/es\/wp-json\/wp\/v2\/pages\/1548\/revisions"}],"predecessor-version":[{"id":1552,"href":"https:\/\/refracol.com\/es\/wp-json\/wp\/v2\/pages\/1548\/revisions\/1552"}],"wp:attachment":[{"href":"https:\/\/refracol.com\/es\/wp-json\/wp\/v2\/media?parent=1548"}],"curies":[{"name":"wp","href":"https:\/\/api.w.org\/{rel}","templated":true}]}}